{"id":56664,"date":"2022-09-28T12:06:29","date_gmt":"2022-09-28T10:06:29","guid":{"rendered":"http:\/\/www.libraria-occitana.org\/product\/farem-tot-petar-musique-traditionnelle-de-la-creuse-et-du-limousin\/"},"modified":"2026-04-29T05:12:04","modified_gmt":"2026-04-29T03:12:04","slug":"farem-tot-petar-musique-traditionnelle-de-la-creuse-et-du-limousin","status":"publish","type":"product","link":"https:\/\/www.libraria-occitana.org\/en\/product\/farem-tot-petar-musique-traditionnelle-de-la-creuse-et-du-limousin\/","title":{"rendered":"Sauta Treuia !"},"content":{"rendered":"<p><strong>Jean-Jacques Le Creurer :<\/strong> Accord\u00e9on diatonique, violon, pieds<br \/>\n<strong>Louise Le Creurer :<\/strong> Violon, chant, pieds<br \/>\n<strong>Vincent Brusel :<\/strong> Mandoline, chant<\/p>\n<p><strong>Musique Traditionnelle de la Creuse et du Limousin<\/strong><br \/>\nTrois sp\u00e9cialistes des musiques traditionnelles ont collect\u00e9 aupr\u00e8s des anciens musiciens de village, un r\u00e9pertoire in\u00e9dit. Une musique vivante, bien actuelle et respectueuse de cet h\u00e9ritage patiemment red\u00e9couvert. Une musique \u00e0 l&#8217;image de ce pays !<br \/>\nLe chant, essentiellement en occitan, s&#8217;\u00e9panouit dans l&#8217;espace cr\u00e9\u00e9 par les violons, l&#8217;accord\u00e9on et la mandoline. Les arrangements font ressortir l&#8217;originalit\u00e9 des m\u00e9lodies, la richesse du style de jeu, et l&#8217;aspect intemporel de cette musique qui lui assure une \u00e9ternelle jeunesse.<\/p>\n<p><iframe loading=\"lazy\" title=\"YouTube video player\" src=\"https:\/\/www.youtube.com\/embed\/lgwWrv4vj5k\" width=\"560\" height=\"315\" frameborder=\"0\" allowfullscreen=\"allowfullscreen\"><\/iframe><\/p>\n<p><strong>Titres :<\/strong><br \/>\n1. Scottish du gardon \/ Scottish de L\u00e9on Petit<br \/>\n2. N&#8217;i a mas los faures<br \/>\n3. Branle \u00e0 six<br \/>\n4. La paucha malauda \/ Mazurka de Jabut<br \/>\n5. Sauta treuia \/ Las filhas d&#8217;a Botesac<br \/>\n6. Or ni argent<br \/>\n7. Lo borg\u00e9s e lo paisan \/ Tan pire<br \/>\n8. Polkas de Thomas<br \/>\n9. Valses de Barlet et Combeau<br \/>\n10. Scottish de L\u00e9on Peyrat<br \/>\n11. Berceuse du petit \u0152dipe<br \/>\n12. Giate de Chevalier<br \/>\n13. Los gar\u00e7ons qui van dins Paris<br \/>\n14. S&#8217;en iran pas tots \/ Carr\u00e9e de Br\u00e9chard<\/p>\n","protected":false},"excerpt":{"rendered":"<p>Jean-Jacques Le Creurer : Accord\u00e9on diatonique, violon, pieds Louise Le Creurer : Violon, chant, pieds Vincent Brusel : Mandoline, chant Musique Traditionnelle de la Creuse et du Limousin Trois sp\u00e9cialistes des musiques traditionnelles ont collect\u00e9 aupr\u00e8s des anciens musiciens de village, un r\u00e9pertoire in\u00e9dit. Une musique vivante, bien actuelle et respectueuse de cet h\u00e9ritage patiemment [&hellip;]<\/p>\n","protected":false},"featured_media":56662,"template":"","meta":{"_acf_changed":false,"_genesis_hide_title":false,"_genesis_hide_breadcrumbs":false,"_genesis_hide_singular_image":false,"_genesis_hide_footer_widgets":false,"_genesis_custom_body_class":"","_genesis_custom_post_class":"","_genesis_layout":""},"product_brand":[],"product_cat":[7228,7216],"product_tag":[],"class_list":{"0":"post-56664","1":"product","2":"type-product","3":"status-publish","4":"has-post-thumbnail","6":"product_cat-modern-folk-en","7":"product_cat-music-en","8":"pa_auteur-farem-tot-petar-en","9":"pa_editeur-farem-tot-petar-1-en","10":"pa_langue-francais-en","11":"pa_langue-occitan-en","12":"pa_langue-occitan-lemosin-en","13":"entry","15":"first","16":"instock","17":"shipping-taxable","18":"purchasable","19":"product-type-simple"},"acf":[],"_links":{"self":[{"href":"https:\/\/www.libraria-occitana.org\/en\/wp-json\/wp\/v2\/product\/56664","targetHints":{"allow":["GET"]}}],"collection":[{"href":"https:\/\/www.libraria-occitana.org\/en\/wp-json\/wp\/v2\/product"}],"about":[{"href":"https:\/\/www.libraria-occitana.org\/en\/wp-json\/wp\/v2\/types\/product"}],"wp:featuredmedia":[{"embeddable":true,"href":"https:\/\/www.libraria-occitana.org\/en\/wp-json\/wp\/v2\/media\/56662"}],"wp:attachment":[{"href":"https:\/\/www.libraria-occitana.org\/en\/wp-json\/wp\/v2\/media?parent=56664"}],"wp:term":[{"taxonomy":"product_brand","embeddable":true,"href":"https:\/\/www.libraria-occitana.org\/en\/wp-json\/wp\/v2\/product_brand?post=56664"},{"taxonomy":"product_cat","embeddable":true,"href":"https:\/\/www.libraria-occitana.org\/en\/wp-json\/wp\/v2\/product_cat?post=56664"},{"taxonomy":"product_tag","embeddable":true,"href":"https:\/\/www.libraria-occitana.org\/en\/wp-json\/wp\/v2\/product_tag?post=56664"}],"curies":[{"name":"wp","href":"https:\/\/api.w.org\/{rel}","templated":true}]}}