{"id":56728,"date":"2022-10-06T19:51:44","date_gmt":"2022-10-06T17:51:44","guid":{"rendered":"http:\/\/www.libraria-occitana.org\/product\/vieux-chants-quercynois-recueillis-et-notes-vers-1900-tomes-1-2\/"},"modified":"2026-04-29T06:51:14","modified_gmt":"2026-04-29T04:51:14","slug":"vieux-chants-quercynois-recueillis-et-notes-vers-1900-tomes-1-2","status":"publish","type":"product","link":"https:\/\/www.libraria-occitana.org\/en\/product\/vieux-chants-quercynois-recueillis-et-notes-vers-1900-tomes-1-2\/","title":{"rendered":"Vieux chants quercinois recueillis et not\u00e9s vers 1900 Tomes 1 &#038; 2"},"content":{"rendered":"<p>Cet ouvrage pr\u00e9sente le travail de l\u2019Abb\u00e9 Lacoste (1851-1924), d\u00e9pos\u00e9 sous forme de manuscrit \u00e0 la Biblioth\u00e8que de Cahors en 1915, et jamais \u00e9dit\u00e9 \u00e0 ce jour. Il contient environ 340 chants, en fran\u00e7ais comme en occitan, accompagn\u00e9s de leur partition, et constitue un document unique sur la chanson populaire en Quercy vers la fin du XIX\u00e8me si\u00e8cle.<br \/>\nL&#8217;\u00e9dition compl\u00e8te en quatre tomes reprend l\u2019int\u00e9gralit\u00e9 du travail de Lacoste, accompagn\u00e9 de photos originales et d\u2019illustrations vari\u00e9es.<\/p>\n<p>Lorsque en juin 1915, l&#8217;Abb\u00e9 Lacoste d\u00e9pose son manuscrit \u00e0 la biblioth\u00e8que de la ville de Cahors, il a conscience d&#8217;avoir constitu\u00e9 une somme originale des chansons que l&#8217;on pouvait entendre vers la fin du XIXe si\u00e8cle et le d\u00e9but du XX\u00e8me dans sa petite r\u00e9gion, la Basse vall\u00e9e du Lot pour l&#8217;essentiel.<br \/>\nSon travail est malheureusement rest\u00e9 \u00e0 l&#8217;\u00e9tat de manuscrit, oubli\u00e9 durant plus d&#8217;un demi-si\u00e8cle. Red\u00e9couvert au d\u00e9but des ann\u00e9es 80 par quelques passionn\u00e9s de musique populaire, il n&#8217;a depuis cess\u00e9 d&#8217;\u00eatre parcouru, exploit\u00e9, en particulier dans le domaine des musiques et chants \u00e0 danser. Mais il est bien plus large que cela, l&#8217;Abb\u00e9 Lacoste s&#8217;\u00e9tant attach\u00e9 \u00e0 recueillir toutes sortes de chants, dans tous les genres et tous les milieux : chants du monde rural, de la bourgeoisie urbaine, chants de l&#8217;enfance, chants d&#8217;\u00e9glise, airs de danse, etc. Il en a scrupuleusement not\u00e9 les paroles, les m\u00e9lodies, constituant ainsi un recueil unique, un v\u00e9ritable instantan\u00e9 des musiques populaires d&#8217;alors \u2013 plus de 340 ! \u2013 dont la lecture devrait satisfaire tous ceux qui s&#8217;int\u00e9ressent au patrimoine du Quercy.<\/p>\n<p>Les tomes 1 &amp; 2 propos\u00e9s ici contiennent respectivement 74 et 87 chants.<\/p>\n<p><strong>Sommaire<\/strong><br \/>\n<strong>Tome 1 :<\/strong><br \/>\n&#8211; Pr\u00e9sentation de l&#8217;ouvrage : Choses du Quercy, Vieux chants quercinois<br \/>\n&#8211; Sommaire \/ Chapitres<br \/>\n&#8211; Vieux chants quercinois : du manuscrit \u00e0 l&#8217;\u00e9dition<br \/>\n&#8211; Fran\u00e7ois-Maurice Lacoste, une courte biographie<br \/>\n&#8211; Petit guide pour aider \u00e0 lire et \u00e0 parler la langue d&#8217;Oc<br \/>\n&#8211; Avant-propos, par l&#8217;abb\u00e9 Lacoste<br \/>\n&#8211; Table analytique des mati\u00e8res<br \/>\n&#8211; Chapitre 1 : Chants de moissonneurs<br \/>\n&#8211; Chapitre 2 : Chants des laboureurs<br \/>\n&#8211; Chapitre 3 : Chants de bergers<br \/>\n&#8211; Chapitre 4 : Chants des matelots<br \/>\n&#8211; Chapitre 5 : Chants des meuniers<br \/>\n&#8211; Chapitre 6 : Chants des soldats<br \/>\n&#8211; Table alphab\u00e9tique des mati\u00e8res<\/p>\n<p><strong>Tome 2 :<\/strong><br \/>\n&#8211; Sommaire \/ Chapitres<br \/>\n&#8211; Pr\u00e9sentation de l&#8217;ouvrage : Choses du Quercy, Vieux chants quercinois<br \/>\n&#8211; Chapitres de l&#8217;ouvrage complet<br \/>\n&#8211; Petit guide pour aider \u00e0 lire et \u00e0 parler la langue d&#8217;Oc<br \/>\n&#8211; Fran\u00e7ois Lacoste, un folkloriste essentiel du Quercy, par Xavier Vidal<br \/>\n&#8211; Table analytique des mati\u00e8res<br \/>\n&#8211; Chapitre 7 : Amourettes<br \/>\n&#8211; Chapitre 8 : Mariage<br \/>\n&#8211; Chapitre 9 : Chansons de mai<br \/>\n&#8211; Chapitre 10 : Chansons de table<br \/>\n&#8211; Chapitre 11 : Complaintes<br \/>\n&#8211; Chapitre 12 : Passe-temps<br \/>\n&#8211; Table alphab\u00e9tique des mati\u00e8res<\/p>\n<p><a href=\"http:\/\/www.libraria-occitana.org\/produit\/vieux-chants-quercinois-recueillis-et-notes-vers-1900-tomes-3-4\/\"><em>Vieux chants quercinois recueillis et not\u00e9s vers 1900<\/em> Tomes 3 &amp; 4<\/a><\/p>\n","protected":false},"excerpt":{"rendered":"<p>Cet ouvrage pr\u00e9sente le travail de l\u2019Abb\u00e9 Lacoste (1851-1924), d\u00e9pos\u00e9 sous forme de manuscrit \u00e0 la Biblioth\u00e8que de Cahors en 1915, et jamais \u00e9dit\u00e9 \u00e0 ce jour. Il contient environ 340 chants, en fran\u00e7ais comme en occitan, accompagn\u00e9s de leur partition, et constitue un document unique sur la chanson populaire en Quercy vers la fin [&hellip;]<\/p>\n","protected":false},"featured_media":56726,"template":"","meta":{"_acf_changed":false,"_genesis_hide_title":false,"_genesis_hide_breadcrumbs":false,"_genesis_hide_singular_image":false,"_genesis_hide_footer_widgets":false,"_genesis_custom_body_class":"","_genesis_custom_post_class":"","_genesis_layout":""},"product_brand":[],"product_cat":[7132,7190,7192],"product_tag":[],"class_list":{"0":"post-56728","1":"product","2":"type-product","3":"status-publish","4":"has-post-thumbnail","6":"product_cat-books","7":"product_cat-music-dances-en","8":"product_cat-scores-lyrics-en","9":"pa_auteur-lacoste-francois-maurice-en","10":"pa_editeur-edicausse-en","11":"pa_langue-francais-en","12":"pa_langue-occitan-en","13":"pa_langue-occitan-lengadocian-en","14":"entry","16":"first","17":"instock","18":"shipping-taxable","19":"purchasable","20":"product-type-simple"},"acf":[],"_links":{"self":[{"href":"https:\/\/www.libraria-occitana.org\/en\/wp-json\/wp\/v2\/product\/56728","targetHints":{"allow":["GET"]}}],"collection":[{"href":"https:\/\/www.libraria-occitana.org\/en\/wp-json\/wp\/v2\/product"}],"about":[{"href":"https:\/\/www.libraria-occitana.org\/en\/wp-json\/wp\/v2\/types\/product"}],"wp:featuredmedia":[{"embeddable":true,"href":"https:\/\/www.libraria-occitana.org\/en\/wp-json\/wp\/v2\/media\/56726"}],"wp:attachment":[{"href":"https:\/\/www.libraria-occitana.org\/en\/wp-json\/wp\/v2\/media?parent=56728"}],"wp:term":[{"taxonomy":"product_brand","embeddable":true,"href":"https:\/\/www.libraria-occitana.org\/en\/wp-json\/wp\/v2\/product_brand?post=56728"},{"taxonomy":"product_cat","embeddable":true,"href":"https:\/\/www.libraria-occitana.org\/en\/wp-json\/wp\/v2\/product_cat?post=56728"},{"taxonomy":"product_tag","embeddable":true,"href":"https:\/\/www.libraria-occitana.org\/en\/wp-json\/wp\/v2\/product_tag?post=56728"}],"curies":[{"name":"wp","href":"https:\/\/api.w.org\/{rel}","templated":true}]}}