{"id":56773,"date":"2022-10-10T20:44:19","date_gmt":"2022-10-10T18:44:19","guid":{"rendered":"http:\/\/www.libraria-occitana.org\/product\/arrehar\/"},"modified":"2026-04-14T19:56:17","modified_gmt":"2026-04-14T17:56:17","slug":"arrehar","status":"publish","type":"product","link":"https:\/\/www.libraria-occitana.org\/en\/product\/arrehar\/","title":{"rendered":"Arrehar"},"content":{"rendered":"<p><strong>Romain Baudoin :<\/strong> Vielle-\u00e0-roue (Pimpard cousin, Jenzat, 1930), tambourins, harmonicas, grelots, cassettes, sifflements, chalumeau, objets sonores<\/p>\n<p>\u00ab Arrehar \u00bb = recommencer<\/p>\n<p>\u00ab Entre 1965 et 1966, deux ethnomusicologues fran\u00e7aises, Claudie Marcel Dubois et Marie Marguerite Pichonnet Andral, responsables de la phonoth\u00e8que et du laboratoire d&#8217;ethnomusicologie du Mus\u00e9e National des Arts et Traditions Populaires (aujourd&#8217;hui Mucem) ont effectu\u00e9 des campagnes de collecte dans les Landes de Gascogne afin de recueillir les pratiques sonores communautaires de cette r\u00e9gion.<br \/>\nApr\u00e8s deux ann\u00e9es de collecte, elles sont retourn\u00e9es \u00e0 Paris riches de 814 archives sonores, 694 photographies et 1202 notes manuscrites et dactylographi\u00e9es.<br \/>\nC\u2019est dans ce vaste fonds que je me suis immerg\u00e9.<br \/>\nCe sont ces sources que je vous pr\u00e9sente ici tr\u00e8s partiellement, non plus comme de simples objets d\u2019\u00e9tude, mais comme \u0153uvres d\u2019art \u00e0 part enti\u00e8re.<br \/>\nJ\u2019ai souhait\u00e9 ne pas les modifier.<br \/>\nJe les ai conserv\u00e9es telles que je les ai d\u00e9couvertes, bruissantes de rugosit\u00e9s, d\u2019imperfections, mais aussi int\u00e8gres et d\u2019une beaut\u00e9 que je qualifierais d\u2019intrins\u00e8que.<br \/>\nEn les accueillant au sein de mon propre mat\u00e9riau sonore, je les laisse s\u2019exprimer, je les accompagne, je dialogue avec elles et j\u2019essaie, \u00e0 ma mesure, de les incarner afin qu\u2019elles accueillent, \u00e0 leur tour, ma musique dans leur propre mat\u00e9riau sonore.<br \/>\nJ\u2019aime \u00e9couter et d\u00e9couvrir de nouvelles musiques, si possible d\u2019artistes engag\u00e9s, d\u2019explorateurs sonores, de d\u00e9fricheurs, de pionniers ou de t\u00eatus, de cr\u00e9ateurs qui me vrillent la t\u00eate, qui m\u2019impressionnent et qui distordent ma r\u00e9alit\u00e9.<br \/>\nLa musique exp\u00e9rimentale contemporaine regorge d\u2019artistes qui comblent ainsi ma curiosit\u00e9, mais \u201cparadoxalement\u201d j\u2019\u00e9coute aussi depuis bien longtemps des collectes anciennes dans lesquelles je retrouve ce go\u00fbt pour la mati\u00e8re premi\u00e8re, l\u2019\u00e9nergie brute et l\u2019engagement direct. [&#8230;] \u00bb (Romain Baudoin)<\/p>\n<p>Livret 8 pages sur papier offset.<\/p>\n<p><strong>Titres :<\/strong><br \/>\n1. Sus noste sorb\u00e8r 6&#8217;19<br \/>\n2. Ca\u00e7a-cans 3&#8217;09<br \/>\n3. Rond\u00e8u de Carr\u00e8re 3&#8217;11<br \/>\n4. Approchez pour entendre 3&#8217;31<br \/>\n5. Sibe sabe 3&#8217;25<br \/>\n6. Mivielle 3&#8217;58<br \/>\n7. A Bord\u00e8u i arribat 5&#8217;08<br \/>\n8. Vriulons vs sonsaina 4&#8217;02<br \/>\n9. Escotisha deu Pessic\u00f2t 3&#8217;33<br \/>\n10. Lo vailet e la serventa 3&#8217;07<br \/>\n11. Can\u00e7ons de hemnas 6&#8217;18<\/p>\n","protected":false},"excerpt":{"rendered":"<p>Romain Baudoin : Vielle-\u00e0-roue (Pimpard cousin, Jenzat, 1930), tambourins, harmonicas, grelots, cassettes, sifflements, chalumeau, objets sonores \u00ab Arrehar \u00bb = recommencer \u00ab Entre 1965 et 1966, deux ethnomusicologues fran\u00e7aises, Claudie Marcel Dubois et Marie Marguerite Pichonnet Andral, responsables de la phonoth\u00e8que et du laboratoire d&#8217;ethnomusicologie du Mus\u00e9e National des Arts et Traditions Populaires (aujourd&#8217;hui Mucem) [&hellip;]<\/p>\n","protected":false},"featured_media":56771,"template":"","meta":{"_acf_changed":false,"_genesis_hide_title":false,"_genesis_hide_breadcrumbs":false,"_genesis_hide_singular_image":false,"_genesis_hide_footer_widgets":false,"_genesis_custom_body_class":"","_genesis_custom_post_class":"","_genesis_layout":""},"product_brand":[],"product_cat":[7228,7216],"product_tag":[],"class_list":{"0":"post-56773","1":"product","2":"type-product","3":"status-publish","4":"has-post-thumbnail","6":"product_cat-modern-folk-en","7":"product_cat-music-en","8":"pa_auteur-baudoin-romain-en","9":"pa_editeur-pagans-en","10":"pa_langue-occitan-en","11":"pa_langue-occitan-gascon-en","12":"entry","14":"first","15":"instock","16":"shipping-taxable","17":"purchasable","18":"product-type-simple"},"acf":[],"_links":{"self":[{"href":"https:\/\/www.libraria-occitana.org\/en\/wp-json\/wp\/v2\/product\/56773","targetHints":{"allow":["GET"]}}],"collection":[{"href":"https:\/\/www.libraria-occitana.org\/en\/wp-json\/wp\/v2\/product"}],"about":[{"href":"https:\/\/www.libraria-occitana.org\/en\/wp-json\/wp\/v2\/types\/product"}],"wp:featuredmedia":[{"embeddable":true,"href":"https:\/\/www.libraria-occitana.org\/en\/wp-json\/wp\/v2\/media\/56771"}],"wp:attachment":[{"href":"https:\/\/www.libraria-occitana.org\/en\/wp-json\/wp\/v2\/media?parent=56773"}],"wp:term":[{"taxonomy":"product_brand","embeddable":true,"href":"https:\/\/www.libraria-occitana.org\/en\/wp-json\/wp\/v2\/product_brand?post=56773"},{"taxonomy":"product_cat","embeddable":true,"href":"https:\/\/www.libraria-occitana.org\/en\/wp-json\/wp\/v2\/product_cat?post=56773"},{"taxonomy":"product_tag","embeddable":true,"href":"https:\/\/www.libraria-occitana.org\/en\/wp-json\/wp\/v2\/product_tag?post=56773"}],"curies":[{"name":"wp","href":"https:\/\/api.w.org\/{rel}","templated":true}]}}