{"id":56805,"date":"2022-10-14T18:49:09","date_gmt":"2022-10-14T16:49:09","guid":{"rendered":"http:\/\/www.libraria-occitana.org\/product\/ce-que-maitre-verrier-veut-dire-francis-chigot-1879-1960\/"},"modified":"2026-04-29T10:24:47","modified_gmt":"2026-04-29T08:24:47","slug":"ce-que-maitre-verrier-veut-dire-francis-chigot-1879-1960","status":"publish","type":"product","link":"https:\/\/www.libraria-occitana.org\/en\/product\/ce-que-maitre-verrier-veut-dire-francis-chigot-1879-1960\/","title":{"rendered":"Ce que ma\u00eetre-verrier veut dire : Francis Chigot (1879-1960)"},"content":{"rendered":"<p>Que sait-on de Francis Chigot, ma\u00eetre-verrier limousin form\u00e9 dans l&#8217;Art nouveau et qui exer\u00e7a son m\u00e9tier jusqu&#8217;en 1960, hormis qu&#8217;il f\u00fbt le cr\u00e9ateur des vitraux de la gare de Limoges ? On disposait \u2013 chance tr\u00e8s rare \u2013 des importantes archives de son atelier : environ 40 000 doubles de lettres envoy\u00e9es sur un demi-si\u00e8cle et des centaines de maquettes. Trois ann\u00e9es de travail ont \u00e9t\u00e9 n\u00e9cessaires \u00e0 Fran\u00e7ois Landries et Martine Tandeau de Marsac pour faire sortir de l&#8217;ombre le chef d&#8217;entreprise et sa production, plong\u00e9s au c\u0153ur des d\u00e9bats qui ont marqu\u00e9 l&#8217;histoire de l&#8217;Art sacr\u00e9 du XXe si\u00e8cle.<\/p>\n<p>Qu&#8217;on ne s&#8217;y trompe pas : ce myope ne jure que par la lumi\u00e8re, ce provincial ancr\u00e9 \u00e0 <strong>Limoges<\/strong> conna\u00eet <strong>Paris<\/strong> comme sa poche, en exposant r\u00e9gulier des Salons de la capitale.<\/p>\n<p>Fort de ses <strong>Grands Prix aux expositions universelles<\/strong>, maquettes de peintres sous le bras, Chigot n&#8217;arr\u00eate pas, sautant d&#8217;un train \u00e0 l&#8217;autre, courant de <strong>Lille<\/strong> \u00e0 <strong>Nice<\/strong>, de <strong>Biarritz<\/strong> au <strong>Jura<\/strong>, de <strong>Montr\u00e9al<\/strong> aux bocages de la <strong>Creuse<\/strong>, des salles \u00e0 manger bourgeoises aux grands h\u00f4tels de <strong>Vichy<\/strong>, des \u00e9glises de campagnes aux plus vastes cath\u00e9drales&#8230;<\/p>\n<p><strong>Six voyages au Canada et quatre aux \u00c9tats-Unis feront entrer Francis Chigot dans le petit bataillon des verriers fran\u00e7ais exportateurs de leur art.<\/strong><\/p>\n","protected":false},"excerpt":{"rendered":"<p>Que sait-on de Francis Chigot, ma\u00eetre-verrier limousin form\u00e9 dans l&#8217;Art nouveau et qui exer\u00e7a son m\u00e9tier jusqu&#8217;en 1960, hormis qu&#8217;il f\u00fbt le cr\u00e9ateur des vitraux de la gare de Limoges ? On disposait \u2013 chance tr\u00e8s rare \u2013 des importantes archives de son atelier : environ 40 000 doubles de lettres envoy\u00e9es sur un demi-si\u00e8cle [&hellip;]<\/p>\n","protected":false},"featured_media":56803,"template":"","meta":{"_acf_changed":false,"_genesis_hide_title":false,"_genesis_hide_breadcrumbs":false,"_genesis_hide_singular_image":false,"_genesis_hide_footer_widgets":false,"_genesis_custom_body_class":"","_genesis_custom_post_class":"","_genesis_layout":""},"product_brand":[],"product_cat":[7132,7212,7206],"product_tag":[],"class_list":{"0":"post-56805","1":"product","2":"type-product","3":"status-publish","4":"has-post-thumbnail","6":"product_cat-books","7":"product_cat-traditional-skills-savoirs-faire-en","8":"product_cat-traditions-heritage-en","9":"pa_auteur-landries-francois-en","10":"pa_auteur-tandeau-de-marsac-martine-en","11":"pa_editeur-editions-mon-limousin-en","12":"pa_langue-francais-en","13":"entry","15":"first","16":"instock","17":"shipping-taxable","18":"purchasable","19":"product-type-simple"},"acf":[],"_links":{"self":[{"href":"https:\/\/www.libraria-occitana.org\/en\/wp-json\/wp\/v2\/product\/56805","targetHints":{"allow":["GET"]}}],"collection":[{"href":"https:\/\/www.libraria-occitana.org\/en\/wp-json\/wp\/v2\/product"}],"about":[{"href":"https:\/\/www.libraria-occitana.org\/en\/wp-json\/wp\/v2\/types\/product"}],"wp:featuredmedia":[{"embeddable":true,"href":"https:\/\/www.libraria-occitana.org\/en\/wp-json\/wp\/v2\/media\/56803"}],"wp:attachment":[{"href":"https:\/\/www.libraria-occitana.org\/en\/wp-json\/wp\/v2\/media?parent=56805"}],"wp:term":[{"taxonomy":"product_brand","embeddable":true,"href":"https:\/\/www.libraria-occitana.org\/en\/wp-json\/wp\/v2\/product_brand?post=56805"},{"taxonomy":"product_cat","embeddable":true,"href":"https:\/\/www.libraria-occitana.org\/en\/wp-json\/wp\/v2\/product_cat?post=56805"},{"taxonomy":"product_tag","embeddable":true,"href":"https:\/\/www.libraria-occitana.org\/en\/wp-json\/wp\/v2\/product_tag?post=56805"}],"curies":[{"name":"wp","href":"https:\/\/api.w.org\/{rel}","templated":true}]}}