{"id":56845,"date":"2019-06-24T12:50:54","date_gmt":"2019-06-24T10:50:54","guid":{"rendered":"http:\/\/www.libraria-occitana.org\/product\/la-parcelle-32\/"},"modified":"2026-04-29T10:16:16","modified_gmt":"2026-04-29T08:16:16","slug":"la-parcelle-32","status":"publish","type":"product","link":"https:\/\/www.libraria-occitana.org\/en\/product\/la-parcelle-32\/","title":{"rendered":"La parcelle 32"},"content":{"rendered":"<p>L&#8217;intrigue se situe dans le monde paysan, fier, \u00e2pre et taciturne. Passionn\u00e9 par la possession de la terre, Mazureau exige de sa fille un mariage qui devrait lui permettre d&#8217;acqu\u00e9rir \u00ab la parcelle 32 \u00bb et ainsi de reconstituer le patrimoine familial. Son petit-fils, Bernard, un gar\u00e7on, plein d&#8217;arrogance et de m\u00e9chan\u00adcet\u00e9, suit les traces de son grand-p\u00e8re, ce qui comble de bonheur ce dernier&#8230;<\/p>\n","protected":false},"excerpt":{"rendered":"<p>L&#8217;intrigue se situe dans le monde paysan, fier, \u00e2pre et taciturne. Passionn\u00e9 par la possession de la terre, Mazureau exige de sa fille un mariage qui devrait lui permettre d&#8217;acqu\u00e9rir \u00ab la parcelle 32 \u00bb et ainsi de reconstituer le patrimoine familial. Son petit-fils, Bernard, un gar\u00e7on, plein d&#8217;arrogance et de m\u00e9chan\u00adcet\u00e9, suit les traces [&hellip;]<\/p>\n","protected":false},"featured_media":56843,"template":"","meta":{"_acf_changed":false,"_genesis_hide_title":false,"_genesis_hide_breadcrumbs":false,"_genesis_hide_singular_image":false,"_genesis_hide_footer_widgets":false,"_genesis_custom_body_class":"","_genesis_custom_post_class":"","_genesis_layout":""},"product_brand":[],"product_cat":[7132,7174,7182],"product_tag":[],"class_list":{"0":"post-56845","1":"product","2":"type-product","3":"status-publish","4":"has-post-thumbnail","6":"product_cat-books","7":"product_cat-literature-en","8":"product_cat-novels-short-stories-en","9":"pa_auteur-perochon-ernest-en","10":"pa_editeur-geste-en","11":"pa_langue-francais-en","12":"entry","14":"first","15":"instock","16":"shipping-taxable","17":"purchasable","18":"product-type-simple"},"acf":[],"_links":{"self":[{"href":"https:\/\/www.libraria-occitana.org\/en\/wp-json\/wp\/v2\/product\/56845","targetHints":{"allow":["GET"]}}],"collection":[{"href":"https:\/\/www.libraria-occitana.org\/en\/wp-json\/wp\/v2\/product"}],"about":[{"href":"https:\/\/www.libraria-occitana.org\/en\/wp-json\/wp\/v2\/types\/product"}],"wp:featuredmedia":[{"embeddable":true,"href":"https:\/\/www.libraria-occitana.org\/en\/wp-json\/wp\/v2\/media\/56843"}],"wp:attachment":[{"href":"https:\/\/www.libraria-occitana.org\/en\/wp-json\/wp\/v2\/media?parent=56845"}],"wp:term":[{"taxonomy":"product_brand","embeddable":true,"href":"https:\/\/www.libraria-occitana.org\/en\/wp-json\/wp\/v2\/product_brand?post=56845"},{"taxonomy":"product_cat","embeddable":true,"href":"https:\/\/www.libraria-occitana.org\/en\/wp-json\/wp\/v2\/product_cat?post=56845"},{"taxonomy":"product_tag","embeddable":true,"href":"https:\/\/www.libraria-occitana.org\/en\/wp-json\/wp\/v2\/product_tag?post=56845"}],"curies":[{"name":"wp","href":"https:\/\/api.w.org\/{rel}","templated":true}]}}