{"id":56851,"date":"2021-12-24T13:21:55","date_gmt":"2021-12-24T12:21:55","guid":{"rendered":"http:\/\/www.libraria-occitana.org\/product\/calabrun-poemas-poemes-bilingues-occitan-francais\/"},"modified":"2026-04-29T07:16:45","modified_gmt":"2026-04-29T05:16:45","slug":"calabrun-poemas-poemes-bilingues-occitan-francais","status":"publish","type":"product","link":"https:\/\/www.libraria-occitana.org\/en\/product\/calabrun-poemas-poemes-bilingues-occitan-francais\/","title":{"rendered":"Calabrun : Po\u00e8mas &#8211; Po\u00e8mes bilingues occitan-fran\u00e7ais"},"content":{"rendered":"<blockquote>\n<p><strong>Las sasons de la vinha<\/strong><\/p>\n<p>Una nu\u00e8it de luna plena<br \/>\nAs ausit cantar la calha<br \/>\nQuand florissi\u00e1 la vinha.<\/p>\n<p>Coma l&#8217;estiu es do\u00e7 !<br \/>\nSul blanc costal cair\u00f3s<br \/>\nLo solelh es ton amor\u00f3s.<\/p>\n<p>Dins la bruma del matin<br \/>\nTa boca a gost a rasim<br \/>\nDe la tina raja lo vin.<\/p>\n<p>Al f\u00f2c una soca crama<br \/>\nUn veire de vin de ta vinha<br \/>\nD&#8217;amor ser\u00e0 la flama.<\/p>\n<p><strong>Les saisons de la vigne<\/strong><\/p>\n<p>Une nuit de pleine lune<br \/>\nTu as entendu chanter la caille<br \/>\nQuand fleurissait la vigne.<\/p>\n<p>Comme l&#8217;\u00e9t\u00e9 est doux<br \/>\nSur les blancs coteaux pierreux<br \/>\nLe soleil est ton amoureux.<\/p>\n<p>Dans la brume du matin<br \/>\nTa bouche a le go\u00fbt du raisin<br \/>\nDu tonneau coule le vin.<\/p>\n<p>Au feu une souche br\u00fble<br \/>\nUn verre de vin de ta vigne<br \/>\nD&#8217;amour sera la flamme.<\/p>\n<\/blockquote>\n<p>Je suis n\u00e9e dans une ferme juch\u00e9e sur la cr\u00eate d&#8217;un rocher, dans le pays de serres, o\u00f9 l&#8217;occitan, que l&#8217;on disait patois, \u00e9tait la langue quotidienne de la famille mais aussi du milieu social.<br \/>\nCette langue a forg\u00e9 ma fa\u00e7on de penser, de voir le monde qui m&#8217;entoure.<br \/>\nAu cr\u00e9puscule de ma vie, de mes racines, me viennent les mots pour exprimer le sombre et la lumi\u00e8re, la peine et la m\u00e9lancolie, l&#8217;amour et l&#8217;amiti\u00e9 et aussi l&#8217;esp\u00e9rance de voir se lever l&#8217;aube de quelques matins.<br \/>\nDes sculptures, que mon mari Maurice r\u00e9alise \u00e0 partir de vieux outils, accompagnent mes po\u00e8mes.<\/p>\n","protected":false},"excerpt":{"rendered":"<p>Las sasons de la vinha Una nu\u00e8it de luna plena As ausit cantar la calha Quand florissi\u00e1 la vinha. Coma l&#8217;estiu es do\u00e7 ! Sul blanc costal cair\u00f3s Lo solelh es ton amor\u00f3s. Dins la bruma del matin Ta boca a gost a rasim De la tina raja lo vin. Al f\u00f2c una soca crama [&hellip;]<\/p>\n","protected":false},"featured_media":56849,"template":"","meta":{"_acf_changed":false,"_genesis_hide_title":false,"_genesis_hide_breadcrumbs":false,"_genesis_hide_singular_image":false,"_genesis_hide_footer_widgets":false,"_genesis_custom_body_class":"","_genesis_custom_post_class":"","_genesis_layout":""},"product_brand":[],"product_cat":[7132,7174,7180],"product_tag":[],"class_list":{"0":"post-56851","1":"product","2":"type-product","3":"status-publish","4":"has-post-thumbnail","6":"product_cat-books","7":"product_cat-literature-en","8":"product_cat-poetry-en","9":"pa_auteur-vergely-rey-rolande-en","10":"pa_editeur-rolande-vergely-rey-en","11":"pa_langue-occitan-lengadocian-en","12":"pa_langue-occitan-francais-en","13":"entry","15":"first","16":"instock","17":"shipping-taxable","18":"purchasable","19":"product-type-simple"},"acf":[],"_links":{"self":[{"href":"https:\/\/www.libraria-occitana.org\/en\/wp-json\/wp\/v2\/product\/56851","targetHints":{"allow":["GET"]}}],"collection":[{"href":"https:\/\/www.libraria-occitana.org\/en\/wp-json\/wp\/v2\/product"}],"about":[{"href":"https:\/\/www.libraria-occitana.org\/en\/wp-json\/wp\/v2\/types\/product"}],"wp:featuredmedia":[{"embeddable":true,"href":"https:\/\/www.libraria-occitana.org\/en\/wp-json\/wp\/v2\/media\/56849"}],"wp:attachment":[{"href":"https:\/\/www.libraria-occitana.org\/en\/wp-json\/wp\/v2\/media?parent=56851"}],"wp:term":[{"taxonomy":"product_brand","embeddable":true,"href":"https:\/\/www.libraria-occitana.org\/en\/wp-json\/wp\/v2\/product_brand?post=56851"},{"taxonomy":"product_cat","embeddable":true,"href":"https:\/\/www.libraria-occitana.org\/en\/wp-json\/wp\/v2\/product_cat?post=56851"},{"taxonomy":"product_tag","embeddable":true,"href":"https:\/\/www.libraria-occitana.org\/en\/wp-json\/wp\/v2\/product_tag?post=56851"}],"curies":[{"name":"wp","href":"https:\/\/api.w.org\/{rel}","templated":true}]}}