{"id":56873,"date":"2022-10-24T17:09:01","date_gmt":"2022-10-24T15:09:01","guid":{"rendered":"http:\/\/www.libraria-occitana.org\/product\/camin-blu-chemin-bleu\/"},"modified":"2026-04-21T01:31:07","modified_gmt":"2026-04-20T23:31:07","slug":"camin-blu-chemin-bleu","status":"publish","type":"product","link":"https:\/\/www.libraria-occitana.org\/en\/product\/camin-blu-chemin-bleu\/","title":{"rendered":"Camin blu &#8211; Chemin bleu"},"content":{"rendered":"<p>Recueil de po\u00e8mes en \u00e9dition limit\u00e9e, num\u00e9rot\u00e9e et sign\u00e9e. Les po\u00e8mes bilingues occitan (proven\u00e7al) &#8211; fran\u00e7ais sont accompagn\u00e9s de photographies de Florent Gardin. Occitan en graphie mistralienne.<\/p>\n<p>\u00ab Depuis toujours, la Camargue a inspir\u00e9 les \u00e2mes les plus sensibles. \u00c0 travers la litt\u00e9rature, la po\u00e9sie, la peinture, le chant, ces voix, qu\u2019elles soient apais\u00e9es ou tortur\u00e9es, ont laiss\u00e9 les plus belles \u0153uvres de notre terroir. D\u2019Arbaud, Baroncelli, Hermann Paul, Jo\u00eb Hamman et d\u2019autres apr\u00e8s eux, ont immortalis\u00e9 ce bout du monde de tout leur talent. En v\u00e9ritable po\u00e8te des temps modernes, Ga\u00ebl Hemery n\u2019\u00e9chappe pas \u00e0 la r\u00e8gle. Habit\u00e9 par la nature qui l\u2019a vu na\u00eetre et qui l\u2019entoure au quotidien, il a suivi les traces de la B\u00eate du Vaccar\u00e8s jusqu\u2019aux fins fonds de la basse Camargue qu\u2019il a sillonn\u00e9e dans ses moindres recoins. Enfant de Salin, \u00e0 travers les sansouires et les vastes \u00e9tendues sal\u00e9es, il s\u2019est \u00e9mu de la beaut\u00e9 environnante, fascin\u00e9 par des paysages sans cesse en mouvance par l\u2019action du soleil, du sel et du vent, l\u2019\u00e9motion toujours \u00e0 fleur de peau. Tant\u00f4t oiseau, tant\u00f4t grain de sable, tant\u00f4t fleuve, tant\u00f4t souffle marin, le regard aff\u00fbt\u00e9 de la b\u00eate sauvage qui ne doit son salut qu\u2019au recoin, cach\u00e9, d\u2019une lande de terre, Ga\u00ebl Hemery traduit des sentiments dont on ne sait plus, finalement, s\u2019ils sont humains\u2026<\/p>\n<p>Sa po\u00e9sie, d\u2019une rare finesse, est empreinte d\u2019une m\u00e9lancolie profonde, avec un regard lucide sur la condition humaine, le temps qui passe, la solitude et la mort. Instinctif, il passe sans cesse, au gr\u00e9 de ses 19 po\u00e8mes, de l\u2019ombre \u00e0 la lumi\u00e8re, des rires aux pleurs, des vivants aux morts, du doute \u00e0 l\u2019exaltation, mais toujours l\u2019espoir rejaillit. Celui de l\u2019amour et de la beaut\u00e9 de la nature. L\u2019\u00e9merveillement, devant une nature toujours plus forte, reprend sans cesse le dessus. Et la source d\u2019inspiration ne tarit jamais. Pour notre plus grand bonheur. \u00bb<\/p>\n<p style=\"text-align: right;\">Pr\u00e9face d&#8217;Annelyse Chevalier<\/p>\n","protected":false},"excerpt":{"rendered":"<p>Recueil de po\u00e8mes en \u00e9dition limit\u00e9e, num\u00e9rot\u00e9e et sign\u00e9e. Les po\u00e8mes bilingues occitan (proven\u00e7al) &#8211; fran\u00e7ais sont accompagn\u00e9s de photographies de Florent Gardin. Occitan en graphie mistralienne. \u00ab Depuis toujours, la Camargue a inspir\u00e9 les \u00e2mes les plus sensibles. \u00c0 travers la litt\u00e9rature, la po\u00e9sie, la peinture, le chant, ces voix, qu\u2019elles soient apais\u00e9es ou [&hellip;]<\/p>\n","protected":false},"featured_media":56871,"template":"","meta":{"_acf_changed":false,"_genesis_hide_title":false,"_genesis_hide_breadcrumbs":false,"_genesis_hide_singular_image":false,"_genesis_hide_footer_widgets":false,"_genesis_custom_body_class":"","_genesis_custom_post_class":"","_genesis_layout":""},"product_brand":[],"product_cat":[7132,7174,7180],"product_tag":[],"class_list":{"0":"post-56873","1":"product","2":"type-product","3":"status-publish","4":"has-post-thumbnail","6":"product_cat-books","7":"product_cat-literature-en","8":"product_cat-poetry-en","9":"pa_auteur-hemery-gael-en","10":"pa_editeur-lauceu-libre-en","11":"pa_illustrateur-gardin-florent-en","12":"pa_langue-occitan-provencau-en","13":"pa_langue-occitan-francais-en","14":"entry","16":"first","17":"instock","18":"shipping-taxable","19":"purchasable","20":"product-type-simple"},"acf":[],"_links":{"self":[{"href":"https:\/\/www.libraria-occitana.org\/en\/wp-json\/wp\/v2\/product\/56873","targetHints":{"allow":["GET"]}}],"collection":[{"href":"https:\/\/www.libraria-occitana.org\/en\/wp-json\/wp\/v2\/product"}],"about":[{"href":"https:\/\/www.libraria-occitana.org\/en\/wp-json\/wp\/v2\/types\/product"}],"wp:featuredmedia":[{"embeddable":true,"href":"https:\/\/www.libraria-occitana.org\/en\/wp-json\/wp\/v2\/media\/56871"}],"wp:attachment":[{"href":"https:\/\/www.libraria-occitana.org\/en\/wp-json\/wp\/v2\/media?parent=56873"}],"wp:term":[{"taxonomy":"product_brand","embeddable":true,"href":"https:\/\/www.libraria-occitana.org\/en\/wp-json\/wp\/v2\/product_brand?post=56873"},{"taxonomy":"product_cat","embeddable":true,"href":"https:\/\/www.libraria-occitana.org\/en\/wp-json\/wp\/v2\/product_cat?post=56873"},{"taxonomy":"product_tag","embeddable":true,"href":"https:\/\/www.libraria-occitana.org\/en\/wp-json\/wp\/v2\/product_tag?post=56873"}],"curies":[{"name":"wp","href":"https:\/\/api.w.org\/{rel}","templated":true}]}}