{"id":56888,"date":"2004-10-04T17:44:45","date_gmt":"2004-10-04T15:44:45","guid":{"rendered":"http:\/\/www.libraria-occitana.org\/product\/lempire-des-plantagenet\/"},"modified":"2026-04-17T20:21:55","modified_gmt":"2026-04-17T18:21:55","slug":"lempire-des-plantagenet","status":"publish","type":"product","link":"https:\/\/www.libraria-occitana.org\/en\/product\/lempire-des-plantagenet\/","title":{"rendered":"L&#8217;Empire des Plantagen\u00eat"},"content":{"rendered":"<p>Le mariage d&#8217;Henri II d&#8217;Angleterre avec Ali\u00e9nor d&#8217;Aquitaine en 1152 marque la naissance de l&#8217;empire Plantagen\u00eat qui s&#8217;\u00e9tend de l&#8217;\u00c9cosse aux Pyr\u00e9n\u00e9es, de l&#8217;Irlande au Limousin. Mais cet assemblage de comt\u00e9s, marches et autres duch\u00e9s sera sans cesse en r\u00e9bellion, d&#8217;autant que, par serment, le Plantagen\u00eat est \u00e0 jamais le vassal du roi de France.<\/p>\n<p>La famille elle-m\u00eame offre le spectacle d&#8217;une trag\u00e9die de la haine : les fils \u2013 Richard C\u0153ur de Lion ou Jean sans Terre \u2013 sont pr\u00eats \u00e0 tuer le p\u00e8re pour sauver leur m\u00e8re Ali\u00e9nor r\u00e9pudi\u00e9e. Ce combat des Atrides inspirera \u00e0 Shakespeare ses plus belles pages. L&#8217;impopularit\u00e9 du meurtre de l&#8217;archev\u00eaque Thomas Becket, assassin\u00e9 \u00e0 Canterbury, jette d\u00e9finitivement l&#8217;opprobre sur la famille. En 1224, la veuve de Jean sans Terre livre \u00e0 Philippe Auguste le Poitou, sonnant le retrait de l&#8217;Anglais sur le sol continental : le dernier Plantagen\u00eat, Henri III, y conserve la Gascogne, autant dire une peau de chagrin. Ainsi dispara\u00eet un royaume.<\/p>\n","protected":false},"excerpt":{"rendered":"<p>Le mariage d&#8217;Henri II d&#8217;Angleterre avec Ali\u00e9nor d&#8217;Aquitaine en 1152 marque la naissance de l&#8217;empire Plantagen\u00eat qui s&#8217;\u00e9tend de l&#8217;\u00c9cosse aux Pyr\u00e9n\u00e9es, de l&#8217;Irlande au Limousin. Mais cet assemblage de comt\u00e9s, marches et autres duch\u00e9s sera sans cesse en r\u00e9bellion, d&#8217;autant que, par serment, le Plantagen\u00eat est \u00e0 jamais le vassal du roi de France. [&hellip;]<\/p>\n","protected":false},"featured_media":56388,"template":"","meta":{"_acf_changed":false,"_genesis_hide_title":false,"_genesis_hide_breadcrumbs":false,"_genesis_hide_singular_image":false,"_genesis_hide_footer_widgets":false,"_genesis_custom_body_class":"","_genesis_custom_post_class":"","_genesis_layout":""},"product_brand":[],"product_cat":[7132,7148,7160],"product_tag":[],"class_list":{"0":"post-56888","1":"product","2":"type-product","3":"status-publish","4":"has-post-thumbnail","6":"product_cat-books","7":"product_cat-history-geography-en","8":"product_cat-medieval-history-en","9":"pa_auteur-aurell-martin-en","10":"pa_editeur-perrin-en","11":"pa_langue-francais-en","12":"entry","14":"first","15":"outofstock","16":"shipping-taxable","17":"purchasable","18":"product-type-simple"},"acf":[],"_links":{"self":[{"href":"https:\/\/www.libraria-occitana.org\/en\/wp-json\/wp\/v2\/product\/56888","targetHints":{"allow":["GET"]}}],"collection":[{"href":"https:\/\/www.libraria-occitana.org\/en\/wp-json\/wp\/v2\/product"}],"about":[{"href":"https:\/\/www.libraria-occitana.org\/en\/wp-json\/wp\/v2\/types\/product"}],"wp:featuredmedia":[{"embeddable":true,"href":"https:\/\/www.libraria-occitana.org\/en\/wp-json\/wp\/v2\/media\/56388"}],"wp:attachment":[{"href":"https:\/\/www.libraria-occitana.org\/en\/wp-json\/wp\/v2\/media?parent=56888"}],"wp:term":[{"taxonomy":"product_brand","embeddable":true,"href":"https:\/\/www.libraria-occitana.org\/en\/wp-json\/wp\/v2\/product_brand?post=56888"},{"taxonomy":"product_cat","embeddable":true,"href":"https:\/\/www.libraria-occitana.org\/en\/wp-json\/wp\/v2\/product_cat?post=56888"},{"taxonomy":"product_tag","embeddable":true,"href":"https:\/\/www.libraria-occitana.org\/en\/wp-json\/wp\/v2\/product_tag?post=56888"}],"curies":[{"name":"wp","href":"https:\/\/api.w.org\/{rel}","templated":true}]}}