{"id":56891,"date":"2021-12-25T10:28:46","date_gmt":"2021-12-25T09:28:46","guid":{"rendered":"http:\/\/www.libraria-occitana.org\/?post_type=product&#038;p=56891"},"modified":"2026-04-02T20:41:35","modified_gmt":"2026-04-02T18:41:35","slug":"1984","status":"publish","type":"product","link":"https:\/\/www.libraria-occitana.org\/en\/product\/1984\/","title":{"rendered":"1984"},"content":{"rendered":"<p>Traduction en occitan gascon (Felip Biu) de l\u2019\u0153uvre originale anglaise de George Orwell, <em>Nineteen Eighty-Four<\/em>.<\/p>\n<p>En \u00e9crivant <em>1984<\/em>, roman d\u2019anticipation qui rencontra tr\u00e8s vite un grand succ\u00e8s, George Orwell imagine un pouvoir qui contr\u00f4le tous les actes de la vie quotidienne mais aussi toutes les pens\u00e9es des individus. C\u2019est r\u00e9ellement un r\u00e9gime totalitaire dans lequel aucune libert\u00e9 de pens\u00e9e ne doit \u00eatre possible ni m\u00eame imagin\u00e9e ou r\u00eav\u00e9e.<br \/>\nCependant, malgr\u00e9 la toute puissance de Big Brother, l\u2019amour entre Winston et Julie, deux \u00eatres \u00e9pris de libert\u00e9, va-t-il pouvoir \u00e9chapper \u00e0 la Police de la Pens\u00e9e ?<\/p>\n<p>Paru pour la premi\u00e8re fois en 1949, <em>1984<\/em> demeure un roman qui pose les questions toujours actuelles de la libert\u00e9 personnelle et des pouvoirs de la langue.<\/p>\n","protected":false},"excerpt":{"rendered":"<p>Traduction en occitan gascon (Felip Biu) de l\u2019\u0153uvre originale anglaise de George Orwell, Nineteen Eighty-Four. En \u00e9crivant 1984, roman d\u2019anticipation qui rencontra tr\u00e8s vite un grand succ\u00e8s, George Orwell imagine un pouvoir qui contr\u00f4le tous les actes de la vie quotidienne mais aussi toutes les pens\u00e9es des individus. C\u2019est r\u00e9ellement un r\u00e9gime totalitaire dans lequel [&hellip;]<\/p>\n","protected":false},"featured_media":56894,"template":"","meta":{"_acf_changed":false,"_genesis_hide_title":false,"_genesis_hide_breadcrumbs":false,"_genesis_hide_singular_image":false,"_genesis_hide_footer_widgets":false,"_genesis_custom_body_class":"","_genesis_custom_post_class":"","_genesis_layout":""},"product_brand":[],"product_cat":[7132,7174,7182],"product_tag":[],"class_list":{"0":"post-56891","1":"product","2":"type-product","3":"status-publish","4":"has-post-thumbnail","6":"product_cat-books","7":"product_cat-literature-en","8":"product_cat-novels-short-stories-en","9":"pa_auteur-orwell-georges-en","10":"pa_editeur-letras-doc-en","11":"pa_illustrateur-biu-felip-1-en","12":"pa_langue-occitan-en","13":"pa_langue-occitan-gascon-en","14":"entry","16":"first","17":"instock","18":"shipping-taxable","19":"purchasable","20":"product-type-simple"},"acf":[],"_links":{"self":[{"href":"https:\/\/www.libraria-occitana.org\/en\/wp-json\/wp\/v2\/product\/56891","targetHints":{"allow":["GET"]}}],"collection":[{"href":"https:\/\/www.libraria-occitana.org\/en\/wp-json\/wp\/v2\/product"}],"about":[{"href":"https:\/\/www.libraria-occitana.org\/en\/wp-json\/wp\/v2\/types\/product"}],"wp:featuredmedia":[{"embeddable":true,"href":"https:\/\/www.libraria-occitana.org\/en\/wp-json\/wp\/v2\/media\/56894"}],"wp:attachment":[{"href":"https:\/\/www.libraria-occitana.org\/en\/wp-json\/wp\/v2\/media?parent=56891"}],"wp:term":[{"taxonomy":"product_brand","embeddable":true,"href":"https:\/\/www.libraria-occitana.org\/en\/wp-json\/wp\/v2\/product_brand?post=56891"},{"taxonomy":"product_cat","embeddable":true,"href":"https:\/\/www.libraria-occitana.org\/en\/wp-json\/wp\/v2\/product_cat?post=56891"},{"taxonomy":"product_tag","embeddable":true,"href":"https:\/\/www.libraria-occitana.org\/en\/wp-json\/wp\/v2\/product_tag?post=56891"}],"curies":[{"name":"wp","href":"https:\/\/api.w.org\/{rel}","templated":true}]}}