{"id":56901,"date":"2021-12-25T10:59:41","date_gmt":"2021-12-25T09:59:41","guid":{"rendered":"http:\/\/www.libraria-occitana.org\/product\/mossur-de-la-cochonaille\/"},"modified":"2026-04-11T20:56:17","modified_gmt":"2026-04-11T18:56:17","slug":"mossur-de-la-cochonaille","status":"publish","type":"product","link":"https:\/\/www.libraria-occitana.org\/en\/product\/mossur-de-la-cochonaille\/","title":{"rendered":"Mossur de la Cochonaille"},"content":{"rendered":"<p>Pour le plus grand plaisir des lecteurs et des futurs spectateurs, Yves Rouquette a adapt\u00e9 <em>Monsieur de Pourceaugnac<\/em> de Moli\u00e8re.<\/p>\n<p>Dans une langue occitane savoureuse, il a renvers\u00e9 l\u2019ordre des langues de la pi\u00e8ce originale, tout en conservant tout le sel de cette farce joyeuse et d\u00e9brid\u00e9e.<\/p>\n<p>La critique des parvenus, la confrontation des langues et le jeu avec les sabirs, les femmes qui se moquent hardiment des m\u00e2les orgueilleux et ridicules, tout y est !<\/p>\n<p>Le manuscrit d\u2019Yves Roquette \u00e9tait rest\u00e9 in\u00e9dit \u00e0 ce jour.<\/p>\n","protected":false},"excerpt":{"rendered":"<p>Pour le plus grand plaisir des lecteurs et des futurs spectateurs, Yves Rouquette a adapt\u00e9 Monsieur de Pourceaugnac de Moli\u00e8re. Dans une langue occitane savoureuse, il a renvers\u00e9 l\u2019ordre des langues de la pi\u00e8ce originale, tout en conservant tout le sel de cette farce joyeuse et d\u00e9brid\u00e9e. La critique des parvenus, la confrontation des langues [&hellip;]<\/p>\n","protected":false},"featured_media":56899,"template":"","meta":{"_acf_changed":false,"_genesis_hide_title":false,"_genesis_hide_breadcrumbs":false,"_genesis_hide_singular_image":false,"_genesis_hide_footer_widgets":false,"_genesis_custom_body_class":"","_genesis_custom_post_class":"","_genesis_layout":""},"product_brand":[],"product_cat":[7132,7184,7174],"product_tag":[],"class_list":{"0":"post-56901","1":"product","2":"type-product","3":"status-publish","4":"has-post-thumbnail","6":"product_cat-books","7":"product_cat-drama-en","8":"product_cat-literature-en","9":"pa_auteur-roqueta-ives-en","10":"pa_editeur-letras-doc-en","11":"pa_langue-occitan-en","12":"pa_langue-occitan-lengadocian-en","13":"entry","15":"first","16":"instock","17":"shipping-taxable","18":"purchasable","19":"product-type-simple"},"acf":[],"_links":{"self":[{"href":"https:\/\/www.libraria-occitana.org\/en\/wp-json\/wp\/v2\/product\/56901","targetHints":{"allow":["GET"]}}],"collection":[{"href":"https:\/\/www.libraria-occitana.org\/en\/wp-json\/wp\/v2\/product"}],"about":[{"href":"https:\/\/www.libraria-occitana.org\/en\/wp-json\/wp\/v2\/types\/product"}],"wp:featuredmedia":[{"embeddable":true,"href":"https:\/\/www.libraria-occitana.org\/en\/wp-json\/wp\/v2\/media\/56899"}],"wp:attachment":[{"href":"https:\/\/www.libraria-occitana.org\/en\/wp-json\/wp\/v2\/media?parent=56901"}],"wp:term":[{"taxonomy":"product_brand","embeddable":true,"href":"https:\/\/www.libraria-occitana.org\/en\/wp-json\/wp\/v2\/product_brand?post=56901"},{"taxonomy":"product_cat","embeddable":true,"href":"https:\/\/www.libraria-occitana.org\/en\/wp-json\/wp\/v2\/product_cat?post=56901"},{"taxonomy":"product_tag","embeddable":true,"href":"https:\/\/www.libraria-occitana.org\/en\/wp-json\/wp\/v2\/product_tag?post=56901"}],"curies":[{"name":"wp","href":"https:\/\/api.w.org\/{rel}","templated":true}]}}