{"id":56907,"date":"2021-04-25T11:12:39","date_gmt":"2021-04-25T09:12:39","guid":{"rendered":"http:\/\/www.libraria-occitana.org\/product\/las-moscas\/"},"modified":"2026-04-29T10:20:03","modified_gmt":"2026-04-29T08:20:03","slug":"las-moscas","status":"publish","type":"product","link":"https:\/\/www.libraria-occitana.org\/en\/product\/las-moscas\/","title":{"rendered":"Las moscas"},"content":{"rendered":"<p>Avec ce recueil de nouvelles en occitan gascon, Jean-Louis Lavit nous r\u00e9v\u00e8le les diverses facettes de son \u00e9criture dans une langue vive et expressive : des r\u00e9cits tour \u00e0 tour futuristes, d\u2019anticipation ou li\u00e9s \u00e0 la vie de la montagne pyr\u00e9n\u00e9enne.<\/p>\n<p>Les joies et les peurs de l\u2019enfance, l\u2019\u00e9vocation de la civilisation pastorale ou les tourments amoureux y c\u00f4toient la violence et l\u2019effroi qui peuvent survenir \u00e0 tout moment dans des mondes futurs et incertains.<\/p>\n<p>Une palette de toutes les couleurs de l\u2019imaginaire.<\/p>\n","protected":false},"excerpt":{"rendered":"<p>Avec ce recueil de nouvelles en occitan gascon, Jean-Louis Lavit nous r\u00e9v\u00e8le les diverses facettes de son \u00e9criture dans une langue vive et expressive : des r\u00e9cits tour \u00e0 tour futuristes, d\u2019anticipation ou li\u00e9s \u00e0 la vie de la montagne pyr\u00e9n\u00e9enne. Les joies et les peurs de l\u2019enfance, l\u2019\u00e9vocation de la civilisation pastorale ou les [&hellip;]<\/p>\n","protected":false},"featured_media":56905,"template":"","meta":{"_acf_changed":false,"_genesis_hide_title":false,"_genesis_hide_breadcrumbs":false,"_genesis_hide_singular_image":false,"_genesis_hide_footer_widgets":false,"_genesis_custom_body_class":"","_genesis_custom_post_class":"","_genesis_layout":""},"product_brand":[],"product_cat":[7132,7174,7182],"product_tag":[],"class_list":{"0":"post-56907","1":"product","2":"type-product","3":"status-publish","4":"has-post-thumbnail","6":"product_cat-books","7":"product_cat-literature-en","8":"product_cat-novels-short-stories-en","9":"pa_auteur-lavit-joan-lois-en","10":"pa_editeur-letras-doc-en","11":"pa_langue-occitan-en","12":"pa_langue-occitan-gascon-en","13":"entry","15":"first","16":"outofstock","17":"shipping-taxable","18":"purchasable","19":"product-type-simple"},"acf":[],"_links":{"self":[{"href":"https:\/\/www.libraria-occitana.org\/en\/wp-json\/wp\/v2\/product\/56907","targetHints":{"allow":["GET"]}}],"collection":[{"href":"https:\/\/www.libraria-occitana.org\/en\/wp-json\/wp\/v2\/product"}],"about":[{"href":"https:\/\/www.libraria-occitana.org\/en\/wp-json\/wp\/v2\/types\/product"}],"wp:featuredmedia":[{"embeddable":true,"href":"https:\/\/www.libraria-occitana.org\/en\/wp-json\/wp\/v2\/media\/56905"}],"wp:attachment":[{"href":"https:\/\/www.libraria-occitana.org\/en\/wp-json\/wp\/v2\/media?parent=56907"}],"wp:term":[{"taxonomy":"product_brand","embeddable":true,"href":"https:\/\/www.libraria-occitana.org\/en\/wp-json\/wp\/v2\/product_brand?post=56907"},{"taxonomy":"product_cat","embeddable":true,"href":"https:\/\/www.libraria-occitana.org\/en\/wp-json\/wp\/v2\/product_cat?post=56907"},{"taxonomy":"product_tag","embeddable":true,"href":"https:\/\/www.libraria-occitana.org\/en\/wp-json\/wp\/v2\/product_tag?post=56907"}],"curies":[{"name":"wp","href":"https:\/\/api.w.org\/{rel}","templated":true}]}}