{"id":56928,"date":"2022-10-25T12:05:27","date_gmt":"2022-10-25T10:05:27","guid":{"rendered":"http:\/\/www.libraria-occitana.org\/?post_type=product&#038;p=56928"},"modified":"2026-04-29T10:33:12","modified_gmt":"2026-04-29T08:33:12","slug":"pas-de-panica-a-sant-perdols-roman-gendarmier","status":"publish","type":"product","link":"https:\/\/www.libraria-occitana.org\/en\/product\/pas-de-panica-a-sant-perdols-roman-gendarmier\/","title":{"rendered":"Pas de panica a Sant-Perdols : Roman gendarmi\u00e8r"},"content":{"rendered":"<p>Le soigneur d&#8217;une \u00e9quipe de rugby de Sant-Perdols dispara\u00eet&#8230;<br \/>\nRoman noir non d\u00e9nu\u00e9 d&#8217;humour en occitan languedocien.<\/p>\n","protected":false},"excerpt":{"rendered":"<p>Le soigneur d&#8217;une \u00e9quipe de rugby de Sant-Perdols dispara\u00eet&#8230; Roman noir non d\u00e9nu\u00e9 d&#8217;humour en occitan languedocien.<\/p>\n","protected":false},"featured_media":56913,"template":"","meta":{"_acf_changed":false,"_genesis_hide_title":false,"_genesis_hide_breadcrumbs":false,"_genesis_hide_singular_image":false,"_genesis_hide_footer_widgets":false,"_genesis_custom_body_class":"","_genesis_custom_post_class":"","_genesis_layout":""},"product_brand":[],"product_cat":[7132,7174,7182],"product_tag":[],"class_list":{"0":"post-56928","1":"product","2":"type-product","3":"status-publish","4":"has-post-thumbnail","6":"product_cat-books","7":"product_cat-literature-en","8":"product_cat-novels-short-stories-en","9":"pa_auteur-viaule-sergi-en","10":"pa_editeur-editions-des-regionalismes-en","11":"pa_langue-occitan-en","12":"pa_langue-occitan-lengadocian-en","13":"entry","15":"first","16":"outofstock","17":"shipping-taxable","18":"purchasable","19":"product-type-simple"},"acf":[],"_links":{"self":[{"href":"https:\/\/www.libraria-occitana.org\/en\/wp-json\/wp\/v2\/product\/56928","targetHints":{"allow":["GET"]}}],"collection":[{"href":"https:\/\/www.libraria-occitana.org\/en\/wp-json\/wp\/v2\/product"}],"about":[{"href":"https:\/\/www.libraria-occitana.org\/en\/wp-json\/wp\/v2\/types\/product"}],"wp:featuredmedia":[{"embeddable":true,"href":"https:\/\/www.libraria-occitana.org\/en\/wp-json\/wp\/v2\/media\/56913"}],"wp:attachment":[{"href":"https:\/\/www.libraria-occitana.org\/en\/wp-json\/wp\/v2\/media?parent=56928"}],"wp:term":[{"taxonomy":"product_brand","embeddable":true,"href":"https:\/\/www.libraria-occitana.org\/en\/wp-json\/wp\/v2\/product_brand?post=56928"},{"taxonomy":"product_cat","embeddable":true,"href":"https:\/\/www.libraria-occitana.org\/en\/wp-json\/wp\/v2\/product_cat?post=56928"},{"taxonomy":"product_tag","embeddable":true,"href":"https:\/\/www.libraria-occitana.org\/en\/wp-json\/wp\/v2\/product_tag?post=56928"}],"curies":[{"name":"wp","href":"https:\/\/api.w.org\/{rel}","templated":true}]}}