{"id":56931,"date":"2022-10-25T12:25:47","date_gmt":"2022-10-25T10:25:47","guid":{"rendered":"http:\/\/www.libraria-occitana.org\/?post_type=product&#038;p=56931"},"modified":"2026-04-16T21:46:50","modified_gmt":"2026-04-16T19:46:50","slug":"les-noms-de-lieux-origine-et-evolution-villes-et-villages-pays-cours-deau-montagnes-lieux-dits","status":"publish","type":"product","link":"https:\/\/www.libraria-occitana.org\/en\/product\/les-noms-de-lieux-origine-et-evolution-villes-et-villages-pays-cours-deau-montagnes-lieux-dits\/","title":{"rendered":"Les noms de lieux : Origine et \u00e9volution \u2013 Villes et villages. Pays. Cours d&#8217;eau. Montagnes. Lieux-dits"},"content":{"rendered":"<blockquote>\n<p>La toponymie (ou \u00e9tude des noms de lieux) est plus avanc\u00e9e, du moins en ce qui concerne la France, que l\u2019anthroponymie (\u00e9tude des noms de personnes). Mais l\u2019ouvrage capital d\u2019Auguste Longnon, sur ce sujet, est surtout destin\u00e9 aux sp\u00e9cialistes. On trouvera ici pour la premi\u00e8re fois, un expos\u00e9 rationnel des ph\u00e9nom\u00e8nes g\u00e9n\u00e9raux et des principes qui dominent la toponymie. Malgr\u00e9 les recherches, bien des cantons de ce vaste domaine sont encore peu ou point d\u00e9frich\u00e9s\u2009: les noms de rivi\u00e8res, les noms de montagnes et accidents de terrain, les lieux-dits. M\u00eame la toponymie des lieux habit\u00e9s renferme encore une grande part d\u2019inconnu.<\/p>\n<p>Le principal attrait de ces \u00e9tudes, c\u2019est la perspective qu\u2019elles ouvrent sur les lointains de notre pass\u00e9 linguistique, car les noms de lieux renferment les \u00e9l\u00e9ments les plus archa\u00efques de la langue. S\u00e9duction dangereuse et pleine d\u2019emb\u00fbches\u2009: il n\u2019est pas d\u2019\u00e9tymologies plus d\u00e9licates \u00e0 aborder que celles-ci, et seul le sp\u00e9cialiste peut entreprendre avec chance de succ\u00e8s ces reconstitutions difficiles et complexes&#8230;<\/p>\n<\/blockquote>\n<p style=\"text-align: right;\">Extrait de l\u2019Avant-propos<\/p>\n<p><strong>Albert Dauzat<\/strong>, n\u00e9 \u00e0 Gu\u00e9ret (1877-1955), \u00e9minent linguiste, directeur de l\u2019\u00c9cole pratique des hautes \u00e9tudes, auteur d\u2019innombrables \u00e9tudes linguistiques qui font toujours autorit\u00e9 encore aujourd\u2019hui. <em>Les Noms de lieux<\/em> fut, \u00e0 l\u2019origine publi\u00e9 en 1926 puis r\u00e9\u00e9dit\u00e9 en 1937.<br \/>\nCon\u00e7u pour synth\u00e9tiser et vulgariser une science toujours mal connue, voici une nouvelle \u00e9dition, enfin, enti\u00e8rement recompos\u00e9e de cet ouvrage indispensable.<\/p>\n","protected":false},"excerpt":{"rendered":"<p>La toponymie (ou \u00e9tude des noms de lieux) est plus avanc\u00e9e, du moins en ce qui concerne la France, que l\u2019anthroponymie (\u00e9tude des noms de personnes). Mais l\u2019ouvrage capital d\u2019Auguste Longnon, sur ce sujet, est surtout destin\u00e9 aux sp\u00e9cialistes. On trouvera ici pour la premi\u00e8re fois, un expos\u00e9 rationnel des ph\u00e9nom\u00e8nes g\u00e9n\u00e9raux et des principes [&hellip;]<\/p>\n","protected":false},"featured_media":56919,"template":"","meta":{"_acf_changed":false,"_genesis_hide_title":false,"_genesis_hide_breadcrumbs":false,"_genesis_hide_singular_image":false,"_genesis_hide_footer_widgets":false,"_genesis_custom_body_class":"","_genesis_custom_post_class":"","_genesis_layout":""},"product_brand":[],"product_cat":[7132,7148,7162],"product_tag":[],"class_list":{"0":"post-56931","1":"product","2":"type-product","3":"status-publish","4":"has-post-thumbnail","6":"product_cat-books","7":"product_cat-history-geography-en","8":"product_cat-place-names-peoples-names-en","9":"pa_auteur-dauzat-albert-en","10":"pa_editeur-editions-des-regionalismes-en","11":"pa_langue-francais-en","12":"entry","14":"first","15":"outofstock","16":"shipping-taxable","17":"purchasable","18":"product-type-simple"},"acf":[],"_links":{"self":[{"href":"https:\/\/www.libraria-occitana.org\/en\/wp-json\/wp\/v2\/product\/56931","targetHints":{"allow":["GET"]}}],"collection":[{"href":"https:\/\/www.libraria-occitana.org\/en\/wp-json\/wp\/v2\/product"}],"about":[{"href":"https:\/\/www.libraria-occitana.org\/en\/wp-json\/wp\/v2\/types\/product"}],"wp:featuredmedia":[{"embeddable":true,"href":"https:\/\/www.libraria-occitana.org\/en\/wp-json\/wp\/v2\/media\/56919"}],"wp:attachment":[{"href":"https:\/\/www.libraria-occitana.org\/en\/wp-json\/wp\/v2\/media?parent=56931"}],"wp:term":[{"taxonomy":"product_brand","embeddable":true,"href":"https:\/\/www.libraria-occitana.org\/en\/wp-json\/wp\/v2\/product_brand?post=56931"},{"taxonomy":"product_cat","embeddable":true,"href":"https:\/\/www.libraria-occitana.org\/en\/wp-json\/wp\/v2\/product_cat?post=56931"},{"taxonomy":"product_tag","embeddable":true,"href":"https:\/\/www.libraria-occitana.org\/en\/wp-json\/wp\/v2\/product_tag?post=56931"}],"curies":[{"name":"wp","href":"https:\/\/api.w.org\/{rel}","templated":true}]}}