{"id":56941,"date":"2022-10-25T13:13:49","date_gmt":"2022-10-25T11:13:49","guid":{"rendered":"http:\/\/www.libraria-occitana.org\/?post_type=product&#038;p=56941"},"modified":"2026-04-29T10:44:34","modified_gmt":"2026-04-29T08:44:34","slug":"figuras-impausadas","status":"publish","type":"product","link":"https:\/\/www.libraria-occitana.org\/en\/product\/figuras-impausadas\/","title":{"rendered":"Figuras impausadas"},"content":{"rendered":"<p>Dans ces nouvelles, l&#8217;auteur se donne volontairement une contrainte : commencer et finir chaque nouvelle par la m\u00eame phrase, \u00e0 la fois incipit et excipit. Concevoir ce recueil un peu original lui vint comme une inspiration inesp\u00e9r\u00e9e au moment du premier confinement sanitaire du printemps 2020. Ainsi, quelque chose de mal peut \u2013 peut-\u00eatre \u2013 conduire \u00e0 quelque chose de bien.<\/p>\n","protected":false},"excerpt":{"rendered":"<p>Dans ces nouvelles, l&#8217;auteur se donne volontairement une contrainte : commencer et finir chaque nouvelle par la m\u00eame phrase, \u00e0 la fois incipit et excipit. Concevoir ce recueil un peu original lui vint comme une inspiration inesp\u00e9r\u00e9e au moment du premier confinement sanitaire du printemps 2020. Ainsi, quelque chose de mal peut \u2013 peut-\u00eatre \u2013 [&hellip;]<\/p>\n","protected":false},"featured_media":56950,"template":"","meta":{"_acf_changed":false,"_genesis_hide_title":false,"_genesis_hide_breadcrumbs":false,"_genesis_hide_singular_image":false,"_genesis_hide_footer_widgets":false,"_genesis_custom_body_class":"","_genesis_custom_post_class":"","_genesis_layout":""},"product_brand":[],"product_cat":[7132,7174,7182],"product_tag":[],"class_list":{"0":"post-56941","1":"product","2":"type-product","3":"status-publish","4":"has-post-thumbnail","6":"product_cat-books","7":"product_cat-literature-en","8":"product_cat-novels-short-stories-en","9":"pa_auteur-viaule-sergi-en","10":"pa_editeur-ieo-fr-en","11":"pa_langue-occitan-en","12":"pa_langue-occitan-lengadocian-en","13":"entry","15":"first","16":"instock","17":"shipping-taxable","18":"purchasable","19":"product-type-simple"},"acf":[],"_links":{"self":[{"href":"https:\/\/www.libraria-occitana.org\/en\/wp-json\/wp\/v2\/product\/56941","targetHints":{"allow":["GET"]}}],"collection":[{"href":"https:\/\/www.libraria-occitana.org\/en\/wp-json\/wp\/v2\/product"}],"about":[{"href":"https:\/\/www.libraria-occitana.org\/en\/wp-json\/wp\/v2\/types\/product"}],"wp:featuredmedia":[{"embeddable":true,"href":"https:\/\/www.libraria-occitana.org\/en\/wp-json\/wp\/v2\/media\/56950"}],"wp:attachment":[{"href":"https:\/\/www.libraria-occitana.org\/en\/wp-json\/wp\/v2\/media?parent=56941"}],"wp:term":[{"taxonomy":"product_brand","embeddable":true,"href":"https:\/\/www.libraria-occitana.org\/en\/wp-json\/wp\/v2\/product_brand?post=56941"},{"taxonomy":"product_cat","embeddable":true,"href":"https:\/\/www.libraria-occitana.org\/en\/wp-json\/wp\/v2\/product_cat?post=56941"},{"taxonomy":"product_tag","embeddable":true,"href":"https:\/\/www.libraria-occitana.org\/en\/wp-json\/wp\/v2\/product_tag?post=56941"}],"curies":[{"name":"wp","href":"https:\/\/api.w.org\/{rel}","templated":true}]}}