{"id":56957,"date":"2022-10-25T14:23:08","date_gmt":"2022-10-25T12:23:08","guid":{"rendered":"http:\/\/www.libraria-occitana.org\/?post_type=product&#038;p=56957"},"modified":"2026-04-22T23:11:12","modified_gmt":"2026-04-22T21:11:12","slug":"cronicas-del-diluvi","status":"publish","type":"product","link":"https:\/\/www.libraria-occitana.org\/en\/product\/cronicas-del-diluvi\/","title":{"rendered":"Cronicas del diluvi"},"content":{"rendered":"<p>Ces chroniques sont 26 nouvelles sur la folie ordinaire. Un monde de pr\u00e9tendus winners, et de losers, de mithologies et de mirages, de victimes de toutes les violences, consentantes et contentes de leur destin\u00e9e, tous path\u00e9tiques \u00e0 se d\u00e9mener sur fonds d&#8217;univers qui se d\u00e9traque et parfois, comme un miracle non m\u00e9rit\u00e9, des moments de pure gr\u00e2ce.<\/p>\n","protected":false},"excerpt":{"rendered":"<p>Ces chroniques sont 26 nouvelles sur la folie ordinaire. Un monde de pr\u00e9tendus winners, et de losers, de mithologies et de mirages, de victimes de toutes les violences, consentantes et contentes de leur destin\u00e9e, tous path\u00e9tiques \u00e0 se d\u00e9mener sur fonds d&#8217;univers qui se d\u00e9traque et parfois, comme un miracle non m\u00e9rit\u00e9, des moments de [&hellip;]<\/p>\n","protected":false},"featured_media":56944,"template":"","meta":{"_acf_changed":false,"_genesis_hide_title":false,"_genesis_hide_breadcrumbs":false,"_genesis_hide_singular_image":false,"_genesis_hide_footer_widgets":false,"_genesis_custom_body_class":"","_genesis_custom_post_class":"","_genesis_layout":""},"product_brand":[],"product_cat":[7132,7174,7182],"product_tag":[],"class_list":{"0":"post-56957","1":"product","2":"type-product","3":"status-publish","4":"has-post-thumbnail","6":"product_cat-books","7":"product_cat-literature-en","8":"product_cat-novels-short-stories-en","9":"pa_auteur-vernet-florian-en","10":"pa_editeur-ieo-fr-en","11":"pa_langue-occitan-en","12":"pa_langue-occitan-lengadocian-en","13":"entry","15":"first","16":"instock","17":"shipping-taxable","18":"purchasable","19":"product-type-simple"},"acf":[],"_links":{"self":[{"href":"https:\/\/www.libraria-occitana.org\/en\/wp-json\/wp\/v2\/product\/56957","targetHints":{"allow":["GET"]}}],"collection":[{"href":"https:\/\/www.libraria-occitana.org\/en\/wp-json\/wp\/v2\/product"}],"about":[{"href":"https:\/\/www.libraria-occitana.org\/en\/wp-json\/wp\/v2\/types\/product"}],"wp:featuredmedia":[{"embeddable":true,"href":"https:\/\/www.libraria-occitana.org\/en\/wp-json\/wp\/v2\/media\/56944"}],"wp:attachment":[{"href":"https:\/\/www.libraria-occitana.org\/en\/wp-json\/wp\/v2\/media?parent=56957"}],"wp:term":[{"taxonomy":"product_brand","embeddable":true,"href":"https:\/\/www.libraria-occitana.org\/en\/wp-json\/wp\/v2\/product_brand?post=56957"},{"taxonomy":"product_cat","embeddable":true,"href":"https:\/\/www.libraria-occitana.org\/en\/wp-json\/wp\/v2\/product_cat?post=56957"},{"taxonomy":"product_tag","embeddable":true,"href":"https:\/\/www.libraria-occitana.org\/en\/wp-json\/wp\/v2\/product_tag?post=56957"}],"curies":[{"name":"wp","href":"https:\/\/api.w.org\/{rel}","templated":true}]}}