{"id":56970,"date":"2022-03-25T16:57:49","date_gmt":"2022-03-25T15:57:49","guid":{"rendered":"http:\/\/www.libraria-occitana.org\/product\/fin-amors-triptic-e-mai\/"},"modified":"2026-04-29T07:11:17","modified_gmt":"2026-04-29T05:11:17","slug":"fin-amors-triptic-e-mai","status":"publish","type":"product","link":"https:\/\/www.libraria-occitana.org\/en\/product\/fin-amors-triptic-e-mai\/","title":{"rendered":"Fin&#8217; amors triptic&#8230; e mai"},"content":{"rendered":"<p>Dins <em>Fin\u2019amors triptic<\/em> de Miqu\u00e8la Stenta, lo raconte correspond en granda partida al t\u00edtol, un pauc enigmatic, mas lo lector descobr\u00eds l\u00e8u, a dicha qu\u2019avan\u00e7a dins las paginas, qu\u2019aquesta dimension estetica e picturala es pas la sola, e benl\u00e8u pas la mai importanta. D\u2019efi\u00e8ch, tota aquesta \u00f2bra corta e f\u00f2rta per son autenticitat tematica, es una longa vibracion musicala, un fremiment contin\u00fa de voses, de sons, de silencis, d\u2019ombras, de tempo mestrejat, d\u2019armonias subtilas organizadas merc\u00e8 una construccion en tres movements, coma un conc\u00e8rto, sens oblidar lo scherzo final. Una ist\u00f2ria d\u2019amor ? \u00d2m p\u00f2t escriure de somas sul subj\u00e8cte coma Belle du Seigneur d\u2019Albert Cohen, o Ada de Nabokov, o escriure \u00ab tot simplament \u00bb aqueste triptic, cort, en fusion, d\u2019un poder expressiu e d\u2019una densitat impressionanta, deguts, de segur, a la frequentacion dels Trobadors e a lor exig\u00e9ncia formala. Lo roman nos rend d\u2019alhors lor pres\u00e9ncia quasi sensibla. Lo raconte realiza lo miracle (son de causas qu\u2019arriban) de far coabitar dos monds diferents, d\u2019\u00e8stres que se c\u00e8rcan, se tr\u00f2ban, se p\u00e8rdon, e\u2026 Lo miracle d\u2019entrebescar dins la vida vidanta de tempses istorics e d\u2019espacis diferents, d\u2019espacis interiors tanben, e de far d\u2019un viscut talament personal \u2013 pudicament personal \u2013 una experi\u00e9ncia universala. La literatura occitana es al comen\u00e7ament de la literatura occidentala mod\u00e8rna, mila ans apr\u00e8s, es encara viva e a pas oblidat sas originas. Lo floril\u00e8gi final n\u2019es la confirmacion.<\/p>\n<p style=\"text-align: right;\">Florian Vernet, 24\/10\/21<\/p>\n","protected":false},"excerpt":{"rendered":"<p>Dins Fin\u2019amors triptic de Miqu\u00e8la Stenta, lo raconte correspond en granda partida al t\u00edtol, un pauc enigmatic, mas lo lector descobr\u00eds l\u00e8u, a dicha qu\u2019avan\u00e7a dins las paginas, qu\u2019aquesta dimension estetica e picturala es pas la sola, e benl\u00e8u pas la mai importanta. D\u2019efi\u00e8ch, tota aquesta \u00f2bra corta e f\u00f2rta per son autenticitat tematica, es [&hellip;]<\/p>\n","protected":false},"featured_media":56968,"template":"","meta":{"_acf_changed":false,"_genesis_hide_title":false,"_genesis_hide_breadcrumbs":false,"_genesis_hide_singular_image":false,"_genesis_hide_footer_widgets":false,"_genesis_custom_body_class":"","_genesis_custom_post_class":"","_genesis_layout":""},"product_brand":[],"product_cat":[7132,7174,7182],"product_tag":[],"class_list":{"0":"post-56970","1":"product","2":"type-product","3":"status-publish","4":"has-post-thumbnail","6":"product_cat-books","7":"product_cat-literature-en","8":"product_cat-novels-short-stories-en","9":"pa_auteur-stenta-miquela-en","10":"pa_editeur-e-rau-edicions-en","11":"pa_langue-occitan-en","12":"pa_langue-occitan-lengadocian-en","13":"entry","15":"first","16":"instock","17":"shipping-taxable","18":"purchasable","19":"product-type-simple"},"acf":[],"_links":{"self":[{"href":"https:\/\/www.libraria-occitana.org\/en\/wp-json\/wp\/v2\/product\/56970","targetHints":{"allow":["GET"]}}],"collection":[{"href":"https:\/\/www.libraria-occitana.org\/en\/wp-json\/wp\/v2\/product"}],"about":[{"href":"https:\/\/www.libraria-occitana.org\/en\/wp-json\/wp\/v2\/types\/product"}],"wp:featuredmedia":[{"embeddable":true,"href":"https:\/\/www.libraria-occitana.org\/en\/wp-json\/wp\/v2\/media\/56968"}],"wp:attachment":[{"href":"https:\/\/www.libraria-occitana.org\/en\/wp-json\/wp\/v2\/media?parent=56970"}],"wp:term":[{"taxonomy":"product_brand","embeddable":true,"href":"https:\/\/www.libraria-occitana.org\/en\/wp-json\/wp\/v2\/product_brand?post=56970"},{"taxonomy":"product_cat","embeddable":true,"href":"https:\/\/www.libraria-occitana.org\/en\/wp-json\/wp\/v2\/product_cat?post=56970"},{"taxonomy":"product_tag","embeddable":true,"href":"https:\/\/www.libraria-occitana.org\/en\/wp-json\/wp\/v2\/product_tag?post=56970"}],"curies":[{"name":"wp","href":"https:\/\/api.w.org\/{rel}","templated":true}]}}