{"id":56979,"date":"2022-03-25T17:16:29","date_gmt":"2022-03-25T16:16:29","guid":{"rendered":"http:\/\/www.libraria-occitana.org\/?post_type=product&#038;p=56979"},"modified":"2026-04-18T06:36:29","modified_gmt":"2026-04-18T04:36:29","slug":"una-sietada-de-reponchons-une-assiettee-de-repountchous","status":"publish","type":"product","link":"https:\/\/www.libraria-occitana.org\/en\/product\/una-sietada-de-reponchons-une-assiettee-de-repountchous\/","title":{"rendered":"Una sietada de reponchons &#8211; Une assiett\u00e9e de r\u00e9pountchous"},"content":{"rendered":"<p>Cueillir des r\u00e9pountchous, les accommoder avec des \u0153ufs, des lardons, en salade\u2026 puis les savourer n\u2019est rien d\u2019exceptionnel, sauf pour Serge Gayral dans son vingt-et-uni\u00e8me ouvrage, un roman original, plein d\u2019interrogations et de surprises. Ici, outre son r\u00f4le alimentaire habituel, le r\u00e9pountchou en joue un autre qui demeure une \u00e9nigme jusqu\u2019\u00e0 la derni\u00e8re ligne, un sc\u00e9nario incroyable, pire que dans une enqu\u00eate polici\u00e8re. Une assiett\u00e9e de r\u00e9pountchous \u00e0 go\u00fbter sans plus attendre et sans mod\u00e9ration !<\/p>\n","protected":false},"excerpt":{"rendered":"<p>Cueillir des r\u00e9pountchous, les accommoder avec des \u0153ufs, des lardons, en salade\u2026 puis les savourer n\u2019est rien d\u2019exceptionnel, sauf pour Serge Gayral dans son vingt-et-uni\u00e8me ouvrage, un roman original, plein d\u2019interrogations et de surprises. Ici, outre son r\u00f4le alimentaire habituel, le r\u00e9pountchou en joue un autre qui demeure une \u00e9nigme jusqu\u2019\u00e0 la derni\u00e8re ligne, un [&hellip;]<\/p>\n","protected":false},"featured_media":56982,"template":"","meta":{"_acf_changed":false,"_genesis_hide_title":false,"_genesis_hide_breadcrumbs":false,"_genesis_hide_singular_image":false,"_genesis_hide_footer_widgets":false,"_genesis_custom_body_class":"","_genesis_custom_post_class":"","_genesis_layout":""},"product_brand":[],"product_cat":[7132,7174,7182],"product_tag":[],"class_list":{"0":"post-56979","1":"product","2":"type-product","3":"status-publish","4":"has-post-thumbnail","6":"product_cat-books","7":"product_cat-literature-en","8":"product_cat-novels-short-stories-en","9":"pa_editeur-grelh-roergas-en","10":"pa_illustrateur-gairal-sergi-en","11":"pa_langue-occitan-en","12":"pa_langue-occitan-lengadocian-en","13":"entry","15":"first","16":"outofstock","17":"shipping-taxable","18":"purchasable","19":"product-type-simple"},"acf":[],"_links":{"self":[{"href":"https:\/\/www.libraria-occitana.org\/en\/wp-json\/wp\/v2\/product\/56979","targetHints":{"allow":["GET"]}}],"collection":[{"href":"https:\/\/www.libraria-occitana.org\/en\/wp-json\/wp\/v2\/product"}],"about":[{"href":"https:\/\/www.libraria-occitana.org\/en\/wp-json\/wp\/v2\/types\/product"}],"wp:featuredmedia":[{"embeddable":true,"href":"https:\/\/www.libraria-occitana.org\/en\/wp-json\/wp\/v2\/media\/56982"}],"wp:attachment":[{"href":"https:\/\/www.libraria-occitana.org\/en\/wp-json\/wp\/v2\/media?parent=56979"}],"wp:term":[{"taxonomy":"product_brand","embeddable":true,"href":"https:\/\/www.libraria-occitana.org\/en\/wp-json\/wp\/v2\/product_brand?post=56979"},{"taxonomy":"product_cat","embeddable":true,"href":"https:\/\/www.libraria-occitana.org\/en\/wp-json\/wp\/v2\/product_cat?post=56979"},{"taxonomy":"product_tag","embeddable":true,"href":"https:\/\/www.libraria-occitana.org\/en\/wp-json\/wp\/v2\/product_tag?post=56979"}],"curies":[{"name":"wp","href":"https:\/\/api.w.org\/{rel}","templated":true}]}}