{"id":57010,"date":"2022-10-25T20:03:01","date_gmt":"2022-10-25T18:03:01","guid":{"rendered":"http:\/\/www.libraria-occitana.org\/?post_type=product&#038;p=57010"},"modified":"2026-04-29T01:16:06","modified_gmt":"2026-04-28T23:16:06","slug":"per-lamor-cronicas-de-vita-e-de-linga-libre-cd","status":"publish","type":"product","link":"https:\/\/www.libraria-occitana.org\/en\/product\/per-lamor-cronicas-de-vita-e-de-linga-libre-cd\/","title":{"rendered":"Per l&#8217;amor : Cronicas de vita e de linga (libre + CD)"},"content":{"rendered":"<p>Comment s\u00e9parer la langue de la vie ? Dans quelques chroniques, nous parlerons un peu plus des moments, des situations et des \u00e9motions qui marquent ou ont marqu\u00e9 une expression dans la m\u00e9moire. Dans d&#8217;autres, nous voudrons un peu plus comprendre pourquoi les gens disent comme \u00e7a et pas autrement. Langue qui vient de loin et que nous continuons de faire voir et de faire vivre aux petits et aux grands.<\/p>\n<blockquote>\n<p>Las \u00ab cronicas de vita \u00bb d\u00f2nen mai que mai un biais de veire personau sus l&#8217;actualitat e los \u00ab problemas de societat \u00bb, las cronicas de lenga v\u00f2len illustrar e discutir quauques punts originaus de l&#8217;occitan, pus precisament de la varietat lemosina e dau parlar dau Perig\u00f2rd-Lemosin. Mas per l&#8217;autor, la coneissen\u00e7a de la \u00ab lenga \u00bb daus libres se p\u00f2t gaire destriar de la \u00ab linga \u00bb parlada e viscuda au pa\u00eds. Lo legeire saubr\u00e1 plan i trobar \u00e7\u00f2 que li platz o que li fai mestier : l&#8217;experi\u00e9ncia comuna d&#8217;un passat occitan, o ben quauquas remarcas e citacions que vendran atisar e nurir sa curiosetat.<\/p>\n<\/blockquote>\n<p>10 des 65 chroniques lues par l&#8217;auteur ont \u00e9t\u00e9 enregistr\u00e9es sur CD.<\/p>\n","protected":false},"excerpt":{"rendered":"<p>Comment s\u00e9parer la langue de la vie ? Dans quelques chroniques, nous parlerons un peu plus des moments, des situations et des \u00e9motions qui marquent ou ont marqu\u00e9 une expression dans la m\u00e9moire. Dans d&#8217;autres, nous voudrons un peu plus comprendre pourquoi les gens disent comme \u00e7a et pas autrement. Langue qui vient de loin [&hellip;]<\/p>\n","protected":false},"featured_media":57001,"template":"","meta":{"_acf_changed":false,"_genesis_hide_title":false,"_genesis_hide_breadcrumbs":false,"_genesis_hide_singular_image":false,"_genesis_hide_footer_widgets":false,"_genesis_custom_body_class":"","_genesis_custom_post_class":"","_genesis_layout":""},"product_brand":[],"product_cat":[7132,7138,7136,7202,7146],"product_tag":[],"class_list":{"0":"post-57010","1":"product","2":"type-product","3":"status-publish","4":"has-post-thumbnail","6":"product_cat-books","7":"product_cat-dictionaries-grammars-en","8":"product_cat-dictionaries-language-educational-en","9":"product_cat-politics-sociology-current-affairs-en","10":"product_cat-vocabulary-idioms-en","11":"pa_auteur-reidi-jan-peire-en","12":"pa_editeur-ieo-perigord-novelum-en","13":"pa_langue-occitan-en","14":"pa_langue-occitan-lemosin-en","15":"entry","17":"first","18":"instock","19":"shipping-taxable","20":"purchasable","21":"product-type-simple"},"acf":[],"_links":{"self":[{"href":"https:\/\/www.libraria-occitana.org\/en\/wp-json\/wp\/v2\/product\/57010","targetHints":{"allow":["GET"]}}],"collection":[{"href":"https:\/\/www.libraria-occitana.org\/en\/wp-json\/wp\/v2\/product"}],"about":[{"href":"https:\/\/www.libraria-occitana.org\/en\/wp-json\/wp\/v2\/types\/product"}],"wp:featuredmedia":[{"embeddable":true,"href":"https:\/\/www.libraria-occitana.org\/en\/wp-json\/wp\/v2\/media\/57001"}],"wp:attachment":[{"href":"https:\/\/www.libraria-occitana.org\/en\/wp-json\/wp\/v2\/media?parent=57010"}],"wp:term":[{"taxonomy":"product_brand","embeddable":true,"href":"https:\/\/www.libraria-occitana.org\/en\/wp-json\/wp\/v2\/product_brand?post=57010"},{"taxonomy":"product_cat","embeddable":true,"href":"https:\/\/www.libraria-occitana.org\/en\/wp-json\/wp\/v2\/product_cat?post=57010"},{"taxonomy":"product_tag","embeddable":true,"href":"https:\/\/www.libraria-occitana.org\/en\/wp-json\/wp\/v2\/product_tag?post=57010"}],"curies":[{"name":"wp","href":"https:\/\/api.w.org\/{rel}","templated":true}]}}