{"id":57037,"date":"2022-07-27T18:37:26","date_gmt":"2022-07-27T16:37:26","guid":{"rendered":"http:\/\/www.libraria-occitana.org\/product\/paraulas-de-novelum-n-176\/"},"modified":"2026-04-29T04:01:48","modified_gmt":"2026-04-29T02:01:48","slug":"paraulas-de-novelum-n-176","status":"publish","type":"product","link":"https:\/\/www.libraria-occitana.org\/en\/product\/paraulas-de-novelum-n-176\/","title":{"rendered":"Paraulas de Novelum N\u00b0 176"},"content":{"rendered":"<p>Monica Borg\u00e8s Audivert, Lo p\u00e0isser del matin<br \/>\nJoan Rigosta, Toponimia : Joan<br \/>\nTradicionau, Una genta pita comptina<br \/>\nJoan-Micheu Bardou, Mon amic, mon mestre<br \/>\nJan-Peire Reidi, Ressons de legida<br \/>\nJan-Miqueu Lahieyte, <a href=\"http:\/\/www.libraria-occitana.org\/produit\/les-merles-28-avril-1944-enquete-sur-une-expedition-meurtriere-pendant-loccupation-allemande-dans-un-village-du-nord-dordogne\/\"><em>Les Merles<\/em><\/a> &#8211; Extrach<br \/>\nMaria-Joana Bissaud-Simonet, Una an\u00f3ncia desacostumada<br \/>\nDani\u00e8l Chavarocha, Moneta<br \/>\nPeiraguda, Lengas<br \/>\nFrancesa Dudonhon, Pit&#8217;as lusors dins la marja<br \/>\nMonica Borg\u00e8s Audivert, Lo p\u00e0isser del ser<\/p>\n","protected":false},"excerpt":{"rendered":"<p>Monica Borg\u00e8s Audivert, Lo p\u00e0isser del matin Joan Rigosta, Toponimia : Joan Tradicionau, Una genta pita comptina Joan-Micheu Bardou, Mon amic, mon mestre Jan-Peire Reidi, Ressons de legida Jan-Miqueu Lahieyte, Les Merles &#8211; Extrach Maria-Joana Bissaud-Simonet, Una an\u00f3ncia desacostumada Dani\u00e8l Chavarocha, Moneta Peiraguda, Lengas Francesa Dudonhon, Pit&#8217;as lusors dins la marja Monica Borg\u00e8s Audivert, Lo [&hellip;]<\/p>\n","protected":false},"featured_media":57032,"template":"","meta":{"_acf_changed":false,"_genesis_hide_title":false,"_genesis_hide_breadcrumbs":false,"_genesis_hide_singular_image":false,"_genesis_hide_footer_widgets":false,"_genesis_custom_body_class":"","_genesis_custom_post_class":"","_genesis_layout":""},"product_brand":[],"product_cat":[7132,7148,7174,7182,7162,7180],"product_tag":[],"class_list":{"0":"post-57037","1":"product","2":"type-product","3":"status-publish","4":"has-post-thumbnail","6":"product_cat-books","7":"product_cat-history-geography-en","8":"product_cat-literature-en","9":"product_cat-novels-short-stories-en","10":"product_cat-place-names-peoples-names-en","11":"product_cat-poetry-en","12":"pa_auteur-collectiu-en-2","13":"pa_editeur-ieo-perigord-novelum-en","14":"pa_langue-occitan-en","15":"pa_langue-occitan-lemosin-en","16":"entry","18":"first","19":"instock","20":"shipping-taxable","21":"purchasable","22":"product-type-simple"},"acf":[],"_links":{"self":[{"href":"https:\/\/www.libraria-occitana.org\/en\/wp-json\/wp\/v2\/product\/57037","targetHints":{"allow":["GET"]}}],"collection":[{"href":"https:\/\/www.libraria-occitana.org\/en\/wp-json\/wp\/v2\/product"}],"about":[{"href":"https:\/\/www.libraria-occitana.org\/en\/wp-json\/wp\/v2\/types\/product"}],"wp:featuredmedia":[{"embeddable":true,"href":"https:\/\/www.libraria-occitana.org\/en\/wp-json\/wp\/v2\/media\/57032"}],"wp:attachment":[{"href":"https:\/\/www.libraria-occitana.org\/en\/wp-json\/wp\/v2\/media?parent=57037"}],"wp:term":[{"taxonomy":"product_brand","embeddable":true,"href":"https:\/\/www.libraria-occitana.org\/en\/wp-json\/wp\/v2\/product_brand?post=57037"},{"taxonomy":"product_cat","embeddable":true,"href":"https:\/\/www.libraria-occitana.org\/en\/wp-json\/wp\/v2\/product_cat?post=57037"},{"taxonomy":"product_tag","embeddable":true,"href":"https:\/\/www.libraria-occitana.org\/en\/wp-json\/wp\/v2\/product_tag?post=57037"}],"curies":[{"name":"wp","href":"https:\/\/api.w.org\/{rel}","templated":true}]}}