{"id":57144,"date":"2021-10-22T18:39:13","date_gmt":"2021-10-22T16:39:13","guid":{"rendered":"http:\/\/www.libraria-occitana.org\/product\/lart-du-tissage-apprivoiser-la-technique-pour-creer-en-liberte\/"},"modified":"2026-04-14T20:07:01","modified_gmt":"2026-04-14T18:07:01","slug":"lart-du-tissage-apprivoiser-la-technique-pour-creer-en-liberte","status":"publish","type":"product","link":"https:\/\/www.libraria-occitana.org\/en\/product\/lart-du-tissage-apprivoiser-la-technique-pour-creer-en-liberte\/","title":{"rendered":"L&#8217;art du tissage : Apprivoiser la technique pour cr\u00e9er en libert\u00e9"},"content":{"rendered":"<p><span style=\"color: #ff0000;\">[oc] Mens char (libre un pauc &#8216;bimat) \u2013 [fr] Prix r\u00e9duit (livre l\u00e9g\u00e8rement ab\u00eem\u00e9) \u2013 [en] Discount price (slightly damaged book)<\/span><\/p>\n<p>L&#8217;int\u00e9r\u00eat de <strong>Betty Briand<\/strong> pour le textile prend racine dans son enfance paysanne : tissage, filage, teinture v\u00e9g\u00e9tale, tricot, fabrication de cordes&#8230; Habit\u00e9e par cette passion transmise par ses grands-parents et apr\u00e8s une solide formation aupr\u00e8s d&#8217;enseignantes anglo-saxonnes, elle devient professeure de tissage \u00e0 plein temps. Aujourd&#8217;hui, elle forme de nombreux stagiaires venus parfois de loin dans son atelier-\u00e9cole ARTissage situ\u00e9 \u00e0 Chinon en Touraine, tout en continuant ses recherches sur le sujet.<\/p>\n<p><strong>Au sommaire :<\/strong><\/p>\n<p><strong>PARTIE 1 &#8211;<\/strong> Mat\u00e9riel et pr\u00e9paration du m\u00e9tier : le mat\u00e9riel, les outils, les fils, la conception du tissu (armure, densit\u00e9, \u00e9chantillonnage), la compr\u00e9hension des sch\u00e9mas d&#8217;enlissage, de p\u00e9dalage et d&#8217;attachage, l&#8217;installation de la cha\u00eene sur le m\u00e9tier, la correction des erreurs potentielles puis le tissage<\/p>\n<p><strong>PARTIE 2 &#8211;<\/strong> Structures de tissage : les armures fondamentales (toile, serg\u00e9 et satin), les <em>reps<\/em> de trame et de cha\u00eene, les structures compos\u00e9es, les structures ajour\u00e9es, les structures d\u00e9vi\u00e9es et le double-tissage<\/p>\n<p><strong>PARTIE 3 &#8211;<\/strong> Pour approfondir : l&#8217;\u00e9tude des blocs et du <em>profil draft<\/em>, l&#8217;analyse d&#8217;un tissu, faire \u00e9voluer une structure, installer une cha\u00eene suppl\u00e9mentaire, s&#8217;inspirer et cr\u00e9er<\/p>\n<p><strong>Un livre unique, complet, \u00e9rudit, clair, pratique et technique sur l&#8217;art du tissage<\/strong><\/p>\n<p>Dans cet ouvrage \u00e0 destination des tisserandes et tisserands de tout niveau, l&#8217;auteure, v\u00e9ritable passionn\u00e9e du tissage, transmet la somme de plusieurs ann\u00e9es d&#8217;enseignement, de recherches et d&#8217;explorations pour proposer une m\u00e9thode d&#8217;apprentissage progressive et fascinante.<\/p>\n<p>Dans ce livre tr\u00e8s illustr\u00e9, les dessins sont d&#8217;<strong>Alix Albrespy-Boiron<\/strong> et d&#8217;<strong>Ang\u00e8le Coquerie<\/strong> et les photos sont de <strong>Jacques P\u00e9r\u00e9<\/strong>.<\/p>\n","protected":false},"excerpt":{"rendered":"<p>[oc] Mens char (libre un pauc &#8216;bimat) \u2013 [fr] Prix r\u00e9duit (livre l\u00e9g\u00e8rement ab\u00eem\u00e9) \u2013 [en] Discount price (slightly damaged book) L&#8217;int\u00e9r\u00eat de Betty Briand pour le textile prend racine dans son enfance paysanne : tissage, filage, teinture v\u00e9g\u00e9tale, tricot, fabrication de cordes&#8230; Habit\u00e9e par cette passion transmise par ses grands-parents et apr\u00e8s une solide [&hellip;]<\/p>\n","protected":false},"featured_media":57142,"template":"","meta":{"_acf_changed":false,"_genesis_hide_title":false,"_genesis_hide_breadcrumbs":false,"_genesis_hide_singular_image":false,"_genesis_hide_footer_widgets":false,"_genesis_custom_body_class":"","_genesis_custom_post_class":"","_genesis_layout":""},"product_brand":[],"product_cat":[7132,7238,7212,7206],"product_tag":[],"class_list":{"0":"post-57144","1":"product","2":"type-product","3":"status-publish","4":"has-post-thumbnail","6":"product_cat-books","7":"product_cat-promotions-en","8":"product_cat-traditional-skills-savoirs-faire-en","9":"product_cat-traditions-heritage-en","10":"pa_auteur-briand-betty-en","11":"pa_editeur-eyrolles-en","12":"pa_langue-francais-en","13":"entry","15":"first","16":"instock","17":"sale","18":"shipping-taxable","19":"purchasable","20":"product-type-simple"},"acf":[],"_links":{"self":[{"href":"https:\/\/www.libraria-occitana.org\/en\/wp-json\/wp\/v2\/product\/57144","targetHints":{"allow":["GET"]}}],"collection":[{"href":"https:\/\/www.libraria-occitana.org\/en\/wp-json\/wp\/v2\/product"}],"about":[{"href":"https:\/\/www.libraria-occitana.org\/en\/wp-json\/wp\/v2\/types\/product"}],"wp:featuredmedia":[{"embeddable":true,"href":"https:\/\/www.libraria-occitana.org\/en\/wp-json\/wp\/v2\/media\/57142"}],"wp:attachment":[{"href":"https:\/\/www.libraria-occitana.org\/en\/wp-json\/wp\/v2\/media?parent=57144"}],"wp:term":[{"taxonomy":"product_brand","embeddable":true,"href":"https:\/\/www.libraria-occitana.org\/en\/wp-json\/wp\/v2\/product_brand?post=57144"},{"taxonomy":"product_cat","embeddable":true,"href":"https:\/\/www.libraria-occitana.org\/en\/wp-json\/wp\/v2\/product_cat?post=57144"},{"taxonomy":"product_tag","embeddable":true,"href":"https:\/\/www.libraria-occitana.org\/en\/wp-json\/wp\/v2\/product_tag?post=57144"}],"curies":[{"name":"wp","href":"https:\/\/api.w.org\/{rel}","templated":true}]}}