{"id":57153,"date":"2022-11-24T20:07:51","date_gmt":"2022-11-24T19:07:51","guid":{"rendered":"http:\/\/www.libraria-occitana.org\/?post_type=product&#038;p=57153"},"modified":"2026-04-29T11:12:05","modified_gmt":"2026-04-29T09:12:05","slug":"le-cantal-fromage-dabbaye-abbayes-limousines-moines-et-burons-dans-les-montagnes-de-haute-auvergne-xiie-xviiie-siecles","status":"publish","type":"product","link":"https:\/\/www.libraria-occitana.org\/en\/product\/le-cantal-fromage-dabbaye-abbayes-limousines-moines-et-burons-dans-les-montagnes-de-haute-auvergne-xiie-xviiie-siecles\/","title":{"rendered":"Le Cantal fromage d&#8217;abbaye : Abbayes limousines, moines et burons dans les montagnes de Haute-Auvergne (XIIe &#8211; XVIIIe si\u00e8cles)"},"content":{"rendered":"<p>Munster, Maroilles, \u00c9poisses, Pont-L&#8217;\u00c9v\u00eaque, Port Salut, Pierre-Qui-Vire, G\u00e9r\u00f4m\u00e9, St Nectaire&#8230; et Cantal !<\/p>\n<p>Quelle bonne odeur de fromage ! Savez-vous que tous ces noms sont ceux de monast\u00e8res, dont les moines, soucieux de frugalit\u00e9, d&#8217;autonomie et s&#8217;abstenant de viande, avaient fait du fromage la base de leur alimentation ? Encore fallait-il le fabriquer&#8230; et donc poss\u00e9der de grands troupeaux, donc de riches p\u00e2turages bien irrigu\u00e9s&#8230;<br \/>\nC&#8217;est toute l&#8217;histoire de l&#8217;un de ces fromages, le Cantal, que Claude Chappe-Gauthier vous raconte ici, et celle des abbayes cisterciennes du Limousin qui, \u00e0 partir du XIe si\u00e8cle et en p\u00e9riode de grande foi, partirent \u00e0 la conqu\u00eate de ces \u00ab montagnes \u00bb de Haute-Auvergne \u00e0 l&#8217;herbe \u00e9paisse&#8230; Leur arme, redoutable, \u00e9tait la foi profonde qui r\u00e9gnait alors, et qui poussait les seigneurs \u00e0 offrir leurs terres \u00e0 Dieu pour gagner le paradis, m\u00eame des terres de moins bonne qualit\u00e9, que les fr\u00e8res convers, main d&#8217;\u0153uvre gratuite et comp\u00e9tente, sauraient am\u00e9nager&#8230;<\/p>\n<p>C&#8217;est ainsi que les moines se constitu\u00e8rent de vastes domaines, drain\u00e8rent les pentes, creus\u00e8rent des canaux, mirent au point des proc\u00e9d\u00e9s efficaces pour fabriquer \u00e0 grande \u00e9chelle ces \u00e9normes \u00ab fourmes \u00bb de 10 kilos et plus, qui ont fait la r\u00e9putation du Cantal \u00ab Salers \u00bb et de ses vaches fauves aux cornes en lyre.<\/p>\n<p>Mais le succ\u00e8s entra\u00eenant le succ\u00e8s, la frugalit\u00e9 fut oubli\u00e9e, la foi se perdit, et les dons se transform\u00e8rent en transactions pour obtenir des compensations plus concr\u00e8tes. Avec les paysans, avec les seigneurs, le climat s&#8217;\u00e9tait tendu. Mais comment r\u00e9sister aux moines, devenus les vrais ma\u00eetres des lieux&#8230;<\/p>\n","protected":false},"excerpt":{"rendered":"<p>Munster, Maroilles, \u00c9poisses, Pont-L&#8217;\u00c9v\u00eaque, Port Salut, Pierre-Qui-Vire, G\u00e9r\u00f4m\u00e9, St Nectaire&#8230; et Cantal ! Quelle bonne odeur de fromage ! Savez-vous que tous ces noms sont ceux de monast\u00e8res, dont les moines, soucieux de frugalit\u00e9, d&#8217;autonomie et s&#8217;abstenant de viande, avaient fait du fromage la base de leur alimentation ? Encore fallait-il le fabriquer&#8230; et donc [&hellip;]<\/p>\n","protected":false},"featured_media":57159,"template":"","meta":{"_acf_changed":false,"_genesis_hide_title":false,"_genesis_hide_breadcrumbs":false,"_genesis_hide_singular_image":false,"_genesis_hide_footer_widgets":false,"_genesis_custom_body_class":"","_genesis_custom_post_class":"","_genesis_layout":""},"product_brand":[],"product_cat":[7132,7210,7212,7206],"product_tag":[],"class_list":{"0":"post-57153","1":"product","2":"type-product","3":"status-publish","4":"has-post-thumbnail","6":"product_cat-books","7":"product_cat-cooking-cuisine-en","8":"product_cat-traditional-skills-savoirs-faire-en","9":"product_cat-traditions-heritage-en","10":"pa_auteur-chappe-gauthier-claude-en","11":"pa_editeur-maiade-en","12":"pa_illustrateur-chappe-guy-en","13":"pa_langue-francais-en","14":"entry","16":"first","17":"instock","18":"shipping-taxable","19":"purchasable","20":"product-type-simple"},"acf":[],"_links":{"self":[{"href":"https:\/\/www.libraria-occitana.org\/en\/wp-json\/wp\/v2\/product\/57153","targetHints":{"allow":["GET"]}}],"collection":[{"href":"https:\/\/www.libraria-occitana.org\/en\/wp-json\/wp\/v2\/product"}],"about":[{"href":"https:\/\/www.libraria-occitana.org\/en\/wp-json\/wp\/v2\/types\/product"}],"wp:featuredmedia":[{"embeddable":true,"href":"https:\/\/www.libraria-occitana.org\/en\/wp-json\/wp\/v2\/media\/57159"}],"wp:attachment":[{"href":"https:\/\/www.libraria-occitana.org\/en\/wp-json\/wp\/v2\/media?parent=57153"}],"wp:term":[{"taxonomy":"product_brand","embeddable":true,"href":"https:\/\/www.libraria-occitana.org\/en\/wp-json\/wp\/v2\/product_brand?post=57153"},{"taxonomy":"product_cat","embeddable":true,"href":"https:\/\/www.libraria-occitana.org\/en\/wp-json\/wp\/v2\/product_cat?post=57153"},{"taxonomy":"product_tag","embeddable":true,"href":"https:\/\/www.libraria-occitana.org\/en\/wp-json\/wp\/v2\/product_tag?post=57153"}],"curies":[{"name":"wp","href":"https:\/\/api.w.org\/{rel}","templated":true}]}}