{"id":57221,"date":"2022-12-30T18:03:49","date_gmt":"2022-12-30T17:03:49","guid":{"rendered":"http:\/\/www.libraria-occitana.org\/?post_type=product&#038;p=57221"},"modified":"2026-04-29T10:50:45","modified_gmt":"2026-04-29T08:50:45","slug":"la-caisholeta-danatoli","status":"publish","type":"product","link":"https:\/\/www.libraria-occitana.org\/en\/product\/la-caisholeta-danatoli\/","title":{"rendered":"&#8230; La caisholeta d&#8217;Anat\u00f2li"},"content":{"rendered":"<p>Anatole tra\u00eene toujours derri\u00e8re lui sa petite casserole. Elle lui est tomb\u00e9e dessus un jour\u2026 On ne sait pas tr\u00e8s bien pourquoi. Depuis, elle se coince partout et l\u2019emp\u00eache d\u2019avancer. Un jour, il en a assez. Il d\u00e9cide de se cacher. Mais heureusement, les choses ne sont pas si simples\u2026<\/p>\n","protected":false},"excerpt":{"rendered":"<p>Anatole tra\u00eene toujours derri\u00e8re lui sa petite casserole. Elle lui est tomb\u00e9e dessus un jour\u2026 On ne sait pas tr\u00e8s bien pourquoi. Depuis, elle se coince partout et l\u2019emp\u00eache d\u2019avancer. Un jour, il en a assez. Il d\u00e9cide de se cacher. Mais heureusement, les choses ne sont pas si simples\u2026<\/p>\n","protected":false},"featured_media":57232,"template":"","meta":{"_acf_changed":false,"_genesis_hide_title":false,"_genesis_hide_breadcrumbs":false,"_genesis_hide_singular_image":false,"_genesis_hide_footer_widgets":false,"_genesis_custom_body_class":"","_genesis_custom_post_class":"","_genesis_layout":""},"product_brand":[],"product_cat":[7132,7170,7164],"product_tag":[],"class_list":{"0":"post-57221","1":"product","2":"type-product","3":"status-publish","4":"has-post-thumbnail","6":"product_cat-books","7":"product_cat-juvenile-en","8":"product_cat-juvenile-and-teen-comics-humour-en","9":"pa_auteur-carrier-isabeu-en","10":"pa_editeur-per-noste-en","11":"pa_illustrateur-labandes-claudia-en","12":"pa_langue-occitan-en","13":"pa_langue-occitan-gascon-en","14":"entry","16":"first","17":"instock","18":"shipping-taxable","19":"purchasable","20":"product-type-simple"},"acf":[],"_links":{"self":[{"href":"https:\/\/www.libraria-occitana.org\/en\/wp-json\/wp\/v2\/product\/57221","targetHints":{"allow":["GET"]}}],"collection":[{"href":"https:\/\/www.libraria-occitana.org\/en\/wp-json\/wp\/v2\/product"}],"about":[{"href":"https:\/\/www.libraria-occitana.org\/en\/wp-json\/wp\/v2\/types\/product"}],"wp:featuredmedia":[{"embeddable":true,"href":"https:\/\/www.libraria-occitana.org\/en\/wp-json\/wp\/v2\/media\/57232"}],"wp:attachment":[{"href":"https:\/\/www.libraria-occitana.org\/en\/wp-json\/wp\/v2\/media?parent=57221"}],"wp:term":[{"taxonomy":"product_brand","embeddable":true,"href":"https:\/\/www.libraria-occitana.org\/en\/wp-json\/wp\/v2\/product_brand?post=57221"},{"taxonomy":"product_cat","embeddable":true,"href":"https:\/\/www.libraria-occitana.org\/en\/wp-json\/wp\/v2\/product_cat?post=57221"},{"taxonomy":"product_tag","embeddable":true,"href":"https:\/\/www.libraria-occitana.org\/en\/wp-json\/wp\/v2\/product_tag?post=57221"}],"curies":[{"name":"wp","href":"https:\/\/api.w.org\/{rel}","templated":true}]}}