{"id":57294,"date":"2021-01-07T15:55:26","date_gmt":"2021-01-07T14:55:26","guid":{"rendered":"http:\/\/www.libraria-occitana.org\/?post_type=product&#038;p=57294"},"modified":"2026-04-29T02:41:25","modified_gmt":"2026-04-29T00:41:25","slug":"le-soleil-ni-meme-la-lune","status":"publish","type":"product","link":"https:\/\/www.libraria-occitana.org\/en\/product\/le-soleil-ni-meme-la-lune\/","title":{"rendered":"Le soleil ni m\u00eame la lune"},"content":{"rendered":"<p><strong>Perrine Bourel :<\/strong> Violon<br \/>\n<strong>Jacques Puech :<\/strong> Cabrette<\/p>\n<p>C&#8217;est sur le fil t\u00e9nu des m\u00e9lodies traditionnelles du Massif Central et des Hautes-Alpes que les musiciens \u00e9voluent. Il s&#8217;agit l\u00e0 d&#8217;un dialogue qui tend \u00e0 l&#8217;essentiel, quasiment \u00e0 la nudit\u00e9. Pas de bavardages ou de discours superflus, les m\u00e9lodies se suffisent et s&#8217;inventent sans cesse de nouvelles variations, de nouveaux jeux, de nouvelles histoires.<\/p>\n<p><iframe loading=\"lazy\" title=\"YouTube video player\" src=\"https:\/\/www.youtube.com\/embed\/SSH7tr75b6o\" width=\"560\" height=\"315\" frameborder=\"0\" allowfullscreen=\"allowfullscreen\"><\/iframe><\/p>\n<p><strong>Titres :<\/strong><br \/>\n1. C&#8217;est un soldat de 28 ans &#8211; Rigodon \u00e0 Patacol 6&#8217;53<br \/>\n2. Polka a\u0300 Roussin &#8211; Polka pique\u0301e a\u0300 Se\u0301brier 2&#8217;29<br \/>\n3. Mon Lilas &#8211; Valse a\u0300 Dumas 4&#8217;15<br \/>\n4. Torna, vira, tu seras pas mon gendre ! &#8211; Marche des boiteux 2&#8217;15<br \/>\n5. Mazurka a\u0300 Pe\u0301chadre 1&#8217;29<br \/>\n6. Bourre\u0301e d&#8217;Auvergne &#8211; Bourre\u0301e a\u0300 Geneix 2&#8217;54<br \/>\n7. Il a sonne\u0301 minuit &#8211; Aubade du cha\u0302teau d&#8217;Ancelle 6&#8217;12<br \/>\n8. Les filles de Saint-Firmin &#8211; Rigodon a\u0300 quatre cordons d&#8217;Escalle 4&#8217;10<br \/>\n9. Ieu n&#8217;ai cinc sous 2&#8217;41<br \/>\n10. Mazurka a\u0300 Escalle &#8211; Mariton 3&#8217;34<br \/>\n11. Les scieurs de long &#8211; Adieu Privas 4&#8217;13<br \/>\n12. Les salades &#8211; Rigodon du Vercors 1&#8217;36<br \/>\n13. Je\u0301sus s&#8217;habille en pauvre &#8211; Bourre\u0301e de la Marguerite 2&#8217;39<br \/>\n14. A la bastida 5&#8217;11<\/p>\n","protected":false},"excerpt":{"rendered":"<p>Perrine Bourel : Violon Jacques Puech : Cabrette C&#8217;est sur le fil t\u00e9nu des m\u00e9lodies traditionnelles du Massif Central et des Hautes-Alpes que les musiciens \u00e9voluent. Il s&#8217;agit l\u00e0 d&#8217;un dialogue qui tend \u00e0 l&#8217;essentiel, quasiment \u00e0 la nudit\u00e9. Pas de bavardages ou de discours superflus, les m\u00e9lodies se suffisent et s&#8217;inventent sans cesse de [&hellip;]<\/p>\n","protected":false},"featured_media":57280,"template":"","meta":{"_acf_changed":false,"_genesis_hide_title":false,"_genesis_hide_breadcrumbs":false,"_genesis_hide_singular_image":false,"_genesis_hide_footer_widgets":false,"_genesis_custom_body_class":"","_genesis_custom_post_class":"","_genesis_layout":""},"product_brand":[],"product_cat":[7228,7216],"product_tag":[],"class_list":{"0":"post-57294","1":"product","2":"type-product","3":"status-publish","4":"has-post-thumbnail","6":"product_cat-modern-folk-en","7":"product_cat-music-en","8":"pa_auteur-le-soleil-ni-meme-la-lune-en","9":"pa_editeur-la-novia-en","10":"pa_langue-francais-en","11":"pa_langue-occitan-en","12":"pa_langue-occitan-lengadocian-en","13":"entry","15":"first","16":"instock","17":"shipping-taxable","18":"purchasable","19":"product-type-simple"},"acf":[],"_links":{"self":[{"href":"https:\/\/www.libraria-occitana.org\/en\/wp-json\/wp\/v2\/product\/57294","targetHints":{"allow":["GET"]}}],"collection":[{"href":"https:\/\/www.libraria-occitana.org\/en\/wp-json\/wp\/v2\/product"}],"about":[{"href":"https:\/\/www.libraria-occitana.org\/en\/wp-json\/wp\/v2\/types\/product"}],"wp:featuredmedia":[{"embeddable":true,"href":"https:\/\/www.libraria-occitana.org\/en\/wp-json\/wp\/v2\/media\/57280"}],"wp:attachment":[{"href":"https:\/\/www.libraria-occitana.org\/en\/wp-json\/wp\/v2\/media?parent=57294"}],"wp:term":[{"taxonomy":"product_brand","embeddable":true,"href":"https:\/\/www.libraria-occitana.org\/en\/wp-json\/wp\/v2\/product_brand?post=57294"},{"taxonomy":"product_cat","embeddable":true,"href":"https:\/\/www.libraria-occitana.org\/en\/wp-json\/wp\/v2\/product_cat?post=57294"},{"taxonomy":"product_tag","embeddable":true,"href":"https:\/\/www.libraria-occitana.org\/en\/wp-json\/wp\/v2\/product_tag?post=57294"}],"curies":[{"name":"wp","href":"https:\/\/api.w.org\/{rel}","templated":true}]}}