{"id":57297,"date":"2022-12-07T16:45:21","date_gmt":"2022-12-07T15:45:21","guid":{"rendered":"http:\/\/www.libraria-occitana.org\/?post_type=product&#038;p=57297"},"modified":"2026-04-29T10:20:24","modified_gmt":"2026-04-29T08:20:24","slug":"la-quista-deus-omis-petits-libre-cd","status":"publish","type":"product","link":"https:\/\/www.libraria-occitana.org\/en\/product\/la-quista-deus-omis-petits-libre-cd\/","title":{"rendered":"La quista deus \u00d2mis Petits (libre + CD)"},"content":{"rendered":"<p>Dans ce nouvel album, Th\u00e9r\u00e8se Pambrun nous livre la suite de <a href=\"http:\/\/www.libraria-occitana.org\/produit\/los-omis-petits-libre-cd\/\"><em>Los \u00d2mis Petits<\/em><\/a>, l\u2019histoire de ce peuple de lutins vivant cach\u00e9s dans la for\u00eat.<\/p>\n<p>Nous accompagnons les personnages dans de nouvelles aventures, de nouvelles d\u00e9couvertes et de nouvelles rencontres \u00e9tonnantes.<\/p>\n<p>Une fiction joliment illustr\u00e9e qui m\u00eale tendresse et imaginaire.<\/p>\n<p>Album couleur reli\u00e9.<\/p>\n","protected":false},"excerpt":{"rendered":"<p>Dans ce nouvel album, Th\u00e9r\u00e8se Pambrun nous livre la suite de Los \u00d2mis Petits, l\u2019histoire de ce peuple de lutins vivant cach\u00e9s dans la for\u00eat. Nous accompagnons les personnages dans de nouvelles aventures, de nouvelles d\u00e9couvertes et de nouvelles rencontres \u00e9tonnantes. Une fiction joliment illustr\u00e9e qui m\u00eale tendresse et imaginaire. Album couleur reli\u00e9.<\/p>\n","protected":false},"featured_media":57292,"template":"","meta":{"_acf_changed":false,"_genesis_hide_title":false,"_genesis_hide_breadcrumbs":false,"_genesis_hide_singular_image":false,"_genesis_hide_footer_widgets":false,"_genesis_custom_body_class":"","_genesis_custom_post_class":"","_genesis_layout":""},"product_brand":[],"product_cat":[7132,7170,7164],"product_tag":[],"class_list":{"0":"post-57297","1":"product","2":"type-product","3":"status-publish","4":"has-post-thumbnail","6":"product_cat-books","7":"product_cat-juvenile-en","8":"product_cat-juvenile-and-teen-comics-humour-en","9":"pa_auteur-pambrun-teresa-en","10":"pa_editeur-letras-doc-en","11":"pa_langue-occitan-en","12":"pa_langue-occitan-gascon-en","13":"entry","15":"first","16":"instock","17":"shipping-taxable","18":"purchasable","19":"product-type-simple"},"acf":[],"_links":{"self":[{"href":"https:\/\/www.libraria-occitana.org\/en\/wp-json\/wp\/v2\/product\/57297","targetHints":{"allow":["GET"]}}],"collection":[{"href":"https:\/\/www.libraria-occitana.org\/en\/wp-json\/wp\/v2\/product"}],"about":[{"href":"https:\/\/www.libraria-occitana.org\/en\/wp-json\/wp\/v2\/types\/product"}],"wp:featuredmedia":[{"embeddable":true,"href":"https:\/\/www.libraria-occitana.org\/en\/wp-json\/wp\/v2\/media\/57292"}],"wp:attachment":[{"href":"https:\/\/www.libraria-occitana.org\/en\/wp-json\/wp\/v2\/media?parent=57297"}],"wp:term":[{"taxonomy":"product_brand","embeddable":true,"href":"https:\/\/www.libraria-occitana.org\/en\/wp-json\/wp\/v2\/product_brand?post=57297"},{"taxonomy":"product_cat","embeddable":true,"href":"https:\/\/www.libraria-occitana.org\/en\/wp-json\/wp\/v2\/product_cat?post=57297"},{"taxonomy":"product_tag","embeddable":true,"href":"https:\/\/www.libraria-occitana.org\/en\/wp-json\/wp\/v2\/product_tag?post=57297"}],"curies":[{"name":"wp","href":"https:\/\/api.w.org\/{rel}","templated":true}]}}