{"id":57301,"date":"2022-12-07T16:56:28","date_gmt":"2022-12-07T15:56:28","guid":{"rendered":"http:\/\/www.libraria-occitana.org\/?post_type=product&#038;p=57301"},"modified":"2026-04-29T06:41:15","modified_gmt":"2026-04-29T04:41:15","slug":"la-murena-atendra-la-murene-attendra","status":"publish","type":"product","link":"https:\/\/www.libraria-occitana.org\/en\/product\/la-murena-atendra-la-murene-attendra\/","title":{"rendered":"La murena atendr\u00e0 &#8211; La mur\u00e8ne attendra"},"content":{"rendered":"<blockquote>\n<p>Le monstre vient d\u2019entrer. Il est l\u00e0. Il prend son temps. Et nous, nous avons grandi, beaucoup, beaucoup grandi pour l\u2019impressionner et le tenir \u00e0 distance. Nous sommes retourn\u00e9s \u00e0 l\u2019\u00e9tat premier du Nous, l\u2019arme absolue pour l\u2019an\u00e9antir, le rideau d\u2019arbres pour le perdre en chemin, la corde de survie pour t\u2019extraire de ses griffes. La lumi\u00e8re, la douceur, la m\u00e9moire essentielle contre tes terreurs, et pourtant\u2026<\/p>\n<\/blockquote>\n<p>Dernier roman de Dani\u00e8le Est\u00e8be-Hoursiangou qui pr\u00e9sente un couple amoureux s\u00e9par\u00e9 par la maladie d&#8217;Alzheimer. Entre fiction et r\u00e9alit\u00e9, un r\u00e9cit fort d&#8217;amour et de pudeur.<\/p>\n","protected":false},"excerpt":{"rendered":"<p>Le monstre vient d\u2019entrer. Il est l\u00e0. Il prend son temps. Et nous, nous avons grandi, beaucoup, beaucoup grandi pour l\u2019impressionner et le tenir \u00e0 distance. Nous sommes retourn\u00e9s \u00e0 l\u2019\u00e9tat premier du Nous, l\u2019arme absolue pour l\u2019an\u00e9antir, le rideau d\u2019arbres pour le perdre en chemin, la corde de survie pour t\u2019extraire de ses griffes. [&hellip;]<\/p>\n","protected":false},"featured_media":57235,"template":"","meta":{"_acf_changed":false,"_genesis_hide_title":false,"_genesis_hide_breadcrumbs":false,"_genesis_hide_singular_image":false,"_genesis_hide_footer_widgets":false,"_genesis_custom_body_class":"","_genesis_custom_post_class":"","_genesis_layout":""},"product_brand":[],"product_cat":[7132,7174,7182],"product_tag":[],"class_list":{"0":"post-57301","1":"product","2":"type-product","3":"status-publish","4":"has-post-thumbnail","6":"product_cat-books","7":"product_cat-literature-en","8":"product_cat-novels-short-stories-en","9":"pa_auteur-estebe-hoursiangou-daniele-en","10":"pa_editeur-reclams-en","11":"pa_langue-occitan-lengadocian-en","12":"pa_langue-occitan-francais-en","13":"entry","15":"first","16":"instock","17":"shipping-taxable","18":"purchasable","19":"product-type-simple"},"acf":[],"_links":{"self":[{"href":"https:\/\/www.libraria-occitana.org\/en\/wp-json\/wp\/v2\/product\/57301","targetHints":{"allow":["GET"]}}],"collection":[{"href":"https:\/\/www.libraria-occitana.org\/en\/wp-json\/wp\/v2\/product"}],"about":[{"href":"https:\/\/www.libraria-occitana.org\/en\/wp-json\/wp\/v2\/types\/product"}],"wp:featuredmedia":[{"embeddable":true,"href":"https:\/\/www.libraria-occitana.org\/en\/wp-json\/wp\/v2\/media\/57235"}],"wp:attachment":[{"href":"https:\/\/www.libraria-occitana.org\/en\/wp-json\/wp\/v2\/media?parent=57301"}],"wp:term":[{"taxonomy":"product_brand","embeddable":true,"href":"https:\/\/www.libraria-occitana.org\/en\/wp-json\/wp\/v2\/product_brand?post=57301"},{"taxonomy":"product_cat","embeddable":true,"href":"https:\/\/www.libraria-occitana.org\/en\/wp-json\/wp\/v2\/product_cat?post=57301"},{"taxonomy":"product_tag","embeddable":true,"href":"https:\/\/www.libraria-occitana.org\/en\/wp-json\/wp\/v2\/product_tag?post=57301"}],"curies":[{"name":"wp","href":"https:\/\/api.w.org\/{rel}","templated":true}]}}