{"id":57307,"date":"2022-12-07T17:13:36","date_gmt":"2022-12-07T16:13:36","guid":{"rendered":"http:\/\/www.libraria-occitana.org\/?post_type=product&#038;p=57307"},"modified":"2026-04-29T04:56:11","modified_gmt":"2026-04-29T02:56:11","slug":"quos-pas-per-res-pas-pour-rien","status":"publish","type":"product","link":"https:\/\/www.libraria-occitana.org\/en\/product\/quos-pas-per-res-pas-pour-rien\/","title":{"rendered":"Qu\u00f2&#8217;s pas per res &#8211; Pas pour rien"},"content":{"rendered":"<p>Recueil de po\u00e9sie d&#8217;Adeline Yzac.<\/p>\n<p>Il y a cet \u00e9lan de la langue et voici que le po\u00e8me para\u00eet : moqueur, chagrin, vigoureux, bavard, pointilleux,\u2026 oui, la langue et la parole ne c\u00e8dent pas et r\u00e9pliquent. Tenter de leur clouer le bec ? Impossible !<\/p>\n","protected":false},"excerpt":{"rendered":"<p>Recueil de po\u00e9sie d&#8217;Adeline Yzac. Il y a cet \u00e9lan de la langue et voici que le po\u00e8me para\u00eet : moqueur, chagrin, vigoureux, bavard, pointilleux,\u2026 oui, la langue et la parole ne c\u00e8dent pas et r\u00e9pliquent. Tenter de leur clouer le bec ? Impossible !<\/p>\n","protected":false},"featured_media":57241,"template":"","meta":{"_acf_changed":false,"_genesis_hide_title":false,"_genesis_hide_breadcrumbs":false,"_genesis_hide_singular_image":false,"_genesis_hide_footer_widgets":false,"_genesis_custom_body_class":"","_genesis_custom_post_class":"","_genesis_layout":""},"product_brand":[],"product_cat":[7132,7174,7180],"product_tag":[],"class_list":{"0":"post-57307","1":"product","2":"type-product","3":"status-publish","4":"has-post-thumbnail","6":"product_cat-books","7":"product_cat-literature-en","8":"product_cat-poetry-en","9":"pa_auteur-yzac-adelina-en","10":"pa_editeur-reclams-en","11":"pa_langue-occitan-lengadocian-en","12":"pa_langue-occitan-francais-en","13":"entry","15":"first","16":"instock","17":"shipping-taxable","18":"purchasable","19":"product-type-simple"},"acf":[],"_links":{"self":[{"href":"https:\/\/www.libraria-occitana.org\/en\/wp-json\/wp\/v2\/product\/57307","targetHints":{"allow":["GET"]}}],"collection":[{"href":"https:\/\/www.libraria-occitana.org\/en\/wp-json\/wp\/v2\/product"}],"about":[{"href":"https:\/\/www.libraria-occitana.org\/en\/wp-json\/wp\/v2\/types\/product"}],"wp:featuredmedia":[{"embeddable":true,"href":"https:\/\/www.libraria-occitana.org\/en\/wp-json\/wp\/v2\/media\/57241"}],"wp:attachment":[{"href":"https:\/\/www.libraria-occitana.org\/en\/wp-json\/wp\/v2\/media?parent=57307"}],"wp:term":[{"taxonomy":"product_brand","embeddable":true,"href":"https:\/\/www.libraria-occitana.org\/en\/wp-json\/wp\/v2\/product_brand?post=57307"},{"taxonomy":"product_cat","embeddable":true,"href":"https:\/\/www.libraria-occitana.org\/en\/wp-json\/wp\/v2\/product_cat?post=57307"},{"taxonomy":"product_tag","embeddable":true,"href":"https:\/\/www.libraria-occitana.org\/en\/wp-json\/wp\/v2\/product_tag?post=57307"}],"curies":[{"name":"wp","href":"https:\/\/api.w.org\/{rel}","templated":true}]}}