{"id":57310,"date":"2022-12-07T17:32:03","date_gmt":"2022-12-07T16:32:03","guid":{"rendered":"http:\/\/www.libraria-occitana.org\/?post_type=product&#038;p=57310"},"modified":"2026-04-08T22:56:22","modified_gmt":"2026-04-08T20:56:22","slug":"jo-medisha","status":"publish","type":"product","link":"https:\/\/www.libraria-occitana.org\/en\/product\/jo-medisha\/","title":{"rendered":"Jo Medisha"},"content":{"rendered":"<p>Dans les Pyr\u00e9n\u00e9es, il y avait une f\u00e9e qui ne connaissait pas la f\u00eate de No\u00ebl. Cette fillette aux grands yeux \u00e9tait belle comme le jour, sage comme le monde et rus\u00e9e comme personne. En ce temps-l\u00e0, c&#8217;\u00e9tait une f\u00e9e comme les autres. Elle se r\u00e9veillait au printemps, s&#8217;amusait l&#8217;\u00e9t\u00e9, cherchait un abri \u00e0 l&#8217;automne et y dormait l&#8217;hiver. Un jour, comme elle s&#8217;ennuyait dans sa grotte, elle voulut aller chercher ses amis. Elle d\u00e9couvrit ce qu\u2019\u00e9tait No\u00ebl et voulut pr\u00e9parer une f\u00eate sans savoir ce dont elle avait besoin. Cette f\u00e9e s\u2019appelait Medisha et vous \u00eates sur le point de suivre son chemin.<\/p>\n","protected":false},"excerpt":{"rendered":"<p>Dans les Pyr\u00e9n\u00e9es, il y avait une f\u00e9e qui ne connaissait pas la f\u00eate de No\u00ebl. Cette fillette aux grands yeux \u00e9tait belle comme le jour, sage comme le monde et rus\u00e9e comme personne. En ce temps-l\u00e0, c&#8217;\u00e9tait une f\u00e9e comme les autres. Elle se r\u00e9veillait au printemps, s&#8217;amusait l&#8217;\u00e9t\u00e9, cherchait un abri \u00e0 l&#8217;automne [&hellip;]<\/p>\n","protected":false},"featured_media":57229,"template":"","meta":{"_acf_changed":false,"_genesis_hide_title":false,"_genesis_hide_breadcrumbs":false,"_genesis_hide_singular_image":false,"_genesis_hide_footer_widgets":false,"_genesis_custom_body_class":"","_genesis_custom_post_class":"","_genesis_layout":""},"product_brand":[],"product_cat":[7132,7170,7164],"product_tag":[],"class_list":{"0":"post-57310","1":"product","2":"type-product","3":"status-publish","4":"has-post-thumbnail","6":"product_cat-books","7":"product_cat-juvenile-en","8":"product_cat-juvenile-and-teen-comics-humour-en","9":"pa_auteur-boy-remesi-en","10":"pa_editeur-per-noste-en","11":"pa_illustrateur-couderc-jean-charles-en","12":"pa_langue-occitan-en","13":"pa_langue-occitan-gascon-en","14":"entry","16":"first","17":"outofstock","18":"shipping-taxable","19":"purchasable","20":"product-type-simple"},"acf":[],"_links":{"self":[{"href":"https:\/\/www.libraria-occitana.org\/en\/wp-json\/wp\/v2\/product\/57310","targetHints":{"allow":["GET"]}}],"collection":[{"href":"https:\/\/www.libraria-occitana.org\/en\/wp-json\/wp\/v2\/product"}],"about":[{"href":"https:\/\/www.libraria-occitana.org\/en\/wp-json\/wp\/v2\/types\/product"}],"wp:featuredmedia":[{"embeddable":true,"href":"https:\/\/www.libraria-occitana.org\/en\/wp-json\/wp\/v2\/media\/57229"}],"wp:attachment":[{"href":"https:\/\/www.libraria-occitana.org\/en\/wp-json\/wp\/v2\/media?parent=57310"}],"wp:term":[{"taxonomy":"product_brand","embeddable":true,"href":"https:\/\/www.libraria-occitana.org\/en\/wp-json\/wp\/v2\/product_brand?post=57310"},{"taxonomy":"product_cat","embeddable":true,"href":"https:\/\/www.libraria-occitana.org\/en\/wp-json\/wp\/v2\/product_cat?post=57310"},{"taxonomy":"product_tag","embeddable":true,"href":"https:\/\/www.libraria-occitana.org\/en\/wp-json\/wp\/v2\/product_tag?post=57310"}],"curies":[{"name":"wp","href":"https:\/\/api.w.org\/{rel}","templated":true}]}}