{"id":57313,"date":"2022-04-23T17:13:02","date_gmt":"2022-04-23T15:13:02","guid":{"rendered":"http:\/\/www.libraria-occitana.org\/?post_type=product&#038;p=57313"},"modified":"2026-04-13T00:51:16","modified_gmt":"2026-04-12T22:51:16","slug":"canconetas-occitanas-pels-drollets-chansonnettes-occitanes-pour-les-enfants-libre-cd","status":"publish","type":"product","link":"https:\/\/www.libraria-occitana.org\/en\/product\/canconetas-occitanas-pels-drollets-chansonnettes-occitanes-pour-les-enfants-libre-cd\/","title":{"rendered":"Can\u00e7onetas occitanas pels drollets &#8211; Chansonnettes occitanes pour les enfants (libre + CD)"},"content":{"rendered":"<p>Livre avec 1 CD 76 min. Pr\u00e9sentation des textes en occitan avec traductions en fran\u00e7ais de chansonnettes occitanes chant\u00e9es par les enfants d&#8217;une \u00e9cole primaire de Carcassonne et les musiciens du groupe Rosamonda sous la direction de G\u00e9rard Zuchetto.<\/p>\n<p><strong>Titres CD :<\/strong><br \/>\n1. Catarina, Catarineta 0&#8217;19<br \/>\n2. Catarina 2&#8217;28<br \/>\n3. Fi\u00e8ra de Comenge 1&#8217;20<br \/>\n4. Maridar la filha 2&#8217;00<br \/>\n5. P\u00f2rc gras 2&#8217;32<br \/>\n6. Joan l&#8217;\u00f2li 1&#8217;50<br \/>\n7. Rossinh\u00f2l que vas en Fran\u00e7a 2&#8217;59<br \/>\n8. La Roseta 1&#8217;45<br \/>\n9. S&#8217;a copat l&#8217;artelh lo paure pastre 2&#8217;01<br \/>\n10. Dan\u00e7a la piuse 3&#8217;27<br \/>\n11. Joan de Niv\u00e8la 3&#8217;51<br \/>\n12. Tres filhas de Peylaurens 3&#8217;04<br \/>\n13. Polc\u00e0 de la piqueta<br \/>\n14. La Giga 3&#8217;14<br \/>\n15. Cantem Nadal ! 3&#8217;25<br \/>\n16. De borrauds 3&#8217;50<br \/>\n17. Las femnas vielhassas 2&#8217;50<br \/>\n18.Filhetas bolegatz vos donc 3&#8217;55<br \/>\n19. L&#8217;aiga de r\u00f2ca 4&#8217;16<\/p>\n","protected":false},"excerpt":{"rendered":"<p>Livre avec 1 CD 76 min. Pr\u00e9sentation des textes en occitan avec traductions en fran\u00e7ais de chansonnettes occitanes chant\u00e9es par les enfants d&#8217;une \u00e9cole primaire de Carcassonne et les musiciens du groupe Rosamonda sous la direction de G\u00e9rard Zuchetto. Titres CD : 1. Catarina, Catarineta 0&#8217;19 2. Catarina 2&#8217;28 3. Fi\u00e8ra de Comenge 1&#8217;20 4. [&hellip;]<\/p>\n","protected":false},"featured_media":57244,"template":"","meta":{"_acf_changed":false,"_genesis_hide_title":false,"_genesis_hide_breadcrumbs":false,"_genesis_hide_singular_image":false,"_genesis_hide_footer_widgets":false,"_genesis_custom_body_class":"","_genesis_custom_post_class":"","_genesis_layout":""},"product_brand":[],"product_cat":[7132,7136,7144,7170,7164],"product_tag":[],"class_list":{"0":"post-57313","1":"product","2":"type-product","3":"status-publish","4":"has-post-thumbnail","6":"product_cat-books","7":"product_cat-dictionaries-language-educational-en","8":"product_cat-educational-pedagogy-en","9":"product_cat-juvenile-en","10":"product_cat-juvenile-and-teen-comics-humour-en","11":"pa_auteur-grop-rosamonda-en","12":"pa_auteur-zuchetto-gerard-en","13":"pa_editeur-troba-vox-en","14":"pa_langue-occitan-lengadocian-en","15":"pa_langue-occitan-francais-en","16":"entry","18":"first","19":"instock","20":"shipping-taxable","21":"purchasable","22":"product-type-simple"},"acf":[],"_links":{"self":[{"href":"https:\/\/www.libraria-occitana.org\/en\/wp-json\/wp\/v2\/product\/57313","targetHints":{"allow":["GET"]}}],"collection":[{"href":"https:\/\/www.libraria-occitana.org\/en\/wp-json\/wp\/v2\/product"}],"about":[{"href":"https:\/\/www.libraria-occitana.org\/en\/wp-json\/wp\/v2\/types\/product"}],"wp:featuredmedia":[{"embeddable":true,"href":"https:\/\/www.libraria-occitana.org\/en\/wp-json\/wp\/v2\/media\/57244"}],"wp:attachment":[{"href":"https:\/\/www.libraria-occitana.org\/en\/wp-json\/wp\/v2\/media?parent=57313"}],"wp:term":[{"taxonomy":"product_brand","embeddable":true,"href":"https:\/\/www.libraria-occitana.org\/en\/wp-json\/wp\/v2\/product_brand?post=57313"},{"taxonomy":"product_cat","embeddable":true,"href":"https:\/\/www.libraria-occitana.org\/en\/wp-json\/wp\/v2\/product_cat?post=57313"},{"taxonomy":"product_tag","embeddable":true,"href":"https:\/\/www.libraria-occitana.org\/en\/wp-json\/wp\/v2\/product_tag?post=57313"}],"curies":[{"name":"wp","href":"https:\/\/api.w.org\/{rel}","templated":true}]}}