{"id":57329,"date":"2022-12-08T18:31:12","date_gmt":"2022-12-08T17:31:12","guid":{"rendered":"http:\/\/www.libraria-occitana.org\/?post_type=product&#038;p=57329"},"modified":"2026-04-29T01:56:29","modified_gmt":"2026-04-28T23:56:29","slug":"la-vida-textes-de-cancons-1971-2021","status":"publish","type":"product","link":"https:\/\/www.libraria-occitana.org\/en\/product\/la-vida-textes-de-cancons-1971-2021\/","title":{"rendered":"La Vida : T\u00e8xtes de can\u00e7ons (1971-2021)"},"content":{"rendered":"<p>Eric Fraj est une des figures majeures de la chanson occitane. Auteur-compositeur interpr\u00e8te, il commence \u00e0 chanter en public \u00e0 Bordeaux en 1971, \u00e0 l\u2019\u00e2ge de 14 ans. Depuis, sa voix ne cesse de r\u00e9sonner o\u00f9 la vie le m\u00e8ne, en Occitanie ou ailleurs, d\u2019une place de village \u00e0 la sc\u00e8ne d\u2019un grand festival, d\u2019une salle de caf\u00e9 \u00e0 celle d\u2019un centre culturel, du Th\u00e9\u00e2tre Lumi\u00e8re de G\u00f6ttingen au Palau de la M\u00fasica de Barcelone, en passant par Paris, Casablanca, Lausanne, Alcoi (Pays Valencien), Perpignan, l\u2019Andorre, la Bretagne, la Corse, le Pays Basque, etc. Form\u00e9 \u00e0 l\u2019\u00e9cole de la sc\u00e8ne, il exprime son go\u00fbt de l\u2019alt\u00e9rit\u00e9, sa fid\u00e9lit\u00e9 aux r\u00eaves et aux tribulations de son enfance par son choix de l\u2019universalit\u00e9 et de la pluralit\u00e9 linguistique : il \u00e9crit et chante surtout en occitan mais aussi en catalan, en espagnol et en fran\u00e7ais.<br \/>\nIl n\u2019est pas plus facile de d\u00e9finir Eric Fraj que quelqu\u2019un d\u2019autre. Mais gr\u00e2ce au recueil de 50 ans de textes de chansons qu\u2019il nous offre ici, nous en savons un peu plus sur la longue route initiatique qui est la sienne&#8230;<\/p>\n<p>Traductions fran\u00e7aises de l&#8217;auteur.<\/p>\n","protected":false},"excerpt":{"rendered":"<p>Eric Fraj est une des figures majeures de la chanson occitane. Auteur-compositeur interpr\u00e8te, il commence \u00e0 chanter en public \u00e0 Bordeaux en 1971, \u00e0 l\u2019\u00e2ge de 14 ans. Depuis, sa voix ne cesse de r\u00e9sonner o\u00f9 la vie le m\u00e8ne, en Occitanie ou ailleurs, d\u2019une place de village \u00e0 la sc\u00e8ne d\u2019un grand festival, d\u2019une [&hellip;]<\/p>\n","protected":false},"featured_media":57253,"template":"","meta":{"_acf_changed":false,"_genesis_hide_title":false,"_genesis_hide_breadcrumbs":false,"_genesis_hide_singular_image":false,"_genesis_hide_footer_widgets":false,"_genesis_custom_body_class":"","_genesis_custom_post_class":"","_genesis_layout":""},"product_brand":[],"product_cat":[7132,7190,7192],"product_tag":[],"class_list":{"0":"post-57329","1":"product","2":"type-product","3":"status-publish","4":"has-post-thumbnail","6":"product_cat-books","7":"product_cat-music-dances-en","8":"product_cat-scores-lyrics-en","9":"pa_auteur-fraj-eric-en","10":"pa_editeur-troba-vox-en","11":"pa_langue-autras-lingas-en","12":"pa_langue-francais-en","13":"pa_langue-occitan-lengadocian-en","14":"pa_langue-occitan-francais-en","15":"entry","17":"first","18":"instock","19":"shipping-taxable","20":"purchasable","21":"product-type-simple"},"acf":[],"_links":{"self":[{"href":"https:\/\/www.libraria-occitana.org\/en\/wp-json\/wp\/v2\/product\/57329","targetHints":{"allow":["GET"]}}],"collection":[{"href":"https:\/\/www.libraria-occitana.org\/en\/wp-json\/wp\/v2\/product"}],"about":[{"href":"https:\/\/www.libraria-occitana.org\/en\/wp-json\/wp\/v2\/types\/product"}],"wp:featuredmedia":[{"embeddable":true,"href":"https:\/\/www.libraria-occitana.org\/en\/wp-json\/wp\/v2\/media\/57253"}],"wp:attachment":[{"href":"https:\/\/www.libraria-occitana.org\/en\/wp-json\/wp\/v2\/media?parent=57329"}],"wp:term":[{"taxonomy":"product_brand","embeddable":true,"href":"https:\/\/www.libraria-occitana.org\/en\/wp-json\/wp\/v2\/product_brand?post=57329"},{"taxonomy":"product_cat","embeddable":true,"href":"https:\/\/www.libraria-occitana.org\/en\/wp-json\/wp\/v2\/product_cat?post=57329"},{"taxonomy":"product_tag","embeddable":true,"href":"https:\/\/www.libraria-occitana.org\/en\/wp-json\/wp\/v2\/product_tag?post=57329"}],"curies":[{"name":"wp","href":"https:\/\/api.w.org\/{rel}","templated":true}]}}