{"id":57424,"date":"2023-01-05T19:13:04","date_gmt":"2023-01-05T18:13:04","guid":{"rendered":"http:\/\/www.libraria-occitana.org\/product\/robert-marti-lobra-vida\/"},"modified":"2026-04-29T06:16:54","modified_gmt":"2026-04-29T04:16:54","slug":"robert-marti-lobra-vida","status":"publish","type":"product","link":"https:\/\/www.libraria-occitana.org\/en\/product\/robert-marti-lobra-vida\/","title":{"rendered":"Rob\u00e8rt Mart\u00ed : l&#8217;\u00f2bra-vida"},"content":{"rendered":"<p>Ce livre est un t\u00e9moignage sur la vie de Robert Marty \u00e0 travers les personnes qu&#8217;il c\u00f4toya et les actes qu&#8217;il posa dans sa vie d&#8217;homme, d&#8217;\u00e9crivain et de conteur.<\/p>\n<p>Des photos et illustrations accompagnent les textes sign\u00e9s de : Claudi Alranq, Josep Arasa Ferrer, Andr\u00e9 At, Mirelha Bra\u00e7, Joaqu\u00edn Castillo Blanco, Bernat Cauhap\u00e8, Joan-Lo\u00eds Cortial, Olivi\u00e8r Daillut, Josiana Daun\u00eds-Mart\u00ed, Joan-Claudi For\u00eat, Eric Fraj, Jacme Gaud\u00e0s, Roger Harvey, S\u00e8rgi Javaloy\u00e8s, S\u00e8rgi Labatut, Florant Mercadi\u00e8r, Dani\u00e8l Rif\u00e0, Alan Roch, Estefe Ros, Joan-Claudi S\u00e8rras, Claudi Sicre, Joan Thom\u00e0s, Muriel Verni\u00e8res, S\u00e8rgi Viaule, Joan Vil\u00f2ta.<\/p>\n<p>La coordination du livre a \u00e9t\u00e9 assur\u00e9e par Josiane Daunis Marty et Eric Fraj.<\/p>\n<p>\u00ab L&#8217;id\u00e9e d&#8217;un livre-hommage \u00e0 Robert est n\u00e9e quasiment tout de suite apr\u00e8s sa disparition, tellement les marques de sympathie et de chagrin \u00e9taient fortes et se manifestaient \u00e0 mon intention. Le chef d&#8217;orchestre de ce travail de collecte des textes, celui qui m&#8217;a soutenu dans cette intention, l&#8217;ami de toujours : Eric Fraj, a \u0153uvr\u00e9 pour qu&#8217;aujourd&#8217;hui ce livre paraisse. L&#8217;Institut d&#8217;\u00c9tudes Occitanes et la g\u00e9n\u00e9rosit\u00e9 des donateurs pour la plaque fun\u00e9raire, ainsi que les participants \u00e0 la soir\u00e9e qui a eu lieu \u00e0 l&#8217;Ostal Joan Bodon, ont permis cette parution. Qu&#8217;ils en soient ici tous remerci\u00e9s.<br \/>\nCe livre est un t\u00e9moignage de la vie de Robert \u00e0 travers les personnes qu&#8217;il a c\u00f4toy\u00e9es et les actes qu&#8217;il a pos\u00e9s dans sa vie d&#8217;homme, d&#8217;\u00e9crivain et de conteur. \u00bb<\/p>\n<p style=\"text-align: right;\">Josiane Daunis Marty<\/p>\n","protected":false},"excerpt":{"rendered":"<p>Ce livre est un t\u00e9moignage sur la vie de Robert Marty \u00e0 travers les personnes qu&#8217;il c\u00f4toya et les actes qu&#8217;il posa dans sa vie d&#8217;homme, d&#8217;\u00e9crivain et de conteur. Des photos et illustrations accompagnent les textes sign\u00e9s de : Claudi Alranq, Josep Arasa Ferrer, Andr\u00e9 At, Mirelha Bra\u00e7, Joaqu\u00edn Castillo Blanco, Bernat Cauhap\u00e8, Joan-Lo\u00eds [&hellip;]<\/p>\n","protected":false},"featured_media":57422,"template":"","meta":{"_acf_changed":false,"_genesis_hide_title":false,"_genesis_hide_breadcrumbs":false,"_genesis_hide_singular_image":false,"_genesis_hide_footer_widgets":false,"_genesis_custom_body_class":"","_genesis_custom_post_class":"","_genesis_layout":""},"product_brand":[],"product_cat":[7188,7132,7174,7186,7202],"product_tag":[],"class_list":{"0":"post-57424","1":"product","2":"type-product","3":"status-publish","4":"has-post-thumbnail","6":"product_cat-arts-studies-en","7":"product_cat-books","8":"product_cat-literature-en","9":"product_cat-personal-narratives-memoirs-en","10":"product_cat-politics-sociology-current-affairs-en","11":"pa_auteur-collectiu-en-2","12":"pa_auteur-daunis-marti-josiana-daunis-marty-josiane-2-en","13":"pa_auteur-fraj-eric-en","14":"pa_editeur-ieo-fr-en","15":"pa_langue-autras-lingas-en","16":"pa_langue-francais-en","17":"pa_langue-occitan-en","18":"pa_langue-occitan-gascon-en","19":"pa_langue-occitan-lemosin-en","20":"pa_langue-occitan-lengadocian-en","21":"pa_langue-occitan-vivaroaupenc-en","22":"entry","24":"first","25":"instock","26":"shipping-taxable","27":"purchasable","28":"product-type-simple"},"acf":[],"_links":{"self":[{"href":"https:\/\/www.libraria-occitana.org\/en\/wp-json\/wp\/v2\/product\/57424","targetHints":{"allow":["GET"]}}],"collection":[{"href":"https:\/\/www.libraria-occitana.org\/en\/wp-json\/wp\/v2\/product"}],"about":[{"href":"https:\/\/www.libraria-occitana.org\/en\/wp-json\/wp\/v2\/types\/product"}],"wp:featuredmedia":[{"embeddable":true,"href":"https:\/\/www.libraria-occitana.org\/en\/wp-json\/wp\/v2\/media\/57422"}],"wp:attachment":[{"href":"https:\/\/www.libraria-occitana.org\/en\/wp-json\/wp\/v2\/media?parent=57424"}],"wp:term":[{"taxonomy":"product_brand","embeddable":true,"href":"https:\/\/www.libraria-occitana.org\/en\/wp-json\/wp\/v2\/product_brand?post=57424"},{"taxonomy":"product_cat","embeddable":true,"href":"https:\/\/www.libraria-occitana.org\/en\/wp-json\/wp\/v2\/product_cat?post=57424"},{"taxonomy":"product_tag","embeddable":true,"href":"https:\/\/www.libraria-occitana.org\/en\/wp-json\/wp\/v2\/product_tag?post=57424"}],"curies":[{"name":"wp","href":"https:\/\/api.w.org\/{rel}","templated":true}]}}