{"id":57430,"date":"2023-01-05T19:39:19","date_gmt":"2023-01-05T18:39:19","guid":{"rendered":"http:\/\/www.libraria-occitana.org\/product\/alfa-bestiari\/"},"modified":"2026-04-25T07:56:28","modified_gmt":"2026-04-25T05:56:28","slug":"alfa-bestiari","status":"publish","type":"product","link":"https:\/\/www.libraria-occitana.org\/en\/product\/alfa-bestiari\/","title":{"rendered":"Alf\u00e0-bestiari"},"content":{"rendered":"<blockquote>\n<p>Lo laupard, la pant\u00e8ra e lo tigre<\/p>\n<p>Lo laupard se&#8217;n va<br \/>\nQui sap quora tornar\u00e0 ?<br \/>\nLa pant\u00e8ra<br \/>\nNe fa tot un mist\u00e8ri<br \/>\nPer anar culhir<br \/>\nUn ramelet de r\u00f2sas.<br \/>\nLo tigre es tr\u00f2p pigre<br \/>\nPer faire quic\u00f2m<br \/>\nDe son vestit jaune e negre.<br \/>\nRrrrrroooooooaarrrrr !<br \/>\nLo laupard se&#8217;n es anat<br \/>\nQui sap quora tornar\u00e0 ?<\/p>\n<\/blockquote>\n<p>130 po\u00e8mes et plus de 200 animaux, du plus petit (la param\u00e9cie) au plus gros (le dinosaure), d&#8217;ici et d&#8217;ailleurs, tissent les liens n\u00e9cessaires de l&#8217;imaginaire pour le vivre ensemble, entre humains et animaux, en harmonie avec la Nature.<\/p>\n","protected":false},"excerpt":{"rendered":"<p>Lo laupard, la pant\u00e8ra e lo tigre Lo laupard se&#8217;n va Qui sap quora tornar\u00e0 ? La pant\u00e8ra Ne fa tot un mist\u00e8ri Per anar culhir Un ramelet de r\u00f2sas. Lo tigre es tr\u00f2p pigre Per faire quic\u00f2m De son vestit jaune e negre. Rrrrrroooooooaarrrrr ! Lo laupard se&#8217;n es anat Qui sap quora tornar\u00e0 [&hellip;]<\/p>\n","protected":false},"featured_media":57428,"template":"","meta":{"_acf_changed":false,"_genesis_hide_title":false,"_genesis_hide_breadcrumbs":false,"_genesis_hide_singular_image":false,"_genesis_hide_footer_widgets":false,"_genesis_custom_body_class":"","_genesis_custom_post_class":"","_genesis_layout":""},"product_brand":[],"product_cat":[7132,7174,7180],"product_tag":[],"class_list":{"0":"post-57430","1":"product","2":"type-product","3":"status-publish","4":"has-post-thumbnail","6":"product_cat-books","7":"product_cat-literature-en","8":"product_cat-poetry-en","9":"pa_auteur-roch-a-en","10":"pa_editeur-ieo-aude-en","11":"pa_illustrateur-saulnier-elodia-en","12":"pa_langue-occitan-en","13":"pa_langue-occitan-lengadocian-en","14":"entry","16":"first","17":"instock","18":"shipping-taxable","19":"purchasable","20":"product-type-simple"},"acf":[],"_links":{"self":[{"href":"https:\/\/www.libraria-occitana.org\/en\/wp-json\/wp\/v2\/product\/57430","targetHints":{"allow":["GET"]}}],"collection":[{"href":"https:\/\/www.libraria-occitana.org\/en\/wp-json\/wp\/v2\/product"}],"about":[{"href":"https:\/\/www.libraria-occitana.org\/en\/wp-json\/wp\/v2\/types\/product"}],"wp:featuredmedia":[{"embeddable":true,"href":"https:\/\/www.libraria-occitana.org\/en\/wp-json\/wp\/v2\/media\/57428"}],"wp:attachment":[{"href":"https:\/\/www.libraria-occitana.org\/en\/wp-json\/wp\/v2\/media?parent=57430"}],"wp:term":[{"taxonomy":"product_brand","embeddable":true,"href":"https:\/\/www.libraria-occitana.org\/en\/wp-json\/wp\/v2\/product_brand?post=57430"},{"taxonomy":"product_cat","embeddable":true,"href":"https:\/\/www.libraria-occitana.org\/en\/wp-json\/wp\/v2\/product_cat?post=57430"},{"taxonomy":"product_tag","embeddable":true,"href":"https:\/\/www.libraria-occitana.org\/en\/wp-json\/wp\/v2\/product_tag?post=57430"}],"curies":[{"name":"wp","href":"https:\/\/api.w.org\/{rel}","templated":true}]}}