{"id":57458,"date":"2023-01-10T19:29:32","date_gmt":"2023-01-10T18:29:32","guid":{"rendered":"http:\/\/www.libraria-occitana.org\/product\/limousin-nature\/"},"modified":"2026-04-29T01:41:20","modified_gmt":"2026-04-28T23:41:20","slug":"limousin-nature","status":"publish","type":"product","link":"https:\/\/www.libraria-occitana.org\/en\/product\/limousin-nature\/","title":{"rendered":"Limousin nature"},"content":{"rendered":"<p><strong>Les paysages du Limousin photographi\u00e9s et d\u00e9crypt\u00e9s \u00e0 travers les saisons.<\/strong><\/p>\n<p>Savoir regarder ces paysages, c\u2019est savoir aussi mieux se conna\u00eetre. On pourra y lire notre pass\u00e9, notre pr\u00e9sent et imaginer notre avenir. Attention \u00e0 ne pas se laisser simplement aveugler par leur beaut\u00e9 r\u00e9v\u00e9l\u00e9e par l\u2019\u0153il du photographe. Un paysage est en perp\u00e9tuel mouvement. Chaque heure, chaque journ\u00e9e, chaque saison, chaque ann\u00e9e, chaque si\u00e8cle, il \u00e9volue. Pourtant, nous ne le voyons pas bouger. Sachons profiter de l\u2019\u0153il averti de l\u2019artiste qui a su en figer certains moments et de celui du naturaliste qui essaie de les lire pour les appr\u00e9cier, les comprendre et nous comprendre.<\/p>\n","protected":false},"excerpt":{"rendered":"<p>Les paysages du Limousin photographi\u00e9s et d\u00e9crypt\u00e9s \u00e0 travers les saisons. Savoir regarder ces paysages, c\u2019est savoir aussi mieux se conna\u00eetre. On pourra y lire notre pass\u00e9, notre pr\u00e9sent et imaginer notre avenir. Attention \u00e0 ne pas se laisser simplement aveugler par leur beaut\u00e9 r\u00e9v\u00e9l\u00e9e par l\u2019\u0153il du photographe. Un paysage est en perp\u00e9tuel mouvement. [&hellip;]<\/p>\n","protected":false},"featured_media":57456,"template":"","meta":{"_acf_changed":false,"_genesis_hide_title":false,"_genesis_hide_breadcrumbs":false,"_genesis_hide_singular_image":false,"_genesis_hide_footer_widgets":false,"_genesis_custom_body_class":"","_genesis_custom_post_class":"","_genesis_layout":""},"product_brand":[],"product_cat":[7132,7200,7196],"product_tag":[],"class_list":{"0":"post-57458","1":"product","2":"type-product","3":"status-publish","4":"has-post-thumbnail","6":"product_cat-books","7":"product_cat-nature-gardening-en","8":"product_cat-nature-tourism-en","9":"pa_auteur-rabache-jean-jacques-en","10":"pa_auteur-roblin-daniel-en","11":"pa_editeur-geste-en","12":"pa_langue-francais-en","13":"entry","15":"first","16":"instock","17":"shipping-taxable","18":"purchasable","19":"product-type-simple"},"acf":[],"_links":{"self":[{"href":"https:\/\/www.libraria-occitana.org\/en\/wp-json\/wp\/v2\/product\/57458","targetHints":{"allow":["GET"]}}],"collection":[{"href":"https:\/\/www.libraria-occitana.org\/en\/wp-json\/wp\/v2\/product"}],"about":[{"href":"https:\/\/www.libraria-occitana.org\/en\/wp-json\/wp\/v2\/types\/product"}],"wp:featuredmedia":[{"embeddable":true,"href":"https:\/\/www.libraria-occitana.org\/en\/wp-json\/wp\/v2\/media\/57456"}],"wp:attachment":[{"href":"https:\/\/www.libraria-occitana.org\/en\/wp-json\/wp\/v2\/media?parent=57458"}],"wp:term":[{"taxonomy":"product_brand","embeddable":true,"href":"https:\/\/www.libraria-occitana.org\/en\/wp-json\/wp\/v2\/product_brand?post=57458"},{"taxonomy":"product_cat","embeddable":true,"href":"https:\/\/www.libraria-occitana.org\/en\/wp-json\/wp\/v2\/product_cat?post=57458"},{"taxonomy":"product_tag","embeddable":true,"href":"https:\/\/www.libraria-occitana.org\/en\/wp-json\/wp\/v2\/product_tag?post=57458"}],"curies":[{"name":"wp","href":"https:\/\/api.w.org\/{rel}","templated":true}]}}