{"id":57516,"date":"2022-05-27T17:48:19","date_gmt":"2022-05-27T15:48:19","guid":{"rendered":"http:\/\/www.libraria-occitana.org\/product\/lagastina-chancons-e-comptinas-per-tots-libre-cd\/"},"modified":"2026-04-18T07:12:04","modified_gmt":"2026-04-18T05:12:04","slug":"lagastina-chancons-e-comptinas-per-tots-libre-cd","status":"publish","type":"product","link":"https:\/\/www.libraria-occitana.org\/en\/product\/lagastina-chancons-e-comptinas-per-tots-libre-cd\/","title":{"rendered":"Lagastina &#8211; Chan\u00e7ons e comptinas per tots (libre + CD)"},"content":{"rendered":"<p>6 comptines, 7 chansons de cr\u00e9ation (sauf 3 issues de la tradition populaire) qui vous emm\u00e8nent dans le petit monde de Lagastina la pieuvre violette, pour apprendre l&#8217;occitan tout en chantant.<br \/>\nLes illustrations d&#8217;IsapointK facilitent la compr\u00e9hension des textes en occitan.<\/p>\n<p>Les chansons ont \u00e9t\u00e9 mises en musique par :<br \/>\n&#8211; Lucia Roulet : Fl\u00fbte, chant<br \/>\n&#8211; Emilie Roemer : Fl\u00fbte \u00e0 trois trous, chant<br \/>\n&#8211; Arthur Fouss Cazenave : Batterie<br \/>\n&#8211; Nicolas Peuch : Accord\u00e9on, chant<br \/>\n&#8211; Mateu Bares : Chant, guitare<br \/>\n&#8211; Julien Marchal : Pianos, t\u00e9clats<br \/>\n&#8211; Thomas Doornenbal : Clarinette, chant<br \/>\n&#8211; Didier Berguin : Guitare \u00e9lectrique, basse<br \/>\n&#8211; Franck Lutton : Ing\u00e9nieur du son<\/p>\n<p>Le livre, en occitan limousin, est accompagn\u00e9 d&#8217;un CD o\u00f9 comptines et chansons peuvent s&#8217;\u00e9couter en limousin, mais aussi en gascon, car le livre existe aussi en version gasconne.<\/p>\n","protected":false},"excerpt":{"rendered":"<p>6 comptines, 7 chansons de cr\u00e9ation (sauf 3 issues de la tradition populaire) qui vous emm\u00e8nent dans le petit monde de Lagastina la pieuvre violette, pour apprendre l&#8217;occitan tout en chantant. Les illustrations d&#8217;IsapointK facilitent la compr\u00e9hension des textes en occitan. Les chansons ont \u00e9t\u00e9 mises en musique par : &#8211; Lucia Roulet : Fl\u00fbte, [&hellip;]<\/p>\n","protected":false},"featured_media":57514,"template":"","meta":{"_acf_changed":false,"_genesis_hide_title":false,"_genesis_hide_breadcrumbs":false,"_genesis_hide_singular_image":false,"_genesis_hide_footer_widgets":false,"_genesis_custom_body_class":"","_genesis_custom_post_class":"","_genesis_layout":""},"product_brand":[],"product_cat":[7132,7170,7164],"product_tag":[],"class_list":{"0":"post-57516","1":"product","2":"type-product","3":"status-publish","4":"has-post-thumbnail","6":"product_cat-books","7":"product_cat-juvenile-en","8":"product_cat-juvenile-and-teen-comics-humour-en","9":"pa_auteur-roulet-lucia-en","10":"pa_editeur-lucia-roulet-en","11":"pa_illustrateur-isapointk-en","12":"pa_langue-occitan-en","13":"pa_langue-occitan-lemosin-en","14":"entry","16":"first","17":"outofstock","18":"shipping-taxable","19":"purchasable","20":"product-type-simple"},"acf":[],"_links":{"self":[{"href":"https:\/\/www.libraria-occitana.org\/en\/wp-json\/wp\/v2\/product\/57516","targetHints":{"allow":["GET"]}}],"collection":[{"href":"https:\/\/www.libraria-occitana.org\/en\/wp-json\/wp\/v2\/product"}],"about":[{"href":"https:\/\/www.libraria-occitana.org\/en\/wp-json\/wp\/v2\/types\/product"}],"wp:featuredmedia":[{"embeddable":true,"href":"https:\/\/www.libraria-occitana.org\/en\/wp-json\/wp\/v2\/media\/57514"}],"wp:attachment":[{"href":"https:\/\/www.libraria-occitana.org\/en\/wp-json\/wp\/v2\/media?parent=57516"}],"wp:term":[{"taxonomy":"product_brand","embeddable":true,"href":"https:\/\/www.libraria-occitana.org\/en\/wp-json\/wp\/v2\/product_brand?post=57516"},{"taxonomy":"product_cat","embeddable":true,"href":"https:\/\/www.libraria-occitana.org\/en\/wp-json\/wp\/v2\/product_cat?post=57516"},{"taxonomy":"product_tag","embeddable":true,"href":"https:\/\/www.libraria-occitana.org\/en\/wp-json\/wp\/v2\/product_tag?post=57516"}],"curies":[{"name":"wp","href":"https:\/\/api.w.org\/{rel}","templated":true}]}}