{"id":57607,"date":"2022-09-22T13:58:38","date_gmt":"2022-09-22T11:58:38","guid":{"rendered":"http:\/\/www.libraria-occitana.org\/?post_type=product&#038;p=57607"},"modified":"2024-07-05T00:38:15","modified_gmt":"2024-07-04T22:38:15","slug":"lo-diari-la-cultura-en-occitan-69-moliere-e-lo-teatre-popular","status":"publish","type":"product","link":"https:\/\/www.libraria-occitana.org\/en\/product\/lo-diari-la-cultura-en-occitan-69-moliere-e-lo-teatre-popular\/","title":{"rendered":"Lo diari : La cultura, en occitan #69 \u2013 Moli\u00e8re e lo teatre popular"},"content":{"rendered":"<p><em>Lo Diari<\/em>\u00a0est le magazine de la culture, toute la culture, mais en occitan. Litt\u00e9rature, musique, sport, soci\u00e9t\u00e9, audiovisuel, nouvelles technologies, vous y trouverez de tout pour chacun, pr\u00e9par\u00e9 par une \u00e9quipe de r\u00e9dacteurs de partout.<\/p>\n","protected":false},"excerpt":{"rendered":"<p>Lo Diari\u00a0est le magazine de la culture, toute la culture, mais en occitan. Litt\u00e9rature, musique, sport, soci\u00e9t\u00e9, audiovisuel, nouvelles technologies, vous y trouverez de tout pour chacun, pr\u00e9par\u00e9 par une \u00e9quipe de r\u00e9dacteurs de partout.<\/p>\n","protected":false},"featured_media":57595,"template":"","meta":{"_acf_changed":false,"_genesis_hide_title":false,"_genesis_hide_breadcrumbs":false,"_genesis_hide_singular_image":false,"_genesis_hide_footer_widgets":false,"_genesis_custom_body_class":"","_genesis_custom_post_class":"","_genesis_layout":""},"product_brand":[],"product_cat":[7132,7202],"product_tag":[],"class_list":{"0":"post-57607","1":"product","2":"type-product","3":"status-publish","4":"has-post-thumbnail","6":"product_cat-books","7":"product_cat-politics-sociology-current-affairs-en","8":"pa_auteur-collectiu-en-2","9":"pa_editeur-ieo-opm-en","10":"pa_langue-occitan-en","11":"entry","13":"first","14":"outofstock","15":"shipping-taxable","16":"purchasable","17":"product-type-simple"},"acf":[],"_links":{"self":[{"href":"https:\/\/www.libraria-occitana.org\/en\/wp-json\/wp\/v2\/product\/57607","targetHints":{"allow":["GET"]}}],"collection":[{"href":"https:\/\/www.libraria-occitana.org\/en\/wp-json\/wp\/v2\/product"}],"about":[{"href":"https:\/\/www.libraria-occitana.org\/en\/wp-json\/wp\/v2\/types\/product"}],"wp:featuredmedia":[{"embeddable":true,"href":"https:\/\/www.libraria-occitana.org\/en\/wp-json\/wp\/v2\/media\/57595"}],"wp:attachment":[{"href":"https:\/\/www.libraria-occitana.org\/en\/wp-json\/wp\/v2\/media?parent=57607"}],"wp:term":[{"taxonomy":"product_brand","embeddable":true,"href":"https:\/\/www.libraria-occitana.org\/en\/wp-json\/wp\/v2\/product_brand?post=57607"},{"taxonomy":"product_cat","embeddable":true,"href":"https:\/\/www.libraria-occitana.org\/en\/wp-json\/wp\/v2\/product_cat?post=57607"},{"taxonomy":"product_tag","embeddable":true,"href":"https:\/\/www.libraria-occitana.org\/en\/wp-json\/wp\/v2\/product_tag?post=57607"}],"curies":[{"name":"wp","href":"https:\/\/api.w.org\/{rel}","templated":true}]}}