{"id":57746,"date":"2023-03-29T17:22:34","date_gmt":"2023-03-29T15:22:34","guid":{"rendered":"http:\/\/www.libraria-occitana.org\/?post_type=product&#038;p=57746"},"modified":"2026-04-29T01:06:20","modified_gmt":"2026-04-28T23:06:20","slug":"la-huguenote","status":"publish","type":"product","link":"https:\/\/www.libraria-occitana.org\/en\/product\/la-huguenote\/","title":{"rendered":"La Huguenote"},"content":{"rendered":"<p>C\u2019\u00e9tait le village des Matelles. Les catholiques le tenaient. Il le comprit \u00e0 entendre les cloches qui sonnaient l\u2019ang\u00e9lus, mais dans un clocher d\u00e9moli montrant que les religionnaires \u00e9taient pass\u00e9s par l\u00e0. Il s\u2019\u00e9carta des remparts par un autre chemin de garrigue, mais sans les perdre de vue, de peur de s\u2019\u00e9garer de nouveau. Il arriva ainsi \u00e0 un grand mas dans un autre vallon, qui avait des murailles de forteresse. Que ferait-il ? Il \u00e9tait \u00e9puis\u00e9. La b\u00eate avait besoin d\u2019\u00eatre ferr\u00e9e. Deux hommes montaient la garde \u00e0 la porte de la cour avec un mousquet et ils semblaient bien vouloir lui barrer l\u2019entr\u00e9e.<\/p>\n<p>\u00c0 pile ou face, une fois de plus, Alexandre joua que c\u2019\u00e9taient des religionnaires qui d\u00e9fendaient l\u2019\u00e9tape. Il cria qu\u2019il \u00e9tait un messager de la bonne cause et dit le nom de Rohan. Un pour la vie contre un pour la mort, il avait bien jou\u00e9.<\/p>\n<p><em>La Huguenote<\/em> est le seul roman historique sur le si\u00e8ge de Montpellier en 1622. Robert Lafont l\u2019a \u00e9crit en occitan, au d\u00e9but de ce si\u00e8cle. L\u2019h\u00e9ro\u00efne, Esther, \u00ab l\u2019Uganauda \u00bb, fille de pasteur ari\u00e9geois, se trouve entra\u00een\u00e9e dans les guerres civiles et religieuses qui ravagent alors le Languedoc. Belle figure de tr\u00e8s jeune femme aust\u00e8re et sensible mais aguerrie, elle d\u00e9couvre en quelques mois l\u2019amour et la beaut\u00e9 tragique du monde.<\/p>\n<p>\u00ab L\u2019Uganauda \u00bb, dans sa version occitane d&#8217;origine, est publi\u00e9e dans le livre <a href=\"http:\/\/www.libraria-occitana.org\/produit\/leroi-talhat\/\"><em>L&#8217;er\u00f2i talhat<\/em><\/a>.<\/p>\n","protected":false},"excerpt":{"rendered":"<p>C\u2019\u00e9tait le village des Matelles. Les catholiques le tenaient. Il le comprit \u00e0 entendre les cloches qui sonnaient l\u2019ang\u00e9lus, mais dans un clocher d\u00e9moli montrant que les religionnaires \u00e9taient pass\u00e9s par l\u00e0. Il s\u2019\u00e9carta des remparts par un autre chemin de garrigue, mais sans les perdre de vue, de peur de s\u2019\u00e9garer de nouveau. Il [&hellip;]<\/p>\n","protected":false},"featured_media":57749,"template":"","meta":{"_acf_changed":false,"_genesis_hide_title":false,"_genesis_hide_breadcrumbs":false,"_genesis_hide_singular_image":false,"_genesis_hide_footer_widgets":false,"_genesis_custom_body_class":"","_genesis_custom_post_class":"","_genesis_layout":""},"product_brand":[],"product_cat":[7132,7174,7182],"product_tag":[],"class_list":{"0":"post-57746","1":"product","2":"type-product","3":"status-publish","4":"has-post-thumbnail","6":"product_cat-books","7":"product_cat-literature-en","8":"product_cat-novels-short-stories-en","9":"pa_editeur-lauceu-libre-en","10":"pa_illustrateur-lafont-robert-en","11":"pa_illustrateur-torreilles-claire-en-1","12":"pa_langue-francais-en","13":"entry","15":"first","16":"instock","17":"shipping-taxable","18":"purchasable","19":"product-type-simple"},"acf":[],"_links":{"self":[{"href":"https:\/\/www.libraria-occitana.org\/en\/wp-json\/wp\/v2\/product\/57746","targetHints":{"allow":["GET"]}}],"collection":[{"href":"https:\/\/www.libraria-occitana.org\/en\/wp-json\/wp\/v2\/product"}],"about":[{"href":"https:\/\/www.libraria-occitana.org\/en\/wp-json\/wp\/v2\/types\/product"}],"wp:featuredmedia":[{"embeddable":true,"href":"https:\/\/www.libraria-occitana.org\/en\/wp-json\/wp\/v2\/media\/57749"}],"wp:attachment":[{"href":"https:\/\/www.libraria-occitana.org\/en\/wp-json\/wp\/v2\/media?parent=57746"}],"wp:term":[{"taxonomy":"product_brand","embeddable":true,"href":"https:\/\/www.libraria-occitana.org\/en\/wp-json\/wp\/v2\/product_brand?post=57746"},{"taxonomy":"product_cat","embeddable":true,"href":"https:\/\/www.libraria-occitana.org\/en\/wp-json\/wp\/v2\/product_cat?post=57746"},{"taxonomy":"product_tag","embeddable":true,"href":"https:\/\/www.libraria-occitana.org\/en\/wp-json\/wp\/v2\/product_tag?post=57746"}],"curies":[{"name":"wp","href":"https:\/\/api.w.org\/{rel}","templated":true}]}}