{"id":57765,"date":"2023-03-29T19:42:10","date_gmt":"2023-03-29T17:42:10","guid":{"rendered":"http:\/\/www.libraria-occitana.org\/?post_type=product&#038;p=57765"},"modified":"2026-04-29T07:26:17","modified_gmt":"2026-04-29T05:26:17","slug":"e-se-vos-contavi-pichons-relats-forra-borra","status":"publish","type":"product","link":"https:\/\/www.libraria-occitana.org\/en\/product\/e-se-vos-contavi-pichons-relats-forra-borra\/","title":{"rendered":"E se vos contavi : Pichons relats forra-borra"},"content":{"rendered":"<p>\u00ab Qui ne fait pas quand il peut, ne fait pas quand il veut \u00bb, moi je peux et je veux. Alors, avant de me ratatiner de vieillesse, avant le dernier soupir, il me pla\u00eet de vous livrer, de notre langue, quelques si jolies fa\u00e7ons de parler, de toutes sortes, en veux-tu en voil\u00e0 !<\/p>\n<p>Vous \u00eates de la f\u00eate, bien s\u00fbr il ne faut pas chercher midi \u00e0 quatorze heures, il faut lire du coin de l&#8217;\u0153il, ce ne sont que v\u00e9tilles, quoique&#8230;<\/p>\n","protected":false},"excerpt":{"rendered":"<p>\u00ab Qui ne fait pas quand il peut, ne fait pas quand il veut \u00bb, moi je peux et je veux. Alors, avant de me ratatiner de vieillesse, avant le dernier soupir, il me pla\u00eet de vous livrer, de notre langue, quelques si jolies fa\u00e7ons de parler, de toutes sortes, en veux-tu en voil\u00e0 ! [&hellip;]<\/p>\n","protected":false},"featured_media":57768,"template":"","meta":{"_acf_changed":false,"_genesis_hide_title":false,"_genesis_hide_breadcrumbs":false,"_genesis_hide_singular_image":false,"_genesis_hide_footer_widgets":false,"_genesis_custom_body_class":"","_genesis_custom_post_class":"","_genesis_layout":""},"product_brand":[],"product_cat":[7132,7174,7186],"product_tag":[],"class_list":{"0":"post-57765","1":"product","2":"type-product","3":"status-publish","4":"has-post-thumbnail","6":"product_cat-books","7":"product_cat-literature-en","8":"product_cat-personal-narratives-memoirs-en","9":"pa_auteur-tastaire-aimat-en","10":"pa_editeur-ieo-dolt-en","11":"pa_langue-occitan-lengadocian-en","12":"pa_langue-occitan-francais-en","13":"entry","15":"first","16":"instock","17":"shipping-taxable","18":"purchasable","19":"product-type-simple"},"acf":[],"_links":{"self":[{"href":"https:\/\/www.libraria-occitana.org\/en\/wp-json\/wp\/v2\/product\/57765","targetHints":{"allow":["GET"]}}],"collection":[{"href":"https:\/\/www.libraria-occitana.org\/en\/wp-json\/wp\/v2\/product"}],"about":[{"href":"https:\/\/www.libraria-occitana.org\/en\/wp-json\/wp\/v2\/types\/product"}],"wp:featuredmedia":[{"embeddable":true,"href":"https:\/\/www.libraria-occitana.org\/en\/wp-json\/wp\/v2\/media\/57768"}],"wp:attachment":[{"href":"https:\/\/www.libraria-occitana.org\/en\/wp-json\/wp\/v2\/media?parent=57765"}],"wp:term":[{"taxonomy":"product_brand","embeddable":true,"href":"https:\/\/www.libraria-occitana.org\/en\/wp-json\/wp\/v2\/product_brand?post=57765"},{"taxonomy":"product_cat","embeddable":true,"href":"https:\/\/www.libraria-occitana.org\/en\/wp-json\/wp\/v2\/product_cat?post=57765"},{"taxonomy":"product_tag","embeddable":true,"href":"https:\/\/www.libraria-occitana.org\/en\/wp-json\/wp\/v2\/product_tag?post=57765"}],"curies":[{"name":"wp","href":"https:\/\/api.w.org\/{rel}","templated":true}]}}