{"id":57771,"date":"2023-03-29T20:01:53","date_gmt":"2023-03-29T18:01:53","guid":{"rendered":"http:\/\/www.libraria-occitana.org\/?post_type=product&#038;p=57771"},"modified":"2026-04-19T00:56:26","modified_gmt":"2026-04-18T22:56:26","slug":"de-rusca-e-dombra-decorce-et-dombre","status":"publish","type":"product","link":"https:\/\/www.libraria-occitana.org\/en\/product\/de-rusca-e-dombra-decorce-et-dombre\/","title":{"rendered":"De rusca e d&#8217;ombra &#8211; D&#8217;\u00e9corce et d&#8217;ombre"},"content":{"rendered":"<p>\u00c9dition limit\u00e9e, num\u00e9rot\u00e9e et sign\u00e9e.<br \/>\nUn long po\u00e8me en occitan proven\u00e7al avec une traduction fran\u00e7aise de l&#8217;auteur en regard.<\/p>\n","protected":false},"excerpt":{"rendered":"<p>\u00c9dition limit\u00e9e, num\u00e9rot\u00e9e et sign\u00e9e. Un long po\u00e8me en occitan proven\u00e7al avec une traduction fran\u00e7aise de l&#8217;auteur en regard.<\/p>\n","protected":false},"featured_media":57774,"template":"","meta":{"_acf_changed":false,"_genesis_hide_title":false,"_genesis_hide_breadcrumbs":false,"_genesis_hide_singular_image":false,"_genesis_hide_footer_widgets":false,"_genesis_custom_body_class":"","_genesis_custom_post_class":"","_genesis_layout":""},"product_brand":[],"product_cat":[7132,7174,7180],"product_tag":[],"class_list":{"0":"post-57771","1":"product","2":"type-product","3":"status-publish","4":"has-post-thumbnail","6":"product_cat-books","7":"product_cat-literature-en","8":"product_cat-poetry-en","9":"pa_auteur-matieu-gui-en","10":"pa_editeur-lauceu-libre-en","11":"pa_langue-occitan-provencau-en","12":"pa_langue-occitan-francais-en","13":"entry","15":"first","16":"instock","17":"shipping-taxable","18":"purchasable","19":"product-type-simple"},"acf":[],"_links":{"self":[{"href":"https:\/\/www.libraria-occitana.org\/en\/wp-json\/wp\/v2\/product\/57771","targetHints":{"allow":["GET"]}}],"collection":[{"href":"https:\/\/www.libraria-occitana.org\/en\/wp-json\/wp\/v2\/product"}],"about":[{"href":"https:\/\/www.libraria-occitana.org\/en\/wp-json\/wp\/v2\/types\/product"}],"wp:featuredmedia":[{"embeddable":true,"href":"https:\/\/www.libraria-occitana.org\/en\/wp-json\/wp\/v2\/media\/57774"}],"wp:attachment":[{"href":"https:\/\/www.libraria-occitana.org\/en\/wp-json\/wp\/v2\/media?parent=57771"}],"wp:term":[{"taxonomy":"product_brand","embeddable":true,"href":"https:\/\/www.libraria-occitana.org\/en\/wp-json\/wp\/v2\/product_brand?post=57771"},{"taxonomy":"product_cat","embeddable":true,"href":"https:\/\/www.libraria-occitana.org\/en\/wp-json\/wp\/v2\/product_cat?post=57771"},{"taxonomy":"product_tag","embeddable":true,"href":"https:\/\/www.libraria-occitana.org\/en\/wp-json\/wp\/v2\/product_tag?post=57771"}],"curies":[{"name":"wp","href":"https:\/\/api.w.org\/{rel}","templated":true}]}}