{"id":57807,"date":"2023-04-11T18:20:57","date_gmt":"2023-04-11T16:20:57","guid":{"rendered":"http:\/\/www.libraria-occitana.org\/?post_type=product&#038;p=57807"},"modified":"2026-04-29T01:11:15","modified_gmt":"2026-04-28T23:11:15","slug":"dialogues-occitans-lengadocian-libre-2-cd","status":"publish","type":"product","link":"https:\/\/www.libraria-occitana.org\/en\/product\/dialogues-occitans-lengadocian-libre-2-cd\/","title":{"rendered":"Dial\u00f2gues occitans &#8211; Lengadocian (libre + 2 CD)"},"content":{"rendered":"<p>Seconde \u00e9dition avec nouveau maquettage de l\u2019ouvrage de 2013.<\/p>\n<p>S&#8217;ils ne constituent pas v\u00e9ritablement une m\u00e9thode d&#8217;apprentissage de la langue occitane, ces 52 dialogues en occitan sarladais aideront tr\u00e8s certainement le lecteur et auditeur \u00e0 se placer dans des situations de communication de la vie r\u00e9elle d&#8217;ici et d&#8217;aujourd&#8217;hui. \u00c9crites avec l&#8217;humour habituel de l&#8217;auteur, ces sayn\u00e8tes sont illustr\u00e9es par la verve de Michel Delibie et enregistr\u00e9es avec talent sur 2 CD.<\/p>\n<p>Dani\u00e8l Chavar\u00f2cha nasqu\u00e8t a Sarlat en Perig\u00f2rd Negre.<br \/>\nD\u2019en prumi\u00e8r regent de vilatge, vengut m\u00e8stre caminaire d&#8217;occitan, se bot\u00e8t d\u2019escriure en se noirir de son pa\u00eds. Autor de t\u00e8xtes de can\u00e7ons per los gropes Peiraguda pu\u00e8i Pissafreg, escriu tanben totplen de cants e comptinas pels dr\u00f2lles que aprenon l\u2019occitan. Contunha d\u2019ensenhar pels adultes dins l\u2019encastre associatiu.<br \/>\nPubliqu\u00e8t <em>Contes de rire<\/em>, un libre-CD en \u00f2c pels dr\u00f2lles, lo CD <em>Parlotes et Racontailles<\/em>, mai lo <a href=\"http:\/\/www.libraria-occitana.org\/produit\/nhorlas-libre-2-cd\/\">libre-CD <em>Nh\u00f2rlas<\/em><\/a>. Tanben, publiqu\u00e8t <em>Docteur Pierre Boissel, po\u00e8te paysan<\/em> e un libre-CD <em>La li\u00e8vre et le l\u00e9b\u00e9rou<\/em>. Contaire, presenta cadan d\u2019espectacles nov\u00e8ls dins de festenals o dins de las programacions culturalas e associativas.<\/p>\n","protected":false},"excerpt":{"rendered":"<p>Seconde \u00e9dition avec nouveau maquettage de l\u2019ouvrage de 2013. S&#8217;ils ne constituent pas v\u00e9ritablement une m\u00e9thode d&#8217;apprentissage de la langue occitane, ces 52 dialogues en occitan sarladais aideront tr\u00e8s certainement le lecteur et auditeur \u00e0 se placer dans des situations de communication de la vie r\u00e9elle d&#8217;ici et d&#8217;aujourd&#8217;hui. \u00c9crites avec l&#8217;humour habituel de l&#8217;auteur, [&hellip;]<\/p>\n","protected":false},"featured_media":57810,"template":"","meta":{"_acf_changed":false,"_genesis_hide_title":false,"_genesis_hide_breadcrumbs":false,"_genesis_hide_singular_image":false,"_genesis_hide_footer_widgets":false,"_genesis_custom_body_class":"","_genesis_custom_post_class":"","_genesis_layout":""},"product_brand":[],"product_cat":[7132,7142,7136],"product_tag":[],"class_list":{"0":"post-57807","1":"product","2":"type-product","3":"status-publish","4":"has-post-thumbnail","6":"product_cat-books","7":"product_cat-course-books-en","8":"product_cat-dictionaries-language-educational-en","9":"pa_auteur-chavarocha-daniel-en","10":"pa_editeur-ieo-perigord-novelum-en","11":"pa_illustrateur-delibie-miquel-en","12":"pa_langue-occitan-en","13":"pa_langue-occitan-lengadocian-en","14":"entry","16":"first","17":"instock","18":"shipping-taxable","19":"purchasable","20":"product-type-simple"},"acf":[],"_links":{"self":[{"href":"https:\/\/www.libraria-occitana.org\/en\/wp-json\/wp\/v2\/product\/57807","targetHints":{"allow":["GET"]}}],"collection":[{"href":"https:\/\/www.libraria-occitana.org\/en\/wp-json\/wp\/v2\/product"}],"about":[{"href":"https:\/\/www.libraria-occitana.org\/en\/wp-json\/wp\/v2\/types\/product"}],"wp:featuredmedia":[{"embeddable":true,"href":"https:\/\/www.libraria-occitana.org\/en\/wp-json\/wp\/v2\/media\/57810"}],"wp:attachment":[{"href":"https:\/\/www.libraria-occitana.org\/en\/wp-json\/wp\/v2\/media?parent=57807"}],"wp:term":[{"taxonomy":"product_brand","embeddable":true,"href":"https:\/\/www.libraria-occitana.org\/en\/wp-json\/wp\/v2\/product_brand?post=57807"},{"taxonomy":"product_cat","embeddable":true,"href":"https:\/\/www.libraria-occitana.org\/en\/wp-json\/wp\/v2\/product_cat?post=57807"},{"taxonomy":"product_tag","embeddable":true,"href":"https:\/\/www.libraria-occitana.org\/en\/wp-json\/wp\/v2\/product_tag?post=57807"}],"curies":[{"name":"wp","href":"https:\/\/api.w.org\/{rel}","templated":true}]}}