{"id":57834,"date":"2022-02-13T18:28:45","date_gmt":"2022-02-13T17:28:45","guid":{"rendered":"http:\/\/www.libraria-occitana.org\/?post_type=product&#038;p=57834"},"modified":"2026-04-29T01:51:52","modified_gmt":"2026-04-28T23:51:52","slug":"engagement-creation-revue-a-n12","status":"publish","type":"product","link":"https:\/\/www.libraria-occitana.org\/en\/product\/engagement-creation-revue-a-n12\/","title":{"rendered":"Engagement &#038; cr\u00e9ation \/ Revue A N\u00b012"},"content":{"rendered":"<p>Num\u00e9ro comprenant un dossier de 17 pages consacr\u00e9 \u00e0 Jan-Marc Simeonin \/ Jean-Marc Sim\u00e9onin.<\/p>\n<p><a href=\"http:\/\/www.libraria-occitana.org\/wp-content\/uploads\/2023\/04\/sommaire_n12.pdf\"><strong>Somari<\/strong><\/a><\/p>\n","protected":false},"excerpt":{"rendered":"<p>Num\u00e9ro comprenant un dossier de 17 pages consacr\u00e9 \u00e0 Jan-Marc Simeonin \/ Jean-Marc Sim\u00e9onin. Somari<\/p>\n","protected":false},"featured_media":57840,"template":"","meta":{"_acf_changed":false,"_genesis_hide_title":false,"_genesis_hide_breadcrumbs":false,"_genesis_hide_singular_image":false,"_genesis_hide_footer_widgets":false,"_genesis_custom_body_class":"","_genesis_custom_post_class":"","_genesis_layout":""},"product_brand":[],"product_cat":[7188,7132,7174],"product_tag":[],"class_list":{"0":"post-57834","1":"product","2":"type-product","3":"status-publish","4":"has-post-thumbnail","6":"product_cat-arts-studies-en","7":"product_cat-books","8":"product_cat-literature-en","9":"pa_auteur-collectiu-en-2","10":"pa_editeur-marsa-publications-en","11":"pa_langue-francais-en","12":"entry","14":"first","15":"instock","16":"shipping-taxable","17":"purchasable","18":"product-type-simple"},"acf":[],"_links":{"self":[{"href":"https:\/\/www.libraria-occitana.org\/en\/wp-json\/wp\/v2\/product\/57834","targetHints":{"allow":["GET"]}}],"collection":[{"href":"https:\/\/www.libraria-occitana.org\/en\/wp-json\/wp\/v2\/product"}],"about":[{"href":"https:\/\/www.libraria-occitana.org\/en\/wp-json\/wp\/v2\/types\/product"}],"wp:featuredmedia":[{"embeddable":true,"href":"https:\/\/www.libraria-occitana.org\/en\/wp-json\/wp\/v2\/media\/57840"}],"wp:attachment":[{"href":"https:\/\/www.libraria-occitana.org\/en\/wp-json\/wp\/v2\/media?parent=57834"}],"wp:term":[{"taxonomy":"product_brand","embeddable":true,"href":"https:\/\/www.libraria-occitana.org\/en\/wp-json\/wp\/v2\/product_brand?post=57834"},{"taxonomy":"product_cat","embeddable":true,"href":"https:\/\/www.libraria-occitana.org\/en\/wp-json\/wp\/v2\/product_cat?post=57834"},{"taxonomy":"product_tag","embeddable":true,"href":"https:\/\/www.libraria-occitana.org\/en\/wp-json\/wp\/v2\/product_tag?post=57834"}],"curies":[{"name":"wp","href":"https:\/\/api.w.org\/{rel}","templated":true}]}}