{"id":57854,"date":"2023-04-17T11:21:32","date_gmt":"2023-04-17T09:21:32","guid":{"rendered":"http:\/\/www.libraria-occitana.org\/product\/petite-histoire-des-troubadours\/"},"modified":"2026-04-29T10:10:10","modified_gmt":"2026-04-29T08:10:10","slug":"petite-histoire-des-troubadours","status":"publish","type":"product","link":"https:\/\/www.libraria-occitana.org\/en\/product\/petite-histoire-des-troubadours\/","title":{"rendered":"Petite Histoire des Troubadours"},"content":{"rendered":"<p>Les troubadours seraient les inventeurs de l\u2019amour courtois. Si c\u2019est l\u00e0 la principale image que l\u2019on se fait d\u2019eux, on ne saurait pourtant r\u00e9duire ces auteurs-compositeurs-interpr\u00e8tes des XIIe et XIIIe si\u00e8cles \u00e0 de simples po\u00e8tes transis, \u00e0 genoux devant leurs dames. Certes, ils chantent l\u2019amour, ses affres et ses joies, mais c\u2019est \u00e9galement en musique qu\u2019ils clament l\u2019adr\u00e9naline ressentie sur le champ de bataille, le m\u00e9pris aristocratique \u00e0 l\u2019encontre des vilains, la moquerie mordante contre les hommes d\u2019\u00c9glise \u2013 notamment pendant et apr\u00e8s la croisade contre les Albigeois \u2013 ; c\u2019est avec vigueur et entrain qu\u2019ils s\u2019\u00e9poumonent \u00e0 d\u00e9fendre les valeurs de leur groupe social, \u00e0 \u00e9duquer leurs semblables en imposant une certaine \u00e9thique, et surtout \u00e0 s\u2019amuser avec virtuosit\u00e9, et non sans humour, des travers de leurs contemporains.<\/p>\n<p>Le monde des troubadours est un univers riche, subtilement disparate, et souvent d\u00e9tonnant. Leurs chansons, de par leur grande diversit\u00e9 de styles, permettent d\u2019appr\u00e9hender tout un pan de la soci\u00e9t\u00e9 dominante au Moyen \u00c2ge ; leurs compositions, hautes en couleurs, constituent une source d\u2019informations tr\u00e8s pr\u00e9cieuse pour entendre et comprendre la voix des femmes et des hommes de ce temps.<\/p>\n","protected":false},"excerpt":{"rendered":"<p>Les troubadours seraient les inventeurs de l\u2019amour courtois. Si c\u2019est l\u00e0 la principale image que l\u2019on se fait d\u2019eux, on ne saurait pourtant r\u00e9duire ces auteurs-compositeurs-interpr\u00e8tes des XIIe et XIIIe si\u00e8cles \u00e0 de simples po\u00e8tes transis, \u00e0 genoux devant leurs dames. Certes, ils chantent l\u2019amour, ses affres et ses joies, mais c\u2019est \u00e9galement en musique [&hellip;]<\/p>\n","protected":false},"featured_media":57852,"template":"","meta":{"_acf_changed":false,"_genesis_hide_title":false,"_genesis_hide_breadcrumbs":false,"_genesis_hide_singular_image":false,"_genesis_hide_footer_widgets":false,"_genesis_custom_body_class":"","_genesis_custom_post_class":"","_genesis_layout":""},"product_brand":[],"product_cat":[7188,7132,7174],"product_tag":[],"class_list":{"0":"post-57854","1":"product","2":"type-product","3":"status-publish","4":"has-post-thumbnail","6":"product_cat-arts-studies-en","7":"product_cat-books","8":"product_cat-literature-en","9":"pa_auteur-mace-laurent-en","10":"pa_editeur-cairn-en","11":"pa_langue-francais-en","12":"entry","14":"first","15":"outofstock","16":"shipping-taxable","17":"purchasable","18":"product-type-simple"},"acf":[],"_links":{"self":[{"href":"https:\/\/www.libraria-occitana.org\/en\/wp-json\/wp\/v2\/product\/57854","targetHints":{"allow":["GET"]}}],"collection":[{"href":"https:\/\/www.libraria-occitana.org\/en\/wp-json\/wp\/v2\/product"}],"about":[{"href":"https:\/\/www.libraria-occitana.org\/en\/wp-json\/wp\/v2\/types\/product"}],"wp:featuredmedia":[{"embeddable":true,"href":"https:\/\/www.libraria-occitana.org\/en\/wp-json\/wp\/v2\/media\/57852"}],"wp:attachment":[{"href":"https:\/\/www.libraria-occitana.org\/en\/wp-json\/wp\/v2\/media?parent=57854"}],"wp:term":[{"taxonomy":"product_brand","embeddable":true,"href":"https:\/\/www.libraria-occitana.org\/en\/wp-json\/wp\/v2\/product_brand?post=57854"},{"taxonomy":"product_cat","embeddable":true,"href":"https:\/\/www.libraria-occitana.org\/en\/wp-json\/wp\/v2\/product_cat?post=57854"},{"taxonomy":"product_tag","embeddable":true,"href":"https:\/\/www.libraria-occitana.org\/en\/wp-json\/wp\/v2\/product_tag?post=57854"}],"curies":[{"name":"wp","href":"https:\/\/api.w.org\/{rel}","templated":true}]}}