{"id":57872,"date":"2017-06-17T14:14:54","date_gmt":"2017-06-17T12:14:54","guid":{"rendered":"http:\/\/www.libraria-occitana.org\/?post_type=product&#038;p=57872"},"modified":"2026-04-29T10:10:02","modified_gmt":"2026-04-29T08:10:02","slug":"vie-et-mort-de-jean-chalosse-moutonnier-des-landes","status":"publish","type":"product","link":"https:\/\/www.libraria-occitana.org\/en\/product\/vie-et-mort-de-jean-chalosse-moutonnier-des-landes\/","title":{"rendered":"Vie et mort de Jean Chalosse moutonnier des Landes"},"content":{"rendered":"<p>Nouvelle \u00e9dition avec une pr\u00e9face par Jean Tucoo Chala.<\/p>\n<p>R\u00e9cit de la vie d\u2019un \u00abmoutonnier\u00bb landais, de ceux qui conduisaient leur troupeau depuis les Pyr\u00e9n\u00e9es jusqu\u2019\u00e0 la Gironde. Ce roman ancr\u00e9 dans le r\u00e9el eut un grand succ\u00e8s critique \u00e0 sa sortie.<\/p>\n<p>Les externes libres qui se rendaient au lyc\u00e9e Michel-Montaigne de Bordeaux en longeant la facult\u00e9 de m\u00e9decine ne pr\u00eataient gu\u00e8re attention \u00e0 cet inconnu, allong\u00e9 \u00e0 l\u2019abri d\u2019une \u00e9troite verri\u00e8re. \u00c0 force de le voir, hiver apr\u00e8s \u00e9t\u00e9, ils ne le voyaient plus. Aucun d\u2019eux n\u2019aurait pu dire qui il \u00e9tait, d\u2019o\u00f9 il venait, ni m\u00eame ce qu\u2019il devint le jour o\u00f9 il disparut. Roger Boussinot pas plus que ses camarades. L\u2019image de ce vieillard insolite, \u00e9chou\u00e9 sur le trottoir de la grande ville, n\u2019a cess\u00e9 de hanter Roger Boussinot. Quarante ans plus tard, en 1976, il tente de r\u00e9pondre aux questions qu\u2019il ne s\u2019est pas pos\u00e9es, adolescent. Il donne un nom \u00e0 cet inconnu : Jean, dit Chalosse ; il imagine sa vie : celle d\u2019un de ces \u00ab moutonniers \u00ab qui, jadis, juch\u00e9s sur des \u00e9chasses, poussaient les troupeaux, de la Gironde aux Pyr\u00e9n\u00e9es, \u00e0 travers des landes encore inviol\u00e9es. Il en a d\u00e9duit les \u00e9v\u00e9nements qui ont conduit sur les marches de la facult\u00e9 de m\u00e9decine de Bordeaux le dernier repr\u00e9sentant d\u2019une civilisation assassin\u00e9e. Grand prix des lectrices de Elleen 1976, ce livre a \u00e9t\u00e9 l\u2019objet d\u2019une adaptation pour la t\u00e9l\u00e9vision quatre ans plus tard. Il a re\u00e7u un accueil tr\u00e8s \u00e9mu du grand public et \u00e9logieux de la critique.<\/p>\n","protected":false},"excerpt":{"rendered":"<p>Nouvelle \u00e9dition avec une pr\u00e9face par Jean Tucoo Chala. R\u00e9cit de la vie d\u2019un \u00abmoutonnier\u00bb landais, de ceux qui conduisaient leur troupeau depuis les Pyr\u00e9n\u00e9es jusqu\u2019\u00e0 la Gironde. Ce roman ancr\u00e9 dans le r\u00e9el eut un grand succ\u00e8s critique \u00e0 sa sortie. Les externes libres qui se rendaient au lyc\u00e9e Michel-Montaigne de Bordeaux en longeant [&hellip;]<\/p>\n","protected":false},"featured_media":57870,"template":"","meta":{"_acf_changed":false,"_genesis_hide_title":false,"_genesis_hide_breadcrumbs":false,"_genesis_hide_singular_image":false,"_genesis_hide_footer_widgets":false,"_genesis_custom_body_class":"","_genesis_custom_post_class":"","_genesis_layout":""},"product_brand":[],"product_cat":[7132,7174,7182,7186],"product_tag":[],"class_list":{"0":"post-57872","1":"product","2":"type-product","3":"status-publish","4":"has-post-thumbnail","6":"product_cat-books","7":"product_cat-literature-en","8":"product_cat-novels-short-stories-en","9":"product_cat-personal-narratives-memoirs-en","10":"pa_auteur-boussinot-roger-en","11":"pa_editeur-cairn-en","12":"pa_langue-francais-en","13":"entry","15":"first","16":"outofstock","17":"shipping-taxable","18":"purchasable","19":"product-type-simple"},"acf":[],"_links":{"self":[{"href":"https:\/\/www.libraria-occitana.org\/en\/wp-json\/wp\/v2\/product\/57872","targetHints":{"allow":["GET"]}}],"collection":[{"href":"https:\/\/www.libraria-occitana.org\/en\/wp-json\/wp\/v2\/product"}],"about":[{"href":"https:\/\/www.libraria-occitana.org\/en\/wp-json\/wp\/v2\/types\/product"}],"wp:featuredmedia":[{"embeddable":true,"href":"https:\/\/www.libraria-occitana.org\/en\/wp-json\/wp\/v2\/media\/57870"}],"wp:attachment":[{"href":"https:\/\/www.libraria-occitana.org\/en\/wp-json\/wp\/v2\/media?parent=57872"}],"wp:term":[{"taxonomy":"product_brand","embeddable":true,"href":"https:\/\/www.libraria-occitana.org\/en\/wp-json\/wp\/v2\/product_brand?post=57872"},{"taxonomy":"product_cat","embeddable":true,"href":"https:\/\/www.libraria-occitana.org\/en\/wp-json\/wp\/v2\/product_cat?post=57872"},{"taxonomy":"product_tag","embeddable":true,"href":"https:\/\/www.libraria-occitana.org\/en\/wp-json\/wp\/v2\/product_tag?post=57872"}],"curies":[{"name":"wp","href":"https:\/\/api.w.org\/{rel}","templated":true}]}}