{"id":57882,"date":"2023-04-17T14:59:44","date_gmt":"2023-04-17T12:59:44","guid":{"rendered":"http:\/\/www.libraria-occitana.org\/?post_type=product&#038;p=57882"},"modified":"2026-04-26T02:12:03","modified_gmt":"2026-04-26T00:12:03","slug":"la-vie-des-cathares-au-xiiie-siecle","status":"publish","type":"product","link":"https:\/\/www.libraria-occitana.org\/en\/product\/la-vie-des-cathares-au-xiiie-siecle\/","title":{"rendered":"La vie des cathares au XIIIe si\u00e8cle"},"content":{"rendered":"<p>Un ouvrage passionnant sur la vie des Cathares au Moyen-\u00c2ge de Ren\u00e9 Nelli : le sp\u00e9cialiste du Catharisme !<\/p>\n<p>Ce livre propose une sorte de film de la vie des Cathares languedociens, de 1200 \u00e0 1350, dans les comt\u00e9s de Toulouse et de Foix et dans les quatre vicomt\u00e9s de Trencavel : Carcassonne, B\u00e9ziers, Albi et N\u00eemes. En effet, c\u2019est dans ces r\u00e9gions, qui furent le th\u00e9\u00e2tre de la fameuse \u00ab Croisade contre les Albigeois \u00bb, qu\u2019on saisit le mieux l\u2019existence et la survie tragique du Catharisme.<\/p>\n<p>Si le Catharisme s\u2019inscrit dans le mouvement de r\u00e9novation \u00e9vang\u00e9lique qui s\u2019est manifest\u00e9 dans toute la Chr\u00e9tient\u00e9 aux XIIe et XIIIe si\u00e8cles, il n\u2019en reste pas moins que les Parfaits professaient l\u2019existence de deux principes antagonistes, in\u00e9gaux en valeur mais \u00e9galement \u00e9ternels, et qu\u2019ils d\u00e9fendaient l\u2019id\u00e9e que le monde est l\u2019\u0153uvre du Diable.<\/p>\n<p>Voil\u00e0 ce qui a marqu\u00e9 la mentalit\u00e9 des Occitans du XIIIe si\u00e8cle. Il en r\u00e9sulte que la vie quotidienne du Cathare fut loin de co\u00efncider avec celle de l\u2019\u00ab homme quelconque \u00bb du Moyen-\u00c2ge, et c\u2019est \u00e0 une v\u00e9ritable d\u00e9couverte des Bonshommes, Parfaits ou \u00ab Croyants \u00bb, que nous invite Ren\u00e9 Nelli.<\/p>\n","protected":false},"excerpt":{"rendered":"<p>Un ouvrage passionnant sur la vie des Cathares au Moyen-\u00c2ge de Ren\u00e9 Nelli : le sp\u00e9cialiste du Catharisme ! Ce livre propose une sorte de film de la vie des Cathares languedociens, de 1200 \u00e0 1350, dans les comt\u00e9s de Toulouse et de Foix et dans les quatre vicomt\u00e9s de Trencavel : Carcassonne, B\u00e9ziers, Albi [&hellip;]<\/p>\n","protected":false},"featured_media":57886,"template":"","meta":{"_acf_changed":false,"_genesis_hide_title":false,"_genesis_hide_breadcrumbs":false,"_genesis_hide_singular_image":false,"_genesis_hide_footer_widgets":false,"_genesis_custom_body_class":"","_genesis_custom_post_class":"","_genesis_layout":""},"product_brand":[],"product_cat":[7132,7148,7160],"product_tag":[],"class_list":{"0":"post-57882","1":"product","2":"type-product","3":"status-publish","4":"has-post-thumbnail","6":"product_cat-books","7":"product_cat-history-geography-en","8":"product_cat-medieval-history-en","9":"pa_auteur-nelli-renat-en","10":"pa_editeur-cairn-en","11":"pa_langue-francais-en","12":"entry","14":"first","15":"instock","16":"shipping-taxable","17":"purchasable","18":"product-type-simple"},"acf":[],"_links":{"self":[{"href":"https:\/\/www.libraria-occitana.org\/en\/wp-json\/wp\/v2\/product\/57882","targetHints":{"allow":["GET"]}}],"collection":[{"href":"https:\/\/www.libraria-occitana.org\/en\/wp-json\/wp\/v2\/product"}],"about":[{"href":"https:\/\/www.libraria-occitana.org\/en\/wp-json\/wp\/v2\/types\/product"}],"wp:featuredmedia":[{"embeddable":true,"href":"https:\/\/www.libraria-occitana.org\/en\/wp-json\/wp\/v2\/media\/57886"}],"wp:attachment":[{"href":"https:\/\/www.libraria-occitana.org\/en\/wp-json\/wp\/v2\/media?parent=57882"}],"wp:term":[{"taxonomy":"product_brand","embeddable":true,"href":"https:\/\/www.libraria-occitana.org\/en\/wp-json\/wp\/v2\/product_brand?post=57882"},{"taxonomy":"product_cat","embeddable":true,"href":"https:\/\/www.libraria-occitana.org\/en\/wp-json\/wp\/v2\/product_cat?post=57882"},{"taxonomy":"product_tag","embeddable":true,"href":"https:\/\/www.libraria-occitana.org\/en\/wp-json\/wp\/v2\/product_tag?post=57882"}],"curies":[{"name":"wp","href":"https:\/\/api.w.org\/{rel}","templated":true}]}}