{"id":58028,"date":"2023-05-12T11:42:24","date_gmt":"2023-05-12T09:42:24","guid":{"rendered":"http:\/\/www.libraria-occitana.org\/product\/dolmens-et-menhirs-de-la-creuse-legendes-et-promenades\/"},"modified":"2026-04-25T02:06:10","modified_gmt":"2026-04-25T00:06:10","slug":"dolmens-et-menhirs-de-la-creuse-legendes-et-promenades","status":"publish","type":"product","link":"https:\/\/www.libraria-occitana.org\/en\/product\/dolmens-et-menhirs-de-la-creuse-legendes-et-promenades\/","title":{"rendered":"Dolmens et menhirs de la Creuse : L\u00e9gendes et promenades"},"content":{"rendered":"<p>La Creuse compte plus de cinquante sites m\u00e9galithiques &#8211; trente-six dolmens et vingt menhirs &#8211; situ\u00e9s sur des sommets, sur des pentes, quelques fois dans les vallons non loin d&#8217;un ruisseau. On peut les d\u00e9couvrir au milieu des prairies, dans des champs cultiv\u00e9s apr\u00e8s les r\u00e9coltes, et dans les bois, l\u00e0 ils s&#8217;habillent souvent d&#8217;un costume de mousses et de lichens. Les uns et les autres sont tout \u00e0 la fois sculptures souvent monumentales et t\u00e9moins pr\u00e9cieux d&#8217;un pass\u00e9 pas si lointain au cours duquel furent invent\u00e9s et d\u00e9velopp\u00e9s la culture et l&#8217;\u00e9levage. Des l\u00e9gendes, que leur pr\u00e9sence \u00e9nigmatique a suscit\u00e9es au cours des si\u00e8cles, leur sont souvent attach\u00e9es. Josette Marteau-Ch\u00e2teau et Beno\u00eet Ch\u00e2teau se proposent de vous entra\u00eener \u00e0 leur d\u00e9couverte et de partager avec plus de deux cents photographies les \u00e9motions, notamment esth\u00e9tiques, que ces monuments leur ont procur\u00e9es.<\/p>\n","protected":false},"excerpt":{"rendered":"<p>La Creuse compte plus de cinquante sites m\u00e9galithiques &#8211; trente-six dolmens et vingt menhirs &#8211; situ\u00e9s sur des sommets, sur des pentes, quelques fois dans les vallons non loin d&#8217;un ruisseau. On peut les d\u00e9couvrir au milieu des prairies, dans des champs cultiv\u00e9s apr\u00e8s les r\u00e9coltes, et dans les bois, l\u00e0 ils s&#8217;habillent souvent d&#8217;un [&hellip;]<\/p>\n","protected":false},"featured_media":58026,"template":"","meta":{"_acf_changed":false,"_genesis_hide_title":false,"_genesis_hide_breadcrumbs":false,"_genesis_hide_singular_image":false,"_genesis_hide_footer_widgets":false,"_genesis_custom_body_class":"","_genesis_custom_post_class":"","_genesis_layout":""},"product_brand":[],"product_cat":[7132,7214,7198,7196,7206],"product_tag":[],"class_list":{"0":"post-58028","1":"product","2":"type-product","3":"status-publish","4":"has-post-thumbnail","6":"product_cat-books","7":"product_cat-built-heritage-en","8":"product_cat-guides-tourism-en","9":"product_cat-nature-tourism-en","10":"product_cat-traditions-heritage-en","11":"pa_auteur-chateau-benoit-en","12":"pa_auteur-marteau-chateau-josette-en","13":"pa_editeur-geste-en","14":"pa_langue-francais-en","15":"entry","17":"first","18":"instock","19":"shipping-taxable","20":"purchasable","21":"product-type-simple"},"acf":[],"_links":{"self":[{"href":"https:\/\/www.libraria-occitana.org\/en\/wp-json\/wp\/v2\/product\/58028","targetHints":{"allow":["GET"]}}],"collection":[{"href":"https:\/\/www.libraria-occitana.org\/en\/wp-json\/wp\/v2\/product"}],"about":[{"href":"https:\/\/www.libraria-occitana.org\/en\/wp-json\/wp\/v2\/types\/product"}],"wp:featuredmedia":[{"embeddable":true,"href":"https:\/\/www.libraria-occitana.org\/en\/wp-json\/wp\/v2\/media\/58026"}],"wp:attachment":[{"href":"https:\/\/www.libraria-occitana.org\/en\/wp-json\/wp\/v2\/media?parent=58028"}],"wp:term":[{"taxonomy":"product_brand","embeddable":true,"href":"https:\/\/www.libraria-occitana.org\/en\/wp-json\/wp\/v2\/product_brand?post=58028"},{"taxonomy":"product_cat","embeddable":true,"href":"https:\/\/www.libraria-occitana.org\/en\/wp-json\/wp\/v2\/product_cat?post=58028"},{"taxonomy":"product_tag","embeddable":true,"href":"https:\/\/www.libraria-occitana.org\/en\/wp-json\/wp\/v2\/product_tag?post=58028"}],"curies":[{"name":"wp","href":"https:\/\/api.w.org\/{rel}","templated":true}]}}