{"id":58034,"date":"2012-09-12T11:53:25","date_gmt":"2012-09-12T09:53:25","guid":{"rendered":"http:\/\/www.libraria-occitana.org\/?post_type=product&#038;p=58034"},"modified":"2026-04-29T06:41:35","modified_gmt":"2026-04-29T04:41:35","slug":"iconographie-et-culte-de-saint-eloi-dans-loccident-medieval","status":"publish","type":"product","link":"https:\/\/www.libraria-occitana.org\/en\/product\/iconographie-et-culte-de-saint-eloi-dans-loccident-medieval\/","title":{"rendered":"Iconographie et culte de saint \u00c9loi dans l&#8217;Occident m\u00e9di\u00e9val"},"content":{"rendered":"<p>Jean-Christophe Masmonteil aborde dans cet ouvrage les repr\u00e9sentations d\u2019\u00c9loi comme orf\u00e8vre, \u00e9v\u00eaque et homme de cour, analysant les images du saint sur tous supports artistiques : peintures murales, enluminures, vitraux, sculptures, orf\u00e8vrerie, enseignes de p\u00e8lerins, etc.<\/p>\n<p>Cette \u00e9tude r\u00e9v\u00e8le ainsi le succ\u00e8s de l\u2019image et du culte de saint \u00c9loi, \u00e0 la fois dans les cultures populaires et les milieux aristocratiques, tout au long du Moyen \u00c2ge et jusqu\u2019\u00e0 l\u2019aube des Temps Modernes.<\/p>\n","protected":false},"excerpt":{"rendered":"<p>Jean-Christophe Masmonteil aborde dans cet ouvrage les repr\u00e9sentations d\u2019\u00c9loi comme orf\u00e8vre, \u00e9v\u00eaque et homme de cour, analysant les images du saint sur tous supports artistiques : peintures murales, enluminures, vitraux, sculptures, orf\u00e8vrerie, enseignes de p\u00e8lerins, etc. Cette \u00e9tude r\u00e9v\u00e8le ainsi le succ\u00e8s de l\u2019image et du culte de saint \u00c9loi, \u00e0 la fois dans les [&hellip;]<\/p>\n","protected":false},"featured_media":58032,"template":"","meta":{"_acf_changed":false,"_genesis_hide_title":false,"_genesis_hide_breadcrumbs":false,"_genesis_hide_singular_image":false,"_genesis_hide_footer_widgets":false,"_genesis_custom_body_class":"","_genesis_custom_post_class":"","_genesis_layout":""},"product_brand":[],"product_cat":[7132,7148,7160,7204],"product_tag":[],"class_list":{"0":"post-58034","1":"product","2":"type-product","3":"status-publish","4":"has-post-thumbnail","6":"product_cat-books","7":"product_cat-history-geography-en","8":"product_cat-medieval-history-en","9":"product_cat-religion-spirituality-en","10":"pa_auteur-masmonteil-jean-christophe-en","11":"pa_editeur-rencontre-avec-le-patrimoine-religieux-en","12":"pa_langue-francais-en","13":"entry","15":"first","16":"outofstock","17":"shipping-taxable","18":"purchasable","19":"product-type-simple"},"acf":[],"_links":{"self":[{"href":"https:\/\/www.libraria-occitana.org\/en\/wp-json\/wp\/v2\/product\/58034","targetHints":{"allow":["GET"]}}],"collection":[{"href":"https:\/\/www.libraria-occitana.org\/en\/wp-json\/wp\/v2\/product"}],"about":[{"href":"https:\/\/www.libraria-occitana.org\/en\/wp-json\/wp\/v2\/types\/product"}],"wp:featuredmedia":[{"embeddable":true,"href":"https:\/\/www.libraria-occitana.org\/en\/wp-json\/wp\/v2\/media\/58032"}],"wp:attachment":[{"href":"https:\/\/www.libraria-occitana.org\/en\/wp-json\/wp\/v2\/media?parent=58034"}],"wp:term":[{"taxonomy":"product_brand","embeddable":true,"href":"https:\/\/www.libraria-occitana.org\/en\/wp-json\/wp\/v2\/product_brand?post=58034"},{"taxonomy":"product_cat","embeddable":true,"href":"https:\/\/www.libraria-occitana.org\/en\/wp-json\/wp\/v2\/product_cat?post=58034"},{"taxonomy":"product_tag","embeddable":true,"href":"https:\/\/www.libraria-occitana.org\/en\/wp-json\/wp\/v2\/product_tag?post=58034"}],"curies":[{"name":"wp","href":"https:\/\/api.w.org\/{rel}","templated":true}]}}