{"id":58101,"date":"2022-12-07T19:52:32","date_gmt":"2022-12-07T18:52:32","guid":{"rendered":"http:\/\/www.libraria-occitana.org\/?post_type=product&#038;p=58101"},"modified":"2026-04-29T05:27:00","modified_gmt":"2026-04-29T03:27:00","slug":"pimpe","status":"publish","type":"product","link":"https:\/\/www.libraria-occitana.org\/en\/product\/pimpe\/","title":{"rendered":"Pimp\u00e9 !"},"content":{"rendered":"<p><strong>Denis Galvier :<\/strong> Chant, fl\u00fbtes, saxo, hautbois, chal\u00e9mie<br \/>\n<strong>Yves Masson :<\/strong> Chant, guitare<br \/>\n<strong>Emmanuel De Gouvello :<\/strong> Basse, ch\u0153urs<br \/>\n<strong>Vivian P\u00e9res :<\/strong> Percussions<\/p>\n<p>Un album de chansons originales pour jeune public.<\/p>\n<p>Depuis plus de 20 ans, Coriandre puis \u00ab Sors les Mains d&#8217;Tes Poches \u00bb accompagnent les Projets P\u00e9dagogiques R\u00e9gionaux d\u2019Occitan, en Languedoc puis en Occitanie. La production de morceaux pour des enregistrements diffus\u00e9s \u00e0 tous les enfants participants aux projets (\u00e0 la fois reprises de morceaux traditionnels et compositions li\u00e9es aux m\u00eames projets) leur a permis de travailler de mani\u00e8re exigeante sur des chansons et des musiques destin\u00e9es aux jeunes publics. Ils ont d\u00e9cid\u00e9 de valoriser ce \u00ab tr\u00e9sor \u00bb et de proc\u00e9der \u00e0 l\u2019enregistrement de cet album.<\/p>\n<p><em>Pimp\u00e9 !<\/em> comporte 13 titres en fran\u00e7ais et occitan, un livret illustr\u00e9 avec les paroles en occitan et la traduction en fran\u00e7ais.<\/p>\n<p><iframe loading=\"lazy\" title=\"YouTube video player\" src=\"https:\/\/www.youtube.com\/embed\/Q9S3CilekOs\" width=\"560\" height=\"315\" frameborder=\"0\" allowfullscreen=\"allowfullscreen\"><\/iframe><\/p>\n<p><strong>Titres :<\/strong><br \/>\n1. Benvenguda (Denis Galvier) 0&#8217;24<br \/>\n2. A cadun son mesti\u00e8r (Denis Galvier \/ Denis Galvier) 2&#8217;30<br \/>\n3. Lo molin (traditionnel \/ Denis Galvier) 3&#8217;28<br \/>\n4. Joan de la Griule (traditionnel) 3&#8217;18<br \/>\n5. Pimp\u00e9 ! (traditionnel) 2&#8217;30<br \/>\n6. Lo forr\u00f3 (Claude Sicre-Vach\u00e9 \/ Heleno Verrissimo de Morges) 2&#8217;34<br \/>\n7. Bota fu\u00f2c &#8211; Dan\u00e7a de l\u2019Ors (Denis Galvier \/ Traditionnel) 4&#8217;07<br \/>\n8. Brandon de la trelha (traditionnel) 4&#8217;41<br \/>\n9. Calenda ven (Denis Galvier \/ Denis Galvier) 3&#8217;54<br \/>\n10. Lo golard (Denis Galvier) 1&#8217;34<br \/>\n11. Farandole d\u2019Esp\u00e9lofit (Denis Galvier \/ Denis Galvier) 4&#8217;31<br \/>\n12. Las bestias del Circ d\u2019\u00d2c (Fabienne Albert \/ Michel Maffrand) 2&#8217;19<br \/>\n13. Fasetz dintrar los artistas (Denis Galvier) 2&#8217;50<\/p>\n","protected":false},"excerpt":{"rendered":"<p>Denis Galvier : Chant, fl\u00fbtes, saxo, hautbois, chal\u00e9mie Yves Masson : Chant, guitare Emmanuel De Gouvello : Basse, ch\u0153urs Vivian P\u00e9res : Percussions Un album de chansons originales pour jeune public. Depuis plus de 20 ans, Coriandre puis \u00ab Sors les Mains d&#8217;Tes Poches \u00bb accompagnent les Projets P\u00e9dagogiques R\u00e9gionaux d\u2019Occitan, en Languedoc puis en [&hellip;]<\/p>\n","protected":false},"featured_media":58099,"template":"","meta":{"_acf_changed":false,"_genesis_hide_title":false,"_genesis_hide_breadcrumbs":false,"_genesis_hide_singular_image":false,"_genesis_hide_footer_widgets":false,"_genesis_custom_body_class":"","_genesis_custom_post_class":"","_genesis_layout":""},"product_brand":[],"product_cat":[7236,7222,7216,7218],"product_tag":[],"class_list":{"0":"post-58101","1":"product","2":"type-product","3":"status-publish","4":"has-post-thumbnail","6":"product_cat-folk-en","7":"product_cat-juvenile-and-teen-en","8":"product_cat-music-en","9":"product_cat-voice-en","10":"pa_auteur-sors-les-mains-dtes-poches-en","11":"pa_editeur-coriandre-en-2","12":"pa_langue-occitan-lengadocian-en","13":"pa_langue-occitan-francais-en","14":"entry","16":"first","17":"instock","18":"shipping-taxable","19":"purchasable","20":"product-type-simple"},"acf":[],"_links":{"self":[{"href":"https:\/\/www.libraria-occitana.org\/en\/wp-json\/wp\/v2\/product\/58101","targetHints":{"allow":["GET"]}}],"collection":[{"href":"https:\/\/www.libraria-occitana.org\/en\/wp-json\/wp\/v2\/product"}],"about":[{"href":"https:\/\/www.libraria-occitana.org\/en\/wp-json\/wp\/v2\/types\/product"}],"wp:featuredmedia":[{"embeddable":true,"href":"https:\/\/www.libraria-occitana.org\/en\/wp-json\/wp\/v2\/media\/58099"}],"wp:attachment":[{"href":"https:\/\/www.libraria-occitana.org\/en\/wp-json\/wp\/v2\/media?parent=58101"}],"wp:term":[{"taxonomy":"product_brand","embeddable":true,"href":"https:\/\/www.libraria-occitana.org\/en\/wp-json\/wp\/v2\/product_brand?post=58101"},{"taxonomy":"product_cat","embeddable":true,"href":"https:\/\/www.libraria-occitana.org\/en\/wp-json\/wp\/v2\/product_cat?post=58101"},{"taxonomy":"product_tag","embeddable":true,"href":"https:\/\/www.libraria-occitana.org\/en\/wp-json\/wp\/v2\/product_tag?post=58101"}],"curies":[{"name":"wp","href":"https:\/\/api.w.org\/{rel}","templated":true}]}}