{"id":58130,"date":"2023-06-09T17:48:42","date_gmt":"2023-06-09T15:48:42","guid":{"rendered":"http:\/\/www.libraria-occitana.org\/?post_type=product&#038;p=58130"},"modified":"2026-04-29T06:01:45","modified_gmt":"2026-04-29T04:01:45","slug":"los-contes-del-grelh-les-contes-du-grillon","status":"publish","type":"product","link":"https:\/\/www.libraria-occitana.org\/en\/product\/los-contes-del-grelh-les-contes-du-grillon\/","title":{"rendered":"Los contes del grelh &#8211; Les contes du grillon"},"content":{"rendered":"<p>\u00ab Vous avez \u00e9t\u00e9 plus nombreux que je ne l&#8217;aurais pens\u00e9 \u00e0 me dire, m&#8217;\u00e9crire ou me faire savoir que <a href=\"http:\/\/www.libraria-occitana.org\/produit\/los-contes-de-lagaca-les-contes-de-la-pie\/\"><em>Les contes de la pie<\/em><\/a> vous avaient plu. Et comme un fait expr\u00e8s, j&#8217;avais encore dans mon tiroir quelques r\u00e9cits de tours et mystifications, et m\u00eame des histoires plus s\u00e9rieuses, recueillies devant la chemin\u00e9e. Donc les voici, car, comme disait mon grand-p\u00e8re, si \u00e7a ne gagne pas, \u00e7a d\u00e9barrasse !<\/p>\n<p>Entre ces nouveaux contes, en plus du grillon du foyer \u00e9videmment, le lien est double, comme vous le noterez ais\u00e9ment : l&#8217;\u00e2me et les fa\u00e7ons de r\u00e9agir de nos anciens p\u00e9rigourdins face \u00e0 quelque chose d&#8217;\u00e9trange, sortant de l&#8217;ordinaire, ou tout \u00e0 fait extraordinaire ; le parler savoureux de ce peuple paysan que j&#8217;entendais et qui me r\u00e9jouissait autrefois dans nos fermes et nos hameaux. \u00bb<\/p>\n","protected":false},"excerpt":{"rendered":"<p>\u00ab Vous avez \u00e9t\u00e9 plus nombreux que je ne l&#8217;aurais pens\u00e9 \u00e0 me dire, m&#8217;\u00e9crire ou me faire savoir que Les contes de la pie vous avaient plu. Et comme un fait expr\u00e8s, j&#8217;avais encore dans mon tiroir quelques r\u00e9cits de tours et mystifications, et m\u00eame des histoires plus s\u00e9rieuses, recueillies devant la chemin\u00e9e. Donc [&hellip;]<\/p>\n","protected":false},"featured_media":58133,"template":"","meta":{"_acf_changed":false,"_genesis_hide_title":false,"_genesis_hide_breadcrumbs":false,"_genesis_hide_singular_image":false,"_genesis_hide_footer_widgets":false,"_genesis_custom_body_class":"","_genesis_custom_post_class":"","_genesis_layout":""},"product_brand":[],"product_cat":[7132,7174,7176],"product_tag":[],"class_list":{"0":"post-58130","1":"product","2":"type-product","3":"status-publish","4":"has-post-thumbnail","6":"product_cat-books","7":"product_cat-literature-en","8":"product_cat-tales-fables-en","9":"pa_auteur-chalmel-patrick-en","10":"pa_editeur-lo-bornat-dau-perigord-en","11":"pa_langue-occitan-lengadocian-en","12":"pa_langue-occitan-francais-en","13":"entry","15":"first","16":"instock","17":"shipping-taxable","18":"purchasable","19":"product-type-simple"},"acf":[],"_links":{"self":[{"href":"https:\/\/www.libraria-occitana.org\/en\/wp-json\/wp\/v2\/product\/58130","targetHints":{"allow":["GET"]}}],"collection":[{"href":"https:\/\/www.libraria-occitana.org\/en\/wp-json\/wp\/v2\/product"}],"about":[{"href":"https:\/\/www.libraria-occitana.org\/en\/wp-json\/wp\/v2\/types\/product"}],"wp:featuredmedia":[{"embeddable":true,"href":"https:\/\/www.libraria-occitana.org\/en\/wp-json\/wp\/v2\/media\/58133"}],"wp:attachment":[{"href":"https:\/\/www.libraria-occitana.org\/en\/wp-json\/wp\/v2\/media?parent=58130"}],"wp:term":[{"taxonomy":"product_brand","embeddable":true,"href":"https:\/\/www.libraria-occitana.org\/en\/wp-json\/wp\/v2\/product_brand?post=58130"},{"taxonomy":"product_cat","embeddable":true,"href":"https:\/\/www.libraria-occitana.org\/en\/wp-json\/wp\/v2\/product_cat?post=58130"},{"taxonomy":"product_tag","embeddable":true,"href":"https:\/\/www.libraria-occitana.org\/en\/wp-json\/wp\/v2\/product_tag?post=58130"}],"curies":[{"name":"wp","href":"https:\/\/api.w.org\/{rel}","templated":true}]}}