{"id":58196,"date":"2023-07-04T17:59:52","date_gmt":"2023-07-04T15:59:52","guid":{"rendered":"http:\/\/www.libraria-occitana.org\/product\/reliquaires-objets-dart-au-coeur-des-ostensions-limousines\/"},"modified":"2026-04-22T21:36:59","modified_gmt":"2026-04-22T19:36:59","slug":"reliquaires-objets-dart-au-coeur-des-ostensions-limousines","status":"publish","type":"product","link":"https:\/\/www.libraria-occitana.org\/en\/product\/reliquaires-objets-dart-au-coeur-des-ostensions-limousines\/","title":{"rendered":"Reliquaires objets d&#8217;art : Au c\u0153ur des Ostensions limousines"},"content":{"rendered":"<p>\u0152uvre collective \u00e0 laquelle ont contribu\u00e9 historiens, historiens de l\u2019art, restaurateurs d\u2019objets d\u2019art et arch\u00e9ologues, ce beau livre se veut une introduction \u00e0 la connaissance des reliquaires, objets tout \u00e0 la fois simples et fascinants, \u00e0 leur histoire et \u00e0 leur diversit\u00e9. Les reliquaires, de forme et de taille variables, ont pour fonction de prot\u00e9ger et de mettre en valeur les reliques d\u2019un saint ainsi conserv\u00e9es dans un \u00e9crin destin\u00e9 et magnifi\u00e9.<\/p>\n<p>Les ostensions septennales limousines \u2013 inscrites dans les pratiques et expressions culturelles du patrimoine immat\u00e9riel de l\u2019UNESCO depuis 2013 \u2013 correspondent \u00e0 un ph\u00e9nom\u00e8ne historique original et populaire. N\u00e9e dans le territoire de l\u2019ancien dioc\u00e8se de Limoges, la pratique de montrer les reliques des saints, tous les sept ans, s\u2019est maintenue dans plusieurs communes du Limousin et alentour, donnant lieu \u00e0 de grandes manifestations processionnelles et festives. \u00c0 cette occasion, le foisonnement du r\u00e9pertoire formel des reliquaires de fabrication limousine appara\u00eet au grand jour, d\u00e9voilant, au-del\u00e0 des savoir-faire des \u00e9mailleurs, une diversit\u00e9 insoup\u00e7onn\u00e9e de l\u2019art de la statuaire, de l\u2019orf\u00e8vrerie et d\u2019autres arts d\u00e9coratifs et sacr\u00e9s.<\/p>\n<p>Les ostensions limousines sortent du domaine strictement cultuel et d\u00e9votionnel propre \u00e0 une religion donn\u00e9e pour entrer, de mani\u00e8re officielle et sauvegard\u00e9e, dans le domaine culturel. Dans ce cadre, la dimension artistique attach\u00e9e aux reliquaires comme patrimoine historique d\u2019une soci\u00e9t\u00e9 prend toute sa valeur.<\/p>\n<p>Ce livre constitue une illustration de cette diversit\u00e9 et de cette richesse exceptionnelles en Limousin, en lien avec le contexte g\u00e9n\u00e9ral de l\u2019\u00e9volution de l\u2019art du reliquaire en Europe, du Moyen \u00c2ge \u00e0 l\u2019\u00e9poque contemporaine, \u00e9voqu\u00e9 par plusieurs chercheurs.<\/p>\n<p>Cet ouvrage collectif r\u00e9alis\u00e9 par l&#8217;association Ostensions septennales limousines &#8211; Patrimoine culturel immat\u00e9riel de l&#8217;humanit\u00e9 s&#8217;adresse tout autant au grand public qu&#8217;aux amateurs et sp\u00e9cialistes d&#8217;objets d&#8217;art et d&#8217;histoire.<br \/>\nTextes de Bernard Berthod, St\u00e9phane Crevat, Christine Descatoire, Alain-Charles Dionnet, Daniel-Odon Hurel, Hadrien Lacoste, Fran\u00e7oise Maison, Jacques Perot, Pascal Texier, Fr\u00e9d\u00e9ric Tixier et Nicolas Vedelago.<\/p>\n","protected":false},"excerpt":{"rendered":"<p>\u0152uvre collective \u00e0 laquelle ont contribu\u00e9 historiens, historiens de l\u2019art, restaurateurs d\u2019objets d\u2019art et arch\u00e9ologues, ce beau livre se veut une introduction \u00e0 la connaissance des reliquaires, objets tout \u00e0 la fois simples et fascinants, \u00e0 leur histoire et \u00e0 leur diversit\u00e9. Les reliquaires, de forme et de taille variables, ont pour fonction de prot\u00e9ger [&hellip;]<\/p>\n","protected":false},"featured_media":58194,"template":"","meta":{"_acf_changed":false,"_genesis_hide_title":false,"_genesis_hide_breadcrumbs":false,"_genesis_hide_singular_image":false,"_genesis_hide_footer_widgets":false,"_genesis_custom_body_class":"","_genesis_custom_post_class":"","_genesis_layout":""},"product_brand":[],"product_cat":[7134,7132,7208,7204,7206],"product_tag":[],"class_list":{"0":"post-58196","1":"product","2":"type-product","3":"status-publish","4":"has-post-thumbnail","6":"product_cat-arts-en","7":"product_cat-books","8":"product_cat-customs-rites-and-beliefs-en","9":"product_cat-religion-spirituality-en","10":"product_cat-traditions-heritage-en","11":"pa_auteur-collectiu-en-2","12":"pa_auteur-maison-francoise-en","13":"pa_editeur-les-ardents-editeurs-en","14":"pa_langue-francais-en","15":"entry","17":"first","18":"instock","19":"shipping-taxable","20":"purchasable","21":"product-type-simple"},"acf":[],"_links":{"self":[{"href":"https:\/\/www.libraria-occitana.org\/en\/wp-json\/wp\/v2\/product\/58196","targetHints":{"allow":["GET"]}}],"collection":[{"href":"https:\/\/www.libraria-occitana.org\/en\/wp-json\/wp\/v2\/product"}],"about":[{"href":"https:\/\/www.libraria-occitana.org\/en\/wp-json\/wp\/v2\/types\/product"}],"wp:featuredmedia":[{"embeddable":true,"href":"https:\/\/www.libraria-occitana.org\/en\/wp-json\/wp\/v2\/media\/58194"}],"wp:attachment":[{"href":"https:\/\/www.libraria-occitana.org\/en\/wp-json\/wp\/v2\/media?parent=58196"}],"wp:term":[{"taxonomy":"product_brand","embeddable":true,"href":"https:\/\/www.libraria-occitana.org\/en\/wp-json\/wp\/v2\/product_brand?post=58196"},{"taxonomy":"product_cat","embeddable":true,"href":"https:\/\/www.libraria-occitana.org\/en\/wp-json\/wp\/v2\/product_cat?post=58196"},{"taxonomy":"product_tag","embeddable":true,"href":"https:\/\/www.libraria-occitana.org\/en\/wp-json\/wp\/v2\/product_tag?post=58196"}],"curies":[{"name":"wp","href":"https:\/\/api.w.org\/{rel}","templated":true}]}}