{"id":58212,"date":"2023-07-04T21:01:25","date_gmt":"2023-07-04T19:01:25","guid":{"rendered":"http:\/\/www.libraria-occitana.org\/?post_type=product&#038;p=58212"},"modified":"2026-04-29T10:24:43","modified_gmt":"2026-04-29T08:24:43","slug":"101-panoramas-points-de-vue-en-limousin-tome-2-la-correze","status":"publish","type":"product","link":"https:\/\/www.libraria-occitana.org\/en\/product\/101-panoramas-points-de-vue-en-limousin-tome-2-la-correze\/","title":{"rendered":"101 panoramas &#038; points de vue en Limousin : Tome 2 La Corr\u00e8ze"},"content":{"rendered":"<p><strong>101 panoramas et points de vue en Corr\u00e8ze pour partir a\u0300 la de\u0301couverte de lieux \u00e9tonnants, secrets, spectaculaires !<\/strong><\/p>\n<p><strong>Partez \u00e0 la d\u00e9couverte de lieux \u00e9tonnants, secrets, spectaculaires\u2026<\/strong><\/p>\n<p>Du gr\u00e8s rouge du<strong>\u00a0Midi corr\u00e9zien<\/strong>\u00a0aux \u00e9paisses for\u00eats de r\u00e9sineux des\u00a0<strong>Agriers<\/strong>, des vergers de pommiers de\u00a0<strong>Lubersac<\/strong>\u00a0aux gorges sombres de la\u00a0<strong>Xaintrie<\/strong>, en passant par les faubourgs escarp\u00e9s de\u00a0<strong>Tulle, Brive ou Uzerche<\/strong>, ces 101 sites vous donnent \u00e0 voir les multiples facettes du patrimoine limousin : ses couleurs, ses odeurs, ses b\u00eates, ses pierres, ses noms\u2026<\/p>\n<p><strong>Une mine extraordinaire d\u2019informations sur l\u2019histoire et la g\u00e9ographie des lieux, avec des vues panoramiques comment\u00e9es qui vous d\u00e9voileront l\u2019incroyable \u00e9tendue de certains horizons : monts Dore, volcans du Cantal, coteaux p\u00e9rigourdins et du Quercy, vall\u00e9es de la Corr\u00e8ze, de la Luz\u00e8ge, de la Dordogne\u2026<\/strong><\/p>\n<p><strong>Pour chacun des 101 sites<\/strong>\u00a0: un descriptif de\u0301taille\u0301 et illustre\u0301, avec les indications pratiques pour s\u2019y rendre, les zones de stationnement des ve\u0301hicules, les dure\u0301es pre\u0301cises des parcours a\u0300 pied, les e\u0301quipements (tables de pique-nique, toilettes, etc.).<\/p>\n<p style=\"text-align: left;\">\u00ab\u00a0Puisse cette liste totalement partiale, et loin d\u2019\u00eatre exhaustive, vous donner \u00e0 comprendre une part d\u2019identit\u00e9 du <strong>Limousin<\/strong>. Puisse-t-elle aussi, dans une certaine mesure, attirer l\u2019attention des d\u00e9cideurs, propri\u00e9taires ou \u00e9lus. Le<strong>\u00a0patrimoine panoramique du Limousin<\/strong>, en ce qu\u2019il met en valeur ses paysages, ses sentiers de randonn\u00e9e et sa qui\u00e9tude, est un v\u00e9ritable atout pour le tourisme et la qualit\u00e9 de vie. \u00bb<\/p>\n<p style=\"text-align: right;\">Lucas Destrem, extrait de la pr\u00e9face du livre<\/p>\n<p><a href=\"http:\/\/www.libraria-occitana.org\/produit\/101-panoramas-points-de-vue-en-limousin-tome-1-la-creuse-la-haute-vienne\/\"><em>101 panoramas &amp; points de vue en Limousin : Tome 1 La Creuse, la Haute-Vienne<\/em><\/a><\/p>\n","protected":false},"excerpt":{"rendered":"<p>101 panoramas et points de vue en Corr\u00e8ze pour partir a\u0300 la de\u0301couverte de lieux \u00e9tonnants, secrets, spectaculaires ! Partez \u00e0 la d\u00e9couverte de lieux \u00e9tonnants, secrets, spectaculaires\u2026 Du gr\u00e8s rouge du\u00a0Midi corr\u00e9zien\u00a0aux \u00e9paisses for\u00eats de r\u00e9sineux des\u00a0Agriers, des vergers de pommiers de\u00a0Lubersac\u00a0aux gorges sombres de la\u00a0Xaintrie, en passant par les faubourgs escarp\u00e9s de\u00a0Tulle, Brive [&hellip;]<\/p>\n","protected":false},"featured_media":58215,"template":"","meta":{"_acf_changed":false,"_genesis_hide_title":false,"_genesis_hide_breadcrumbs":false,"_genesis_hide_singular_image":false,"_genesis_hide_footer_widgets":false,"_genesis_custom_body_class":"","_genesis_custom_post_class":"","_genesis_layout":""},"product_brand":[],"product_cat":[7132,7198,7196],"product_tag":[],"class_list":{"0":"post-58212","1":"product","2":"type-product","3":"status-publish","4":"has-post-thumbnail","6":"product_cat-books","7":"product_cat-guides-tourism-en","8":"product_cat-nature-tourism-en","9":"pa_auteur-destrem-lucas-en","10":"pa_editeur-editions-mon-limousin-en","11":"pa_langue-francais-en","12":"entry","14":"first","15":"instock","16":"shipping-taxable","17":"purchasable","18":"product-type-simple"},"acf":[],"_links":{"self":[{"href":"https:\/\/www.libraria-occitana.org\/en\/wp-json\/wp\/v2\/product\/58212","targetHints":{"allow":["GET"]}}],"collection":[{"href":"https:\/\/www.libraria-occitana.org\/en\/wp-json\/wp\/v2\/product"}],"about":[{"href":"https:\/\/www.libraria-occitana.org\/en\/wp-json\/wp\/v2\/types\/product"}],"wp:featuredmedia":[{"embeddable":true,"href":"https:\/\/www.libraria-occitana.org\/en\/wp-json\/wp\/v2\/media\/58215"}],"wp:attachment":[{"href":"https:\/\/www.libraria-occitana.org\/en\/wp-json\/wp\/v2\/media?parent=58212"}],"wp:term":[{"taxonomy":"product_brand","embeddable":true,"href":"https:\/\/www.libraria-occitana.org\/en\/wp-json\/wp\/v2\/product_brand?post=58212"},{"taxonomy":"product_cat","embeddable":true,"href":"https:\/\/www.libraria-occitana.org\/en\/wp-json\/wp\/v2\/product_cat?post=58212"},{"taxonomy":"product_tag","embeddable":true,"href":"https:\/\/www.libraria-occitana.org\/en\/wp-json\/wp\/v2\/product_tag?post=58212"}],"curies":[{"name":"wp","href":"https:\/\/api.w.org\/{rel}","templated":true}]}}