{"id":58258,"date":"2023-07-13T18:17:52","date_gmt":"2023-07-13T16:17:52","guid":{"rendered":"http:\/\/www.libraria-occitana.org\/?post_type=product&#038;p=58258"},"modified":"2026-04-29T06:36:52","modified_gmt":"2026-04-29T04:36:52","slug":"sonets-sonnets","status":"publish","type":"product","link":"https:\/\/www.libraria-occitana.org\/en\/product\/sonets-sonnets\/","title":{"rendered":"Sonets &#8211; Sonnets"},"content":{"rendered":"<p>En occitan avec une traduction fran\u00e7aise de l&#8217;auteur.<\/p>\n<p>Le recueil pr\u00e9par\u00e9 \u00e0 l&#8217;intention de Jorn par Bernard Manciet, en version bilingue occitane et fran\u00e7aise, permettait enfin d&#8217;acc\u00e9der de plain pied \u00e0 un univers po\u00e9tique qui \u00e9tonne par sa coh\u00e9rence d&#8217;ensemble et son extr\u00eame diversit\u00e9 de d\u00e9tail. Les sonnets \u2013 plus de cent vingt ici rassembl\u00e9s \u2013 par leur forme oblig\u00e9e et l&#8217;infinit\u00e9 des variations que celle-ci paradoxalement favorise, apparaissent comme le c\u0153ur vibrant d&#8217;une \u00e9criture en chemin.<\/p>\n<p>Une voix unique y na\u00eet, s&#8217;y essaie aux innombrables postures du monde et des mots, b\u00e2tit ses propres \u00e9chos et ses palinodies, et n&#8217;en finit pas de provoquer le surgissement des images et des sc\u00e8nes qui la traversent sans rel\u00e2che. Une somme po\u00e9tique qui est avant tout somme de langage incarn\u00e9, p\u00e2te et levain de parole soulev\u00e9s qui \u00e9pousent l&#8217;immensit\u00e9 du grand monde.<\/p>\n<p>Cette r\u00e9\u00e9dition \u00e0 l&#8217;identique de celle de 1996, a \u00e9t\u00e9 soigneusement revue par Guy Latry, infatigable compagnon de l&#8217;\u0153uvre de l&#8217;\u00e9crivain de Sabres et son relecteur attentif.<\/p>\n","protected":false},"excerpt":{"rendered":"<p>En occitan avec une traduction fran\u00e7aise de l&#8217;auteur. Le recueil pr\u00e9par\u00e9 \u00e0 l&#8217;intention de Jorn par Bernard Manciet, en version bilingue occitane et fran\u00e7aise, permettait enfin d&#8217;acc\u00e9der de plain pied \u00e0 un univers po\u00e9tique qui \u00e9tonne par sa coh\u00e9rence d&#8217;ensemble et son extr\u00eame diversit\u00e9 de d\u00e9tail. Les sonnets \u2013 plus de cent vingt ici rassembl\u00e9s [&hellip;]<\/p>\n","protected":false},"featured_media":58264,"template":"","meta":{"_acf_changed":false,"_genesis_hide_title":false,"_genesis_hide_breadcrumbs":false,"_genesis_hide_singular_image":false,"_genesis_hide_footer_widgets":false,"_genesis_custom_body_class":"","_genesis_custom_post_class":"","_genesis_layout":""},"product_brand":[],"product_cat":[7132,7174,7180],"product_tag":[],"class_list":{"0":"post-58258","1":"product","2":"type-product","3":"status-publish","4":"has-post-thumbnail","6":"product_cat-books","7":"product_cat-literature-en","8":"product_cat-poetry-en","9":"pa_auteur-manciet-bernat-manciet-bernard-en","10":"pa_editeur-jorn-en","11":"pa_langue-occitan-gascon-en","12":"pa_langue-occitan-francais-en","13":"entry","15":"first","16":"instock","17":"shipping-taxable","18":"purchasable","19":"product-type-simple"},"acf":[],"_links":{"self":[{"href":"https:\/\/www.libraria-occitana.org\/en\/wp-json\/wp\/v2\/product\/58258","targetHints":{"allow":["GET"]}}],"collection":[{"href":"https:\/\/www.libraria-occitana.org\/en\/wp-json\/wp\/v2\/product"}],"about":[{"href":"https:\/\/www.libraria-occitana.org\/en\/wp-json\/wp\/v2\/types\/product"}],"wp:featuredmedia":[{"embeddable":true,"href":"https:\/\/www.libraria-occitana.org\/en\/wp-json\/wp\/v2\/media\/58264"}],"wp:attachment":[{"href":"https:\/\/www.libraria-occitana.org\/en\/wp-json\/wp\/v2\/media?parent=58258"}],"wp:term":[{"taxonomy":"product_brand","embeddable":true,"href":"https:\/\/www.libraria-occitana.org\/en\/wp-json\/wp\/v2\/product_brand?post=58258"},{"taxonomy":"product_cat","embeddable":true,"href":"https:\/\/www.libraria-occitana.org\/en\/wp-json\/wp\/v2\/product_cat?post=58258"},{"taxonomy":"product_tag","embeddable":true,"href":"https:\/\/www.libraria-occitana.org\/en\/wp-json\/wp\/v2\/product_tag?post=58258"}],"curies":[{"name":"wp","href":"https:\/\/api.w.org\/{rel}","templated":true}]}}