{"id":58273,"date":"2021-12-17T17:51:39","date_gmt":"2021-12-17T16:51:39","guid":{"rendered":"http:\/\/www.libraria-occitana.org\/?post_type=product&#038;p=58273"},"modified":"2026-04-17T05:26:42","modified_gmt":"2026-04-17T03:26:42","slug":"quas-dubert-un-pais-blanc-tu-as-ouvert-un-pays-blanc","status":"publish","type":"product","link":"https:\/\/www.libraria-occitana.org\/en\/product\/quas-dubert-un-pais-blanc-tu-as-ouvert-un-pays-blanc\/","title":{"rendered":"Qu&#8217;as dub\u00e8rt un pa\u00eds blanc &#8211; Tu as ouvert un pays blanc"},"content":{"rendered":"<p>En occitan avec une traduction fran\u00e7aise de l&#8217;auteur.<\/p>\n<p>Ce petit recueil, le deuxi\u00e8me de la m\u00eame autrice publi\u00e9 par Jorn (apr\u00e8s <em>Par\u00e7ans esconuts \/ Territoires cach\u00e9s<\/em>, 2013), comporte deux parties. La premi\u00e8re propose dix-sept po\u00e8mes brefs o\u00f9 continue \u00e0 s&#8217;exprimer le th\u00e8me central de l&#8217;autrice, le rapport au monde physique du corps et de la conscience. Mais \u00e0 ce th\u00e8me, ces po\u00e8mes en ajoutent un autre, lancinant et douloureux, celui de la perte, de l&#8217;absence et du deuil, comme dans le texte intitul\u00e9 \u00ab Ua gauba \/ Un lac \u00bb :<\/p>\n<blockquote>\n<p>L&#8217;avi\u00e9ner n&#8217;ei pas mei qu&#8217;un present iteratiu, escandit per ua dolor sosterrana qui s&#8217;encair\u00e8 au dehens de jo, pesanta com un nin qui refusa de n\u00e8isher, a c\u00f2ps dromilhosa, a c\u00f2ps envadissenta dinc a l&#8217;estofament.<\/p>\n<p>(L&#8217;avenir n&#8217;est plus qu&#8217;un pr\u00e9sent it\u00e9ratif, scand\u00e9 par une douleur souterraine qui s&#8217;est install\u00e9e en moi, lourde comme un enfant qui refuse de na\u00eetre, parfois somnolente, parfois envahissante jusqu&#8217;\u00e0 l&#8217;asphyxie.)<\/p>\n<\/blockquote>\n<p>La seconde partie, <em>Trinitat \/ Trinit\u00e9<\/em>, est une prose po\u00e9tique adress\u00e9e \u00e0 l&#8217;\u00e9poux d\u00e9funt. Quand deux \u00eatres s&#8217;aiment, une troisi\u00e8me instance se constitue : un \u00ab nous \u00bb qui survit \u00e0 la disparition de l&#8217;un de ces deux \u00eatres et habite la conscience du survivant. C&#8217;est ce \u00ab nous \u00bb qu&#8217;essaie de faire exister ce chant fun\u00e8bre, qui devient donc chant de vie, au moins le temps qu&#8217;il dure. Cette fa\u00e7on de vivre le deuil qu&#8217;\u00e9prouve celui, en l&#8217;occurrence celle, qui reste, impose son \u00e9vidence consolatrice, gr\u00e2ce \u00e0 une langue musicale et fluide. On se laisse entra\u00eener par elle et l&#8217;on parvient \u00e0 vaincre la mort, au moins tant que cette musique se fait entendre. N&#8217;est-ce pas l\u00e0, en derni\u00e8re instance, la plus haute mission de la po\u00e9sie ?<\/p>\n","protected":false},"excerpt":{"rendered":"<p>En occitan avec une traduction fran\u00e7aise de l&#8217;auteur. Ce petit recueil, le deuxi\u00e8me de la m\u00eame autrice publi\u00e9 par Jorn (apr\u00e8s Par\u00e7ans esconuts \/ Territoires cach\u00e9s, 2013), comporte deux parties. La premi\u00e8re propose dix-sept po\u00e8mes brefs o\u00f9 continue \u00e0 s&#8217;exprimer le th\u00e8me central de l&#8217;autrice, le rapport au monde physique du corps et de la [&hellip;]<\/p>\n","protected":false},"featured_media":58276,"template":"","meta":{"_acf_changed":false,"_genesis_hide_title":false,"_genesis_hide_breadcrumbs":false,"_genesis_hide_singular_image":false,"_genesis_hide_footer_widgets":false,"_genesis_custom_body_class":"","_genesis_custom_post_class":"","_genesis_layout":""},"product_brand":[],"product_cat":[7132,7174,7180],"product_tag":[],"class_list":{"0":"post-58273","1":"product","2":"type-product","3":"status-publish","4":"has-post-thumbnail","6":"product_cat-books","7":"product_cat-literature-en","8":"product_cat-poetry-en","9":"pa_auteur-estebe-hoursiangou-daniele-en","10":"pa_editeur-jorn-en","11":"pa_langue-occitan-gascon-en","12":"pa_langue-occitan-francais-en","13":"entry","15":"first","16":"instock","17":"shipping-taxable","18":"purchasable","19":"product-type-simple"},"acf":[],"_links":{"self":[{"href":"https:\/\/www.libraria-occitana.org\/en\/wp-json\/wp\/v2\/product\/58273","targetHints":{"allow":["GET"]}}],"collection":[{"href":"https:\/\/www.libraria-occitana.org\/en\/wp-json\/wp\/v2\/product"}],"about":[{"href":"https:\/\/www.libraria-occitana.org\/en\/wp-json\/wp\/v2\/types\/product"}],"wp:featuredmedia":[{"embeddable":true,"href":"https:\/\/www.libraria-occitana.org\/en\/wp-json\/wp\/v2\/media\/58276"}],"wp:attachment":[{"href":"https:\/\/www.libraria-occitana.org\/en\/wp-json\/wp\/v2\/media?parent=58273"}],"wp:term":[{"taxonomy":"product_brand","embeddable":true,"href":"https:\/\/www.libraria-occitana.org\/en\/wp-json\/wp\/v2\/product_brand?post=58273"},{"taxonomy":"product_cat","embeddable":true,"href":"https:\/\/www.libraria-occitana.org\/en\/wp-json\/wp\/v2\/product_cat?post=58273"},{"taxonomy":"product_tag","embeddable":true,"href":"https:\/\/www.libraria-occitana.org\/en\/wp-json\/wp\/v2\/product_tag?post=58273"}],"curies":[{"name":"wp","href":"https:\/\/api.w.org\/{rel}","templated":true}]}}